{"id":3,"date":"2020-12-02T15:47:13","date_gmt":"2020-12-02T14:47:13","guid":{"rendered":"http:\/\/cercleh.cluster023.hosting.ovh.net\/?page_id=3"},"modified":"2025-10-10T09:36:40","modified_gmt":"2025-10-10T07:36:40","slug":"politica-de-privacidad","status":"publish","type":"page","link":"https:\/\/winebusiness.club\/es\/politica-de-privacidad\/","title":{"rendered":"Pol\u00edtica de privacidad"},"content":{"rendered":"<p>[et_pb_section fb_built=\"1\u2033 fullwidth=\"on \" _builder_version=\"4.16\u2033 _module_preset=\"default \" global_colors_info=\"{} \"][et_pb_fullwidth_image src=\"https:\/\/winebusiness.club\/wp-content\/uploads\/2020\/12\/AdobeStock_333984826_NB_comp-scaled-e1607502636381.jpg \" alt=\"cercle economy et grands vins\" title_text=\"cercle economy et grands vins\" _builder_version=\"4.16\u2033 _module_preset=\"default \" height=\"300px \" filter_saturate=\"0% \" global_colors_info=\"{} \"][\/et_pb_fullwidth_image][\/et_pb_section][et_pb_section fb_built=\"1\u2033 _builder_version=\"4.16\u2033 global_colors_info=\"{} \"][et_pb_row _builder_version=\"4.16\u2033 _module_preset=\"default \" global_colors_info=\"{} \"][et_pb_column type=\"4_4\u2033 _builder_version=\"4.16\u2033 _module_preset=\"default \" global_colors_info=\"{} \"][et_pb_code admin_label=\"Flecha\" _builder_version=\"4.16\u2033 _module_preset=\"default \" global_colors_info=\"{} \"][et_pb_code admin_label=\"Flecha\" _builder_version=\"4.16\u2033 _module_preset=\"4.16\u2033 _module_preset=\"default \" max_width=\"0px \" height=\"102px \" custom_css_before=\"content: \";||position: absolute;|top: calc(100% - 25px);|left: -12px;|height: 20px;|width: 20px;||transform: rotate(45deg);||-webkit-transform: rotate(45deg);||border: solid #2E2E2E;||border-width: 0 2px 2px 0; \" border_width_left=\"2px \" global_colors_info=\"{}\"][\/et_pb_code][et_pb_post_title meta=\"off \" featured_image=\"off \" _builder_version=\"4.16\u2033 _module_preset=\"default \" title_font=\"Neue Haas Grotesk 75 Bold|700||||||| \" title_font_size=\"69px \" title_letter_spacing=\"2.07px \" global_colors_info=\"{} \"][\/et_pb_post_title][\/et_pb_column][\/et_pb_row][et_pb_row _builder_version=\"4.16\u2033 background_size=\"initial \" background_position=\"top_left \" background_repeat=\"repeat \" global_colors_info=\"{} \"][et_pb_column type=\"4_4\u2033 _builder_version=\"4.16\u2033 custom_padding=\"|| \" global_colors_info=\"{} \" custom_padding__hover=\"|| \"][et_pb_text _builder_version=\"4.27.0\u2033 _module_preset=\"default \" link_font=\"||||on|||| \" header_2_font=\"|700||||||| \" header_3_font=\"|600||||||| \" hover_enabled=\"0\u2033 global_colors_info=\"{} \" text_line_height__hover_enabled=\"on|desktop \" sticky_enabled=\"0\u2033]<\/p>\n<h2>ART\u00cdCULO 1: DATOS PERSONALES<\/h2>\n<p>&nbsp;<\/p>\n<p>Datos personales recogidos por el Cercle Wine Business a trav\u00e9s de su sitio web <a href=\"https:\/\/winebusiness.club\/es\/\">https:\/\/winebusiness.club<\/a> s\u00f3lo se procesan internamente. En ning\u00fan caso se ceder\u00e1n o vender\u00e1n estos datos a terceros, ni se almacenar\u00e1n en una base de datos para su reutilizaci\u00f3n.<\/p>\n<p>Le Cercle Wine Business conserva los datos recogidos durante un per\u00edodo no superior a 1 a\u00f1o.<\/p>\n<p>La \u00fanica finalidad de los datos de tr\u00e1fico es permitirnos analizar el n\u00famero de visitas a nuestras p\u00e1ginas de informaci\u00f3n para mejorar su contenido. Estas estad\u00edsticas nos permiten identificar las p\u00e1ginas m\u00e1s o menos vistas, las rutas m\u00e1s utilizadas y el n\u00famero de conexiones por d\u00eda y por hora.....<\/p>\n<p>Los datos que recogemos a trav\u00e9s de nuestros formularios de contacto se utilizan para ponernos de nuevo en contacto con usted en el contexto de una relaci\u00f3n comercial.<\/p>\n<p>&nbsp;<\/p>\n<p>&nbsp;<\/p>\n<h3>1.1. RECOGIDA Y TRATAMIENTO DE DATOS PERSONALES<\/h3>\n<p>&nbsp;<\/p>\n<p>Datos recogidos: t\u00edtulo, apellidos, nombre, n\u00famero de tel\u00e9fono, direcci\u00f3n de correo electr\u00f3nico, nombre de su empresa en nuestros distintos formularios (contacto, afiliaci\u00f3n, etc.).<\/p>\n<p>Su direcci\u00f3n IP y su direcci\u00f3n de correo electr\u00f3nico pueden recopilarse a trav\u00e9s de Google Analytics.<\/p>\n<p>Los datos recogidos se destinan a :<\/p>\n<ul style=\"list-style: none;\">\n<li>- Realizar an\u00e1lisis estad\u00edsticos del tr\u00e1fico en el sitio web<\/li>\n<li>- Para volver a contactar con usted en el marco de una relaci\u00f3n comercial.<\/li>\n<\/ul>\n<p>&nbsp;<\/p>\n<p>Tambi\u00e9n podemos utilizar tecnolog\u00edas est\u00e1ndar de Internet, como scripts, p\u00edxeles y redireccionamientos... Los scripts (a veces llamados etiquetas), escritos en javascript, son programas que se ejecutan en su navegador y realizan diversas acciones, como enviar informaci\u00f3n a nuestros servidores. Los scripts tambi\u00e9n pueden crear p\u00edxeles. Los p\u00edxeles (a veces llamados GIF transparentes, GIF claros o web-bugs) son l\u00edneas de c\u00f3digo que muestran una imagen gr\u00e1fica (normalmente invisible) en una p\u00e1gina web o en un correo electr\u00f3nico. Las redirecciones hacen que una p\u00e1gina web est\u00e9 disponible bajo varias direcciones de p\u00e1gina (URL). Cuando un navegador abre una URL de redirecci\u00f3n, se abre una p\u00e1gina con una URL diferente.<\/p>\n<p>&nbsp;<\/p>\n<h3>1.2. DESTINATARIOS DE LOS DATOS PERSONALES<\/h3>\n<p>Los datos est\u00e1n destinados a Cercle Wine Business.<\/p>\n<p>&nbsp;<\/p>\n<h3>1.3. SEGURIDAD Y CONFIDENCIALIDAD DE LOS DATOS<\/h3>\n<p>Cercle Wine Business pone especial cuidado en adoptar todas las medidas que garanticen la protecci\u00f3n, confidencialidad y seguridad de los datos personales que le sean transmitidos, en cumplimiento de las disposiciones legales aplicables.<\/p>\n<p>&nbsp;<\/p>\n<h3>1.4. CONSERVACI\u00d3N DE DATOS<\/h3>\n<p>Los datos personales recogidos se conservar\u00e1n a lo largo de toda la relaci\u00f3n entre usted y Cercle Wine Business durante un per\u00edodo de 12 meses a partir de la finalizaci\u00f3n de dicha relaci\u00f3n. No obstante, los datos podr\u00e1n conservarse y archivarse durante un per\u00edodo m\u00e1s largo para cumplir con una obligaci\u00f3n legal, de conformidad con las disposiciones vigentes (en particular, las establecidas en el C\u00f3digo de Comercio franc\u00e9s, el C\u00f3digo Civil franc\u00e9s y el C\u00f3digo de Consumo franc\u00e9s).<\/p>\n<p>&nbsp;<\/p>\n<h3>1.5. DERECHO DE ACCESO, MODIFICACI\u00d3N, RECTIFICACI\u00d3N, OPOSICI\u00d3N Y SUPRESI\u00d3N DE DATOS PERSONALES<\/h3>\n<p>De conformidad con la ley \"Informatique et libert\u00e9s n\u00b078-17\" de 6 de enero de 1978, usted dispone de un derecho de acceso, modificaci\u00f3n, rectificaci\u00f3n, oposici\u00f3n y supresi\u00f3n de los datos que le conciernen, dirigi\u00e9ndose a Cercle Wine Business. Si Cercle Wine Business lo considera necesario, podr\u00e1 pedirle que confirme su identidad mediante un documento de identidad v\u00e1lido.<\/p>\n<p>- Por escrito a la siguiente direcci\u00f3n<br \/>C\u00edrculo Empresarial del Vino<br \/>4 place de Wagram<br \/>75017 Par\u00eds<br \/>France<\/p>\n<p>- Por correo electr\u00f3nico a esta direcci\u00f3n:<br \/><a href=\"mailto:marylenepetit@winebusiness.club\">marylenepetit@winebusiness.club<\/a><\/p>\n<p>&nbsp;<\/p>\n<p>&nbsp;<\/p>\n<h2>PROPIEDAD INTELECTUAL<\/h2>\n<p>El sitio web <a href=\"https:\/\/winebusiness.club\/es\/\">https:\/\/winebusiness.club<\/a> es propiedad de Cercle Wine Business. Todo el contenido est\u00e1 protegido por derechos de autor y de imagen.<\/p>\n<p>De conformidad con el art\u00edculo L. 122-4 del C\u00f3digo franc\u00e9s de la Propiedad Intelectual, est\u00e1 prohibido reproducir, copiar, modificar, transmitir o distribuir de cualquier forma, incluso parcialmente, en cualquier tipo de soporte, cualquier elemento de este sitio sin la autorizaci\u00f3n expresa y previa de Cercle Wine Business.<\/p>\n<p>Las reproducciones, transmisiones, modificaciones y reutilizaciones, en papel o electr\u00f3nicas, de dicho sitio y de las obras reproducidas en \u00e9l est\u00e1n autorizadas \u00fanicamente para uso personal y privado, de conformidad con las disposiciones del art\u00edculo L 122-5 del C\u00f3digo franc\u00e9s de la Propiedad Intelectual. Estas reproducciones deber\u00e1n indicar claramente la fuente y el autor del sitio y\/o de estas obras multimedia.<\/p>\n<p>Estas reproducciones no podr\u00e1n en ning\u00fan caso perjudicar los derechos de terceros.<\/p>\n<p>Queda terminantemente prohibida la reproducci\u00f3n, transmisi\u00f3n, modificaci\u00f3n o reutilizaci\u00f3n total o parcial del sitio con fines publicitarios, comerciales o informativos.<\/p>\n<p>&nbsp;<\/p>\n<p>&nbsp;<\/p>\n<h2>RESPONSABILIDAD<\/h2>\n<p>&nbsp;<\/p>\n<h3>Enlaces al sitio web winebusiness.club<\/h3>\n<p>&nbsp;<\/p>\n<p>Cercle Wine Business autoriza la creaci\u00f3n de un enlace de hipertexto hacia su sitio, siempre que el enlace se haga desde la p\u00e1gina de inicio del sitio, que aparezca en una nueva ventana (sin uso de marcos) y que la informaci\u00f3n no se utilice con fines comerciales o publicitarios.<\/p>\n<p>Esta autorizaci\u00f3n no se aplica a los sitios web que difundan informaci\u00f3n de car\u00e1cter pornogr\u00e1fico, pol\u00e9mico, racista o xen\u00f3fobo que, en general, pueda herir la sensibilidad de un gran n\u00famero de personas.<\/p>\n<p>Cercle Wine Business se reserva el derecho a solicitar la supresi\u00f3n de un enlace si considera que no se han respetado las normas definidas anteriormente.<\/p>\n<p>&nbsp;<\/p>\n<p>&nbsp;<\/p>\n<h3>Enlaces del sitio web de Cercle Wine Business a otros sitios web<\/h3>\n<p>Dentro del sitio cercleeconomyetgrandsvins.com se han establecido enlaces de hipertexto que conducen a otros sitios. Cercle Wine Business no se hace responsable de su contenido ni de los cambios o actualizaciones que se realicen en ellos.<\/p>\n<p>La informaci\u00f3n sobre la protecci\u00f3n de datos personales s\u00f3lo se aplica a este sitio.<\/p>\n<p>&nbsp;<\/p>\n<p>&nbsp;<\/p>\n<h2>EN GENERAL<\/h2>\n<p>&nbsp;<\/p>\n<p>Cercle Wine Business se esfuerza por ofrecerle informaci\u00f3n fiable y actualizada en este sitio web. No obstante, a pesar de todo el cuidado puesto en ello, el sitio puede contener defectos o errores. Si detecta alguno, le rogamos que nos lo comunique para que podamos corregirlo envi\u00e1ndonos un correo electr\u00f3nico. Todo el contenido est\u00e1 protegido por derechos de autor y de imagen.<\/p>\n<p>De conformidad con el art\u00edculo L. 122-4 del C\u00f3digo franc\u00e9s de la Propiedad Intelectual, est\u00e1 prohibido reproducir, copiar, modificar, transmitir o distribuir de cualquier forma, incluso parcialmente, en cualquier tipo de soporte, cualquier elemento de este sitio sin la autorizaci\u00f3n expresa y previa de Cercle Wine Business.<\/p>\n<p>Las reproducciones, transmisiones, modificaciones y reutilizaciones, en papel o electr\u00f3nicas, de dicho sitio y de las obras reproducidas en \u00e9l est\u00e1n autorizadas \u00fanicamente para uso personal y privado, de conformidad con las disposiciones del art\u00edculo L 122-5 del C\u00f3digo franc\u00e9s de la Propiedad Intelectual. Estas reproducciones deber\u00e1n indicar claramente la fuente y el autor del sitio y\/o de estas obras multimedia.<\/p>\n<p>Estas reproducciones no podr\u00e1n en ning\u00fan caso perjudicar los derechos de terceros.<\/p>\n<p>Queda terminantemente prohibida la reproducci\u00f3n, transmisi\u00f3n, modificaci\u00f3n o reutilizaci\u00f3n total o parcial del sitio con fines publicitarios, comerciales o informativos.<\/p>\n<p>[\/et_pb_text][\/et_pb_column][\/et_pb_row][\/et_pb_section]<\/p>","protected":false},"excerpt":{"rendered":"<p>ART\u00cdCULO 1: DATOS PERSONALES Los datos personales recogidos por Le Cercle Wine Business a trav\u00e9s de su sitio web https:\/\/winebusiness.club se procesan \u00fanicamente a nivel interno. En ning\u00fan caso estos datos son transferidos o vendidos a terceros o almacenados en una base de datos para ser reutilizados. Le Cercle Wine Business conserva los datos recogidos [...]<\/p>","protected":false},"author":1,"featured_media":0,"parent":0,"menu_order":0,"comment_status":"closed","ping_status":"open","template":"","meta":{"_et_pb_use_builder":"on","_et_pb_old_content":"<!-- wp:heading -->\n<h2>Qui sommes-nous&nbsp;?<\/h2>\n<!-- \/wp:heading -->\n\n<!-- wp:paragraph -->\n<p>L\u2019adresse de notre site Web est&nbsp;: https:\/\/cercleh.cluster023.hosting.ovh.net.<\/p>\n<!-- \/wp:paragraph -->\n\n<!-- wp:heading -->\n<h2>Utilisation des donn\u00e9es personnelles collect\u00e9es<\/h2>\n<!-- \/wp:heading -->\n\n<!-- wp:heading {\"level\":3} -->\n<h3>Commentaires<\/h3>\n<!-- \/wp:heading -->\n\n<!-- wp:paragraph -->\n<p>Quand vous laissez un commentaire sur notre site web, les donn\u00e9es inscrites dans le formulaire de commentaire, mais aussi votre adresse IP et l\u2019agent utilisateur de votre navigateur sont collect\u00e9s pour nous aider \u00e0 la d\u00e9tection des commentaires ind\u00e9sirables.<\/p>\n<!-- \/wp:paragraph -->\n\n<!-- wp:paragraph -->\n<p>Une cha\u00eene anonymis\u00e9e cr\u00e9\u00e9e \u00e0 partir de votre adresse de messagerie (\u00e9galement appel\u00e9e hash) peut \u00eatre envoy\u00e9e au service Gravatar pour v\u00e9rifier si vous utilisez ce dernier. Les clauses de confidentialit\u00e9 du service Gravatar sont disponibles ici&nbsp;: https:\/\/automattic.com\/privacy\/. Apr\u00e8s validation de votre commentaire, votre photo de profil sera visible publiquement \u00e0 cot\u00e9 de votre commentaire.<\/p>\n<!-- \/wp:paragraph -->\n\n<!-- wp:heading {\"level\":3} -->\n<h3>M\u00e9dias<\/h3>\n<!-- \/wp:heading -->\n\n<!-- wp:paragraph -->\n<p>Si vous \u00eates un utilisateur ou une utilisatrice enregistr\u00e9\u00b7e et que vous t\u00e9l\u00e9versez des images sur le site web, nous vous conseillons d\u2019\u00e9viter de t\u00e9l\u00e9verser des images contenant des donn\u00e9es EXIF de coordonn\u00e9es GPS. Les visiteurs de votre site web peuvent t\u00e9l\u00e9charger et extraire des donn\u00e9es de localisation depuis ces images.<\/p>\n<!-- \/wp:paragraph -->\n\n<!-- wp:heading {\"level\":3} -->\n<h3>Formulaires de contact<\/h3>\n<!-- \/wp:heading -->\n\n<!-- wp:heading {\"level\":3} -->\n<h3>Cookies<\/h3>\n<!-- \/wp:heading -->\n\n<!-- wp:paragraph -->\n<p>Si vous d\u00e9posez un commentaire sur notre site, il vous sera propos\u00e9 d\u2019enregistrer votre nom, adresse de messagerie et site web dans des cookies. C\u2019est uniquement pour votre confort afin de ne pas avoir \u00e0 saisir ces informations si vous d\u00e9posez un autre commentaire plus tard. Ces cookies expirent au bout d\u2019un an.<\/p>\n<!-- \/wp:paragraph -->\n\n<!-- wp:paragraph -->\n<p>Si vous vous rendez sur la page de connexion, un cookie temporaire sera cr\u00e9\u00e9 afin de d\u00e9terminer si votre navigateur accepte les cookies. Il ne contient pas de donn\u00e9es personnelles et sera supprim\u00e9 automatiquement \u00e0 la fermeture de votre navigateur.<\/p>\n<!-- \/wp:paragraph -->\n\n<!-- wp:paragraph -->\n<p>Lorsque vous vous connecterez, nous mettrons en place un certain nombre de cookies pour enregistrer vos informations de connexion et vos pr\u00e9f\u00e9rences d\u2019\u00e9cran. La dur\u00e9e de vie d\u2019un cookie de connexion est de deux jours, celle d\u2019un cookie d\u2019option d\u2019\u00e9cran est d\u2019un an. Si vous cochez \u00ab&nbsp;Se souvenir de moi&nbsp;\u00bb, votre cookie de connexion sera conserv\u00e9 pendant deux semaines. Si vous vous d\u00e9connectez de votre compte, le cookie de connexion sera effac\u00e9.<\/p>\n<!-- \/wp:paragraph -->\n\n<!-- wp:paragraph -->\n<p>En modifiant ou en publiant une publication, un cookie suppl\u00e9mentaire sera enregistr\u00e9 dans votre navigateur. Ce cookie ne comprend aucune donn\u00e9e personnelle. Il indique simplement l\u2019ID de la publication que vous venez de modifier. Il expire au bout d\u2019un jour.<\/p>\n<!-- \/wp:paragraph -->\n\n<!-- wp:heading {\"level\":3} -->\n<h3>Contenu embarqu\u00e9 depuis d\u2019autres sites<\/h3>\n<!-- \/wp:heading -->\n\n<!-- wp:paragraph -->\n<p>Les articles de ce site peuvent inclure des contenus int\u00e9gr\u00e9s (par exemple des vid\u00e9os, images, articles\u2026). Le contenu int\u00e9gr\u00e9 depuis d\u2019autres sites se comporte de la m\u00eame mani\u00e8re que si le visiteur se rendait sur cet autre site.<\/p>\n<!-- \/wp:paragraph -->\n\n<!-- wp:paragraph -->\n<p>Ces sites web pourraient collecter des donn\u00e9es sur vous, utiliser des cookies, embarquer des outils de suivis tiers, suivre vos interactions avec ces contenus embarqu\u00e9s si vous disposez d\u2019un compte connect\u00e9 sur leur site web.<\/p>\n<!-- \/wp:paragraph -->\n\n<!-- wp:heading {\"level\":3} -->\n<h3>Statistiques et mesures d\u2019audience<\/h3>\n<!-- \/wp:heading -->\n\n<!-- wp:heading -->\n<h2>Utilisation et transmission de vos donn\u00e9es personnelles<\/h2>\n<!-- \/wp:heading -->\n\n<!-- wp:heading -->\n<h2>Dur\u00e9es de stockage de vos donn\u00e9es<\/h2>\n<!-- \/wp:heading -->\n\n<!-- wp:paragraph -->\n<p>Si vous laissez un commentaire, le commentaire et ses m\u00e9tadonn\u00e9es sont conserv\u00e9s ind\u00e9finiment. Cela permet de reconna\u00eetre et approuver automatiquement les commentaires suivants au lieu de les laisser dans la file de mod\u00e9ration.<\/p>\n<!-- \/wp:paragraph -->\n\n<!-- wp:paragraph -->\n<p>Pour les utilisateurs et utilisatrices qui s\u2019inscrivent sur notre site (si cela est possible), nous stockons \u00e9galement les donn\u00e9es personnelles indiqu\u00e9es dans leur profil. Tous les utilisateurs et utilisatrices peuvent voir, modifier ou supprimer leurs informations personnelles \u00e0 tout moment (\u00e0 l\u2019exception de leur nom d\u2019utilisateur\u00b7ice). Les gestionnaires du site peuvent aussi voir et modifier ces informations.<\/p>\n<!-- \/wp:paragraph -->\n\n<!-- wp:heading -->\n<h2>Les droits que vous avez sur vos donn\u00e9es<\/h2>\n<!-- \/wp:heading -->\n\n<!-- wp:paragraph -->\n<p>Si vous avez un compte ou si vous avez laiss\u00e9 des commentaires sur le site, vous pouvez demander \u00e0 recevoir un fichier contenant toutes les donn\u00e9es personnelles que nous poss\u00e9dons \u00e0 votre sujet, incluant celles que vous nous avez fournies. Vous pouvez \u00e9galement demander la suppression des donn\u00e9es personnelles vous concernant. Cela ne prend pas en compte les donn\u00e9es stock\u00e9es \u00e0 des fins administratives, l\u00e9gales ou pour des raisons de s\u00e9curit\u00e9.<\/p>\n<!-- \/wp:paragraph -->\n\n<!-- wp:heading -->\n<h2>Transmission de vos donn\u00e9es personnelles<\/h2>\n<!-- \/wp:heading -->\n\n<!-- wp:paragraph -->\n<p>Les commentaires des visiteurs peuvent \u00eatre v\u00e9rifi\u00e9s \u00e0 l\u2019aide d\u2019un service automatis\u00e9 de d\u00e9tection des commentaires ind\u00e9sirables.<\/p>\n<!-- \/wp:paragraph -->\n\n<!-- wp:heading -->\n<h2>Informations de contact<\/h2>\n<!-- \/wp:heading -->\n\n<!-- wp:heading -->\n<h2>Informations suppl\u00e9mentaires<\/h2>\n<!-- \/wp:heading -->\n\n<!-- wp:heading {\"level\":3} -->\n<h3>Comment nous prot\u00e9geons vos donn\u00e9es<\/h3>\n<!-- \/wp:heading -->\n\n<!-- wp:heading {\"level\":3} -->\n<h3>Proc\u00e9dures mises en \u0153uvre en cas de fuite de donn\u00e9es<\/h3>\n<!-- \/wp:heading -->\n\n<!-- wp:heading {\"level\":3} -->\n<h3>Les services tiers qui nous transmettent des donn\u00e9es<\/h3>\n<!-- \/wp:heading -->\n\n<!-- wp:heading {\"level\":3} -->\n<h3>Op\u00e9rations de marketing automatis\u00e9 et\/ou de profilage r\u00e9alis\u00e9es \u00e0 l\u2019aide des donn\u00e9es personnelles<\/h3>\n<!-- \/wp:heading -->\n\n<!-- wp:heading {\"level\":3} -->\n<h3>Affichage des informations li\u00e9es aux secteurs soumis \u00e0 des r\u00e9gulations sp\u00e9cifiques<\/h3>\n<!-- \/wp:heading -->","_et_gb_content_width":"","footnotes":""},"class_list":["post-3","page","type-page","status-publish","hentry"],"yoast_head":"<!-- This site is optimized with the Yoast SEO plugin v26.1 - https:\/\/yoast.com\/wordpress\/plugins\/seo\/ -->\n<title>Politique de confidentialit\u00e9 - Cercle Wine Business<\/title>\n<meta name=\"robots\" content=\"index, follow, max-snippet:-1, max-image-preview:large, max-video-preview:-1\" \/>\n<link rel=\"canonical\" href=\"https:\/\/winebusiness.club\/es\/politica-de-privacidad\/\" \/>\n<meta property=\"og:locale\" content=\"es_ES\" \/>\n<meta property=\"og:type\" content=\"article\" \/>\n<meta property=\"og:title\" content=\"Politique de confidentialit\u00e9 - Cercle Wine Business\" \/>\n<meta property=\"og:description\" content=\"ARTICLE 1 : DONN\u00c9ES PERSONNELLES &nbsp; Les donn\u00e9es personnelles collect\u00e9es par le Cercle Wine Business via son site https:\/\/winebusiness.club sont uniquement trait\u00e9es en interne. En aucun cas ces donn\u00e9es ne sont c\u00e9d\u00e9es ou vendues \u00e0 des tiers ni stock\u00e9es dans une base de donn\u00e9es pour \u00eatre r\u00e9utilis\u00e9es. Le Cercle Wine Business conserve les donn\u00e9es recueillies [&hellip;]\" \/>\n<meta property=\"og:url\" content=\"https:\/\/winebusiness.club\/es\/politica-de-privacidad\/\" \/>\n<meta property=\"og:site_name\" content=\"Cercle Wine Business\" \/>\n<meta property=\"article:modified_time\" content=\"2025-10-10T07:36:40+00:00\" \/>\n<meta name=\"twitter:card\" content=\"summary_large_image\" \/>\n<meta name=\"twitter:label1\" content=\"Tiempo de lectura\" \/>\n\t<meta name=\"twitter:data1\" content=\"8 minutos\" \/>\n<script type=\"application\/ld+json\" class=\"yoast-schema-graph\">{\"@context\":\"https:\/\/schema.org\",\"@graph\":[{\"@type\":\"WebPage\",\"@id\":\"https:\/\/winebusiness.club\/politique-de-confidentialite\/\",\"url\":\"https:\/\/winebusiness.club\/politique-de-confidentialite\/\",\"name\":\"Politique de confidentialit\u00e9 - Cercle Wine Business\",\"isPartOf\":{\"@id\":\"https:\/\/winebusiness.club\/#website\"},\"datePublished\":\"2020-12-02T14:47:13+00:00\",\"dateModified\":\"2025-10-10T07:36:40+00:00\",\"inLanguage\":\"es\",\"potentialAction\":[{\"@type\":\"ReadAction\",\"target\":[\"https:\/\/winebusiness.club\/politique-de-confidentialite\/\"]}]},{\"@type\":\"WebSite\",\"@id\":\"https:\/\/winebusiness.club\/#website\",\"url\":\"https:\/\/winebusiness.club\/\",\"name\":\"Cercle Wine Business\",\"description\":\"D\u00e9couvrez le  Cercle Wine Business\",\"publisher\":{\"@id\":\"https:\/\/winebusiness.club\/#organization\"},\"potentialAction\":[{\"@type\":\"SearchAction\",\"target\":{\"@type\":\"EntryPoint\",\"urlTemplate\":\"https:\/\/winebusiness.club\/?s={search_term_string}\"},\"query-input\":{\"@type\":\"PropertyValueSpecification\",\"valueRequired\":true,\"valueName\":\"search_term_string\"}}],\"inLanguage\":\"es\"},{\"@type\":\"Organization\",\"@id\":\"https:\/\/winebusiness.club\/#organization\",\"name\":\"Cercle WB\",\"url\":\"https:\/\/winebusiness.club\/\",\"logo\":{\"@type\":\"ImageObject\",\"inLanguage\":\"es\",\"@id\":\"https:\/\/winebusiness.club\/#\/schema\/logo\/image\/\",\"url\":\"https:\/\/winebusiness.club\/wp-content\/uploads\/2022\/04\/gold-logo-v2-2.png\",\"contentUrl\":\"https:\/\/winebusiness.club\/wp-content\/uploads\/2022\/04\/gold-logo-v2-2.png\",\"width\":1512,\"height\":1448,\"caption\":\"Cercle WB\"},\"image\":{\"@id\":\"https:\/\/winebusiness.club\/#\/schema\/logo\/image\/\"}}]}<\/script>\n<!-- \/ Yoast SEO plugin. -->","yoast_head_json":{"title":"Politique de confidentialit\u00e9 - Cercle Wine Business","robots":{"index":"index","follow":"follow","max-snippet":"max-snippet:-1","max-image-preview":"max-image-preview:large","max-video-preview":"max-video-preview:-1"},"canonical":"https:\/\/winebusiness.club\/es\/politica-de-privacidad\/","og_locale":"es_ES","og_type":"article","og_title":"Politique de confidentialit\u00e9 - Cercle Wine Business","og_description":"ARTICLE 1 : DONN\u00c9ES PERSONNELLES &nbsp; Les donn\u00e9es personnelles collect\u00e9es par le Cercle Wine Business via son site https:\/\/winebusiness.club sont uniquement trait\u00e9es en interne. En aucun cas ces donn\u00e9es ne sont c\u00e9d\u00e9es ou vendues \u00e0 des tiers ni stock\u00e9es dans une base de donn\u00e9es pour \u00eatre r\u00e9utilis\u00e9es. Le Cercle Wine Business conserve les donn\u00e9es recueillies [&hellip;]","og_url":"https:\/\/winebusiness.club\/es\/politica-de-privacidad\/","og_site_name":"Cercle Wine Business","article_modified_time":"2025-10-10T07:36:40+00:00","twitter_card":"summary_large_image","twitter_misc":{"Tiempo de lectura":"8 minutos"},"schema":{"@context":"https:\/\/schema.org","@graph":[{"@type":"WebPage","@id":"https:\/\/winebusiness.club\/politique-de-confidentialite\/","url":"https:\/\/winebusiness.club\/politique-de-confidentialite\/","name":"Politique de confidentialit\u00e9 - Cercle Wine Business","isPartOf":{"@id":"https:\/\/winebusiness.club\/#website"},"datePublished":"2020-12-02T14:47:13+00:00","dateModified":"2025-10-10T07:36:40+00:00","inLanguage":"es","potentialAction":[{"@type":"ReadAction","target":["https:\/\/winebusiness.club\/politique-de-confidentialite\/"]}]},{"@type":"WebSite","@id":"https:\/\/winebusiness.club\/#website","url":"https:\/\/winebusiness.club\/","name":"Cercle Wine Business","description":"D\u00e9couvrez le  Cercle Wine Business","publisher":{"@id":"https:\/\/winebusiness.club\/#organization"},"potentialAction":[{"@type":"SearchAction","target":{"@type":"EntryPoint","urlTemplate":"https:\/\/winebusiness.club\/?s={search_term_string}"},"query-input":{"@type":"PropertyValueSpecification","valueRequired":true,"valueName":"search_term_string"}}],"inLanguage":"es"},{"@type":"Organization","@id":"https:\/\/winebusiness.club\/#organization","name":"Cercle WB","url":"https:\/\/winebusiness.club\/","logo":{"@type":"ImageObject","inLanguage":"es","@id":"https:\/\/winebusiness.club\/#\/schema\/logo\/image\/","url":"https:\/\/winebusiness.club\/wp-content\/uploads\/2022\/04\/gold-logo-v2-2.png","contentUrl":"https:\/\/winebusiness.club\/wp-content\/uploads\/2022\/04\/gold-logo-v2-2.png","width":1512,"height":1448,"caption":"Cercle WB"},"image":{"@id":"https:\/\/winebusiness.club\/#\/schema\/logo\/image\/"}}]}},"_links":{"self":[{"href":"https:\/\/winebusiness.club\/es\/wp-json\/wp\/v2\/pages\/3","targetHints":{"allow":["GET"]}}],"collection":[{"href":"https:\/\/winebusiness.club\/es\/wp-json\/wp\/v2\/pages"}],"about":[{"href":"https:\/\/winebusiness.club\/es\/wp-json\/wp\/v2\/types\/page"}],"author":[{"embeddable":true,"href":"https:\/\/winebusiness.club\/es\/wp-json\/wp\/v2\/users\/1"}],"replies":[{"embeddable":true,"href":"https:\/\/winebusiness.club\/es\/wp-json\/wp\/v2\/comments?post=3"}],"version-history":[{"count":11,"href":"https:\/\/winebusiness.club\/es\/wp-json\/wp\/v2\/pages\/3\/revisions"}],"predecessor-version":[{"id":11489,"href":"https:\/\/winebusiness.club\/es\/wp-json\/wp\/v2\/pages\/3\/revisions\/11489"}],"wp:attachment":[{"href":"https:\/\/winebusiness.club\/es\/wp-json\/wp\/v2\/media?parent=3"}],"curies":[{"name":"wp","href":"https:\/\/api.w.org\/{rel}","templated":true}]}}