{"id":26,"date":"2020-12-02T16:11:24","date_gmt":"2020-12-02T15:11:24","guid":{"rendered":"http:\/\/cercleh.cluster023.hosting.ovh.net\/?page_id=26"},"modified":"2025-10-10T11:10:18","modified_gmt":"2025-10-10T09:10:18","slug":"informacion-legal","status":"publish","type":"page","link":"https:\/\/winebusiness.club\/es\/informacion-legal\/","title":{"rendered":"Informaci\u00f3n jur\u00eddica"},"content":{"rendered":"<p>[et_pb_section fb_built=\"1\u2033 fullwidth=\"on \" _builder_version=\"4.16\u2033 _module_preset=\"default \" global_colors_info=\"{} \"][et_pb_fullwidth_image src=\"https:\/\/winebusiness.club\/wp-content\/uploads\/2020\/12\/AdobeStock_333984826_NB_comp-scaled-e1607502636381.jpg \" alt=\"cercle economy et grands vins\" title_text=\"cercle economy et grands vins\" _builder_version=\"4.16\u2033 _module_preset=\"default \" height=\"300px \" filter_saturate=\"0% \" global_colors_info=\"{} \"][\/et_pb_fullwidth_image][\/et_pb_section][et_pb_section fb_built=\"1\u2033 _builder_version=\"4.16\u2033 _module_preset=\"default \" global_colors_info=\"{} \"][et_pb_row admin_label=\"Texto de fondo\" _builder_version=\"4.16\u2033 _module_preset=\"default \" positioning=\"absolute \" position_origin_a=\"top_right \" width=\"100% \" max_width=\"100% \" locked=\"off \" global_colors_info=\"{} \"][et_pb_column type=\"4_4\u2033 _builder_version=\"4.16\u2033 _module_preset=\"default \" global_colors_info=\"{} \"][et_pb_text _builder_version=\"4.16\u2033 _module_preset=\"default \" text_font=\"Neue Haas Grotesk 75 Bold|900||||||| \" text_text_color=\"#f2f2f2\u2033 text_font_size=\"122px \" text_line_height=\"1em \" text_orientation=\"right \" global_colors_info=\"{}\"][\/et_pb_text][\/et_pb_column][\/et_pb_row][et_pb_row _builder_version=\"4.16\u2033 _module_preset=\"default \" global_colors_info=\"{} \"][et_pb_column type=\"4_4\u2033 _builder_version=\"4.16\u2033 _module_preset=\"default \" global_colors_info=\"{} \"][et_pb_code admin_label=\"Flecha\" _builder_version=\"4.16\u2033 _module_preset=\"default \" max_width=\"0px \" height=\"102px \" custom_css_before=\"content: \";||position: absolute;|top: calc(100% - 25px);|left: -12px;|height: 20px;|width: 20px;||transform: rotate(45deg);||-webkit-transform: rotate(45deg);||border: solid #2E2E2E;||border-width: 0 2px 2px 0; \" border_width_left=\"2px \" global_colors_info=\"{}\"][\/et_pb_code][et_pb_post_title meta=\"off \" featured_image=\"off \" _builder_version=\"4.16\u2033 _module_preset=\"default \" title_font=\"Neue Haas Grotesk 75 Bold|700||||||| \" title_font_size=\"69px \" title_letter_spacing=\"2.07px \" global_colors_info=\"{}\"][\/et_pb_post_title][\/et_pb_column][\/et_pb_row][et_pb_row _builder_version=\"4.16\u2033 _module_preset=\"default \" global_colors_info=\"{} \"][et_pb_column type=\"4_4\u2033 _builder_version=\"4.16\u2033 _module_preset=\"default \" global_colors_info=\"{} \"][et_pb_text _builder_version=\"4.27.0\u2033 _module_preset=\"default \" hover_enabled=\"0\u2033 global_colors_info=\"{} \" sticky_enabled=\"0\u2033]<\/p>\n<p><strong>Condiciones de acceso al recinto<\/strong><\/p>\n<p>Nuestros t\u00e9rminos y condiciones se aplican a todos los usuarios o visitantes del sitio. Al acceder o visitar este sitio, usted acepta nuestros t\u00e9rminos y condiciones. Si no las acepta, le rogamos que abandone el sitio ahora mismo.<\/p>\n<p>Protecci\u00f3n de menores: Si usted es menor de la edad legal para consumir alcohol en su pa\u00eds, por favor abandone el sitio ahora.<\/p>\n<p>&nbsp;<\/p>\n<p><strong>Identidad<\/strong><\/p>\n<p>C\u00edrculo Empresarial del Vino<br \/>Nombre de la empresa: Strategy Club<br \/>Direcci\u00f3n: 4 place de Wagram - 75017 Par\u00eds<br \/>Contacto: Tel. +33 (0)1 89 16 84 71<br \/>Sociedad an\u00f3nima con capital de 10.000 euros<br \/>Sirena : 891 727 125 R.C.S. Par\u00eds<br \/>Representante legal: Xavier Delavaud<\/p>\n<p>&nbsp;<\/p>\n<p><strong>Copyright<\/strong><\/p>\n<p>Todo este sitio est\u00e1 protegido por la legislaci\u00f3n francesa sobre derechos de autor y propiedad intelectual. Cualquier copia, representaci\u00f3n o reproducci\u00f3n no autorizada de la totalidad o parte de este sitio o de su informaci\u00f3n es ilegal y constituye una infracci\u00f3n sancionada por las disposiciones del C\u00f3digo de la Propiedad Intelectual franc\u00e9s. Quedan reservados todos los derechos de reproducci\u00f3n, incluidos los documentos descargables y las representaciones fotogr\u00e1ficas. Queda terminantemente prohibida la reproducci\u00f3n total o parcial de este sitio, incluidos los documentos descargables en cualquier soporte, sin la autorizaci\u00f3n expresa de Cercle Wine Business. Los derechos de las fotograf\u00edas tomadas en los eventos de Cercle Wine Business han sido cedidos a Cercle Wine Business por nuestros fot\u00f3grafos oficiales.<\/p>\n<p>&nbsp;<\/p>\n<p><strong>Protecci\u00f3n de marcas y logotipos<\/strong><\/p>\n<p>Toda utilizaci\u00f3n no autorizada de una o varias marcas y\/o logotipos de este sitio es il\u00edcita y constituye una infracci\u00f3n sancionada por las disposiciones del C\u00f3digo de la Propiedad Intelectual franc\u00e9s. La infracci\u00f3n de cualquiera de estos derechos constituye un delito de falsificaci\u00f3n (art. L 335-1 a 335-10 del C\u00f3digo de la Propiedad Intelectual franc\u00e9s).<\/p>\n<p>&nbsp;<\/p>\n<p><strong>Fotos<\/strong><\/p>\n<p>Las fotos de este sitio proceden de diversas fuentes y no pueden reproducirse sin autorizaci\u00f3n.<\/p>\n<p>&nbsp;<\/p>\n<p><strong>Pol\u00edtica de enlaces<\/strong><\/p>\n<p>El establecimiento de un enlace de hipertexto hacia este sitio requiere la autorizaci\u00f3n previa de Cercle Wine Business. Cualquier enlace, incluso impl\u00edcitamente autorizado, deber\u00e1 ser retirado a petici\u00f3n de Cercle Wine Business. En el esp\u00edritu de Internet, los enlaces a otros sitios se proporcionan \u00fanicamente a t\u00edtulo informativo y Cercle Wine Business no se hace responsable de ellos.<\/p>\n<p>Protecci\u00f3n de datos personales - Tecnolog\u00edas de la informaci\u00f3n y libertades civiles<br \/>De conformidad con la ley francesa n\u00ba 78-17, de 6 de enero de 1978, relativa a la inform\u00e1tica, los archivos y las libertades, las personas f\u00edsicas disponen de un derecho de acceso, modificaci\u00f3n, rectificaci\u00f3n y supresi\u00f3n de los datos personales que les conciernan. Si su foto aparece en este sitio y ya no desea que aparezca, la eliminaremos a petici\u00f3n suya.<\/p>\n<p>Para ejercer estos derechos, escr\u00edbanos a : <a href=\"\/es\/pongase-en-contacto-con\/\">P\u00f3ngase en contacto con el C\u00edrculo Empresarial del Vino<\/a><\/p>\n<p>&nbsp;<\/p>\n<p><strong>Dise\u00f1o - alojamiento<\/strong><\/p>\n<p>Dise\u00f1ado por :\u00a0<a href=\"https:\/\/www.agencepulsi.com\" target=\"_blank\" rel=\"noopener noreferrer\">AgencePulsi.com, consultor\u00eda de comunicaci\u00f3n en Reims\u00a0<\/a><\/p>\n<p>Alojamiento: OVH, 2 rue Kellerman 51900 Roubaix, Francia<\/p>\n<p>&nbsp;<\/p>\n<p><strong>Legislaci\u00f3n aplicable - Litigios<\/strong><\/p>\n<p>Las presentes condiciones generales se rigen por la legislaci\u00f3n francesa. En caso de litigio, los tribunales franceses ser\u00e1n los \u00fanicos competentes.<\/p>\n<p>EL CONSUMO ABUSIVO DE ALCOHOL ES PELIGROSO PARA LA SALUD. CONSUMIR CON MODERACI\u00d3N<\/p>\n<p><span>\u00a0<\/span><\/p>\n<p>[et_pb_text][\/et_pb_column][\/et_pb_row][et_pb_row _builder_version=\"4.16\u2033 _module_preset=\"default \" global_colors_info=\"{} \"][et_pb_column type=\"4_4\u2033 _builder_version=\"4.16\u2033 _module_preset=\"default \" global_colors_info=\"{} \"][et_pb_divider _builder_version=\"4.16\u2033 _module_preset=\"default \" global_colors_info=\"{} \"][\/et_pb_divider][\/et_pb_column][\/et_pb_row][\/et_pb_section]<\/p>","protected":false},"excerpt":{"rendered":"<p>Condiciones de acceso al sitio Nuestras condiciones generales se aplican a todos los usuarios o visitantes del sitio. Al acceder o visitar este sitio, usted acepta nuestras condiciones generales. Si no las acepta, le rogamos que abandone el sitio ahora mismo. Protecci\u00f3n de menores: Si no tiene la edad legal para [...]<\/p>","protected":false},"author":1,"featured_media":0,"parent":0,"menu_order":0,"comment_status":"closed","ping_status":"closed","template":"","meta":{"_et_pb_use_builder":"on","_et_pb_old_content":"<!-- wp:divi\/placeholder \/-->","_et_gb_content_width":"","footnotes":""},"class_list":["post-26","page","type-page","status-publish","hentry"],"yoast_head":"<!-- This site is optimized with the Yoast SEO plugin v26.1 - https:\/\/yoast.com\/wordpress\/plugins\/seo\/ -->\n<title>Mentions l\u00e9gales - Cercle Wine Business<\/title>\n<meta name=\"robots\" content=\"index, follow, max-snippet:-1, max-image-preview:large, max-video-preview:-1\" \/>\n<link rel=\"canonical\" href=\"https:\/\/winebusiness.club\/es\/informacion-legal\/\" \/>\n<meta property=\"og:locale\" content=\"es_ES\" \/>\n<meta property=\"og:type\" content=\"article\" \/>\n<meta property=\"og:title\" content=\"Mentions l\u00e9gales - Cercle Wine Business\" \/>\n<meta property=\"og:description\" content=\"Conditions d\u2019acc\u00e8s au site Nos conditions g\u00e9n\u00e9rales s&#039;appliquent \u00e0 tous les utilisateurs ou visiteurs du site. L&#039;acc\u00e8s ou la visite de ce site vaut acceptation pure et simple de nos conditions g\u00e9n\u00e9rales. Si vous les refusez, merci de bien vouloir quitter le site maintenant. Protection des mineurs : Si vous n&#039;avez pas l&#039;\u00e2ge l\u00e9gal pour [&hellip;]\" \/>\n<meta property=\"og:url\" content=\"https:\/\/winebusiness.club\/es\/informacion-legal\/\" \/>\n<meta property=\"og:site_name\" content=\"Cercle Wine Business\" \/>\n<meta property=\"article:modified_time\" content=\"2025-10-10T09:10:18+00:00\" \/>\n<meta name=\"twitter:card\" content=\"summary_large_image\" \/>\n<meta name=\"twitter:label1\" content=\"Tiempo de lectura\" \/>\n\t<meta name=\"twitter:data1\" content=\"5 minutos\" \/>\n<script type=\"application\/ld+json\" class=\"yoast-schema-graph\">{\"@context\":\"https:\/\/schema.org\",\"@graph\":[{\"@type\":\"WebPage\",\"@id\":\"https:\/\/winebusiness.club\/mentions-legales\/\",\"url\":\"https:\/\/winebusiness.club\/mentions-legales\/\",\"name\":\"Mentions l\u00e9gales - Cercle Wine Business\",\"isPartOf\":{\"@id\":\"https:\/\/winebusiness.club\/#website\"},\"datePublished\":\"2020-12-02T15:11:24+00:00\",\"dateModified\":\"2025-10-10T09:10:18+00:00\",\"inLanguage\":\"es\",\"potentialAction\":[{\"@type\":\"ReadAction\",\"target\":[\"https:\/\/winebusiness.club\/mentions-legales\/\"]}]},{\"@type\":\"WebSite\",\"@id\":\"https:\/\/winebusiness.club\/#website\",\"url\":\"https:\/\/winebusiness.club\/\",\"name\":\"Cercle Wine Business\",\"description\":\"D\u00e9couvrez le  Cercle Wine Business\",\"publisher\":{\"@id\":\"https:\/\/winebusiness.club\/#organization\"},\"potentialAction\":[{\"@type\":\"SearchAction\",\"target\":{\"@type\":\"EntryPoint\",\"urlTemplate\":\"https:\/\/winebusiness.club\/?s={search_term_string}\"},\"query-input\":{\"@type\":\"PropertyValueSpecification\",\"valueRequired\":true,\"valueName\":\"search_term_string\"}}],\"inLanguage\":\"es\"},{\"@type\":\"Organization\",\"@id\":\"https:\/\/winebusiness.club\/#organization\",\"name\":\"Cercle WB\",\"url\":\"https:\/\/winebusiness.club\/\",\"logo\":{\"@type\":\"ImageObject\",\"inLanguage\":\"es\",\"@id\":\"https:\/\/winebusiness.club\/#\/schema\/logo\/image\/\",\"url\":\"https:\/\/winebusiness.club\/wp-content\/uploads\/2022\/04\/gold-logo-v2-2.png\",\"contentUrl\":\"https:\/\/winebusiness.club\/wp-content\/uploads\/2022\/04\/gold-logo-v2-2.png\",\"width\":1512,\"height\":1448,\"caption\":\"Cercle WB\"},\"image\":{\"@id\":\"https:\/\/winebusiness.club\/#\/schema\/logo\/image\/\"}}]}<\/script>\n<!-- \/ Yoast SEO plugin. -->","yoast_head_json":{"title":"Mentions l\u00e9gales - Cercle Wine Business","robots":{"index":"index","follow":"follow","max-snippet":"max-snippet:-1","max-image-preview":"max-image-preview:large","max-video-preview":"max-video-preview:-1"},"canonical":"https:\/\/winebusiness.club\/es\/informacion-legal\/","og_locale":"es_ES","og_type":"article","og_title":"Mentions l\u00e9gales - Cercle Wine Business","og_description":"Conditions d\u2019acc\u00e8s au site Nos conditions g\u00e9n\u00e9rales s'appliquent \u00e0 tous les utilisateurs ou visiteurs du site. L'acc\u00e8s ou la visite de ce site vaut acceptation pure et simple de nos conditions g\u00e9n\u00e9rales. Si vous les refusez, merci de bien vouloir quitter le site maintenant. Protection des mineurs : Si vous n'avez pas l'\u00e2ge l\u00e9gal pour [&hellip;]","og_url":"https:\/\/winebusiness.club\/es\/informacion-legal\/","og_site_name":"Cercle Wine Business","article_modified_time":"2025-10-10T09:10:18+00:00","twitter_card":"summary_large_image","twitter_misc":{"Tiempo de lectura":"5 minutos"},"schema":{"@context":"https:\/\/schema.org","@graph":[{"@type":"WebPage","@id":"https:\/\/winebusiness.club\/mentions-legales\/","url":"https:\/\/winebusiness.club\/mentions-legales\/","name":"Mentions l\u00e9gales - Cercle Wine Business","isPartOf":{"@id":"https:\/\/winebusiness.club\/#website"},"datePublished":"2020-12-02T15:11:24+00:00","dateModified":"2025-10-10T09:10:18+00:00","inLanguage":"es","potentialAction":[{"@type":"ReadAction","target":["https:\/\/winebusiness.club\/mentions-legales\/"]}]},{"@type":"WebSite","@id":"https:\/\/winebusiness.club\/#website","url":"https:\/\/winebusiness.club\/","name":"Cercle Wine Business","description":"D\u00e9couvrez le  Cercle Wine Business","publisher":{"@id":"https:\/\/winebusiness.club\/#organization"},"potentialAction":[{"@type":"SearchAction","target":{"@type":"EntryPoint","urlTemplate":"https:\/\/winebusiness.club\/?s={search_term_string}"},"query-input":{"@type":"PropertyValueSpecification","valueRequired":true,"valueName":"search_term_string"}}],"inLanguage":"es"},{"@type":"Organization","@id":"https:\/\/winebusiness.club\/#organization","name":"Cercle WB","url":"https:\/\/winebusiness.club\/","logo":{"@type":"ImageObject","inLanguage":"es","@id":"https:\/\/winebusiness.club\/#\/schema\/logo\/image\/","url":"https:\/\/winebusiness.club\/wp-content\/uploads\/2022\/04\/gold-logo-v2-2.png","contentUrl":"https:\/\/winebusiness.club\/wp-content\/uploads\/2022\/04\/gold-logo-v2-2.png","width":1512,"height":1448,"caption":"Cercle WB"},"image":{"@id":"https:\/\/winebusiness.club\/#\/schema\/logo\/image\/"}}]}},"_links":{"self":[{"href":"https:\/\/winebusiness.club\/es\/wp-json\/wp\/v2\/pages\/26","targetHints":{"allow":["GET"]}}],"collection":[{"href":"https:\/\/winebusiness.club\/es\/wp-json\/wp\/v2\/pages"}],"about":[{"href":"https:\/\/winebusiness.club\/es\/wp-json\/wp\/v2\/types\/page"}],"author":[{"embeddable":true,"href":"https:\/\/winebusiness.club\/es\/wp-json\/wp\/v2\/users\/1"}],"replies":[{"embeddable":true,"href":"https:\/\/winebusiness.club\/es\/wp-json\/wp\/v2\/comments?post=26"}],"version-history":[{"count":17,"href":"https:\/\/winebusiness.club\/es\/wp-json\/wp\/v2\/pages\/26\/revisions"}],"predecessor-version":[{"id":11491,"href":"https:\/\/winebusiness.club\/es\/wp-json\/wp\/v2\/pages\/26\/revisions\/11491"}],"wp:attachment":[{"href":"https:\/\/winebusiness.club\/es\/wp-json\/wp\/v2\/media?parent=26"}],"curies":[{"name":"wp","href":"https:\/\/api.w.org\/{rel}","templated":true}]}}