{"id":20,"date":"2020-12-02T16:10:37","date_gmt":"2020-12-02T15:10:37","guid":{"rendered":"http:\/\/cercleh.cluster023.hosting.ovh.net\/?page_id=20"},"modified":"2026-02-13T16:46:00","modified_gmt":"2026-02-13T15:46:00","slug":"afiliacion","status":"publish","type":"page","link":"https:\/\/winebusiness.club\/es\/afiliacion\/","title":{"rendered":"Afiliaci\u00f3n a Par\u00eds"},"content":{"rendered":"<p>[et_pb_section fb_built=\"1\u2033 fullwidth=\"on \" _builder_version=\"4.16\u2033 _module_preset=\"default \" global_colors_info=\"{} \"][et_pb_fullwidth_image src=\"https:\/\/winebusiness.club\/wp-content\/uploads\/2020\/12\/AdobeStock_333984826_NB_comp-scaled-e1607502636381.jpg \" alt=\"cercle economy et grands vins\" title_text=\"cercle economy et grands vins\" _builder_version=\"4.16\u2033 _module_preset=\"default \" height=\"300px \" filter_saturate=\"0% \" global_colors_info=\"{} \"][\/et_pb_fullwidth_image][\/et_pb_section][et_pb_section fb_built=\"1\u2033 _builder_version=\"4.16\u2033 _module_preset=\"default \" background_image=\"https:\/\/winebusiness.club\/wp-content\/uploads\/2022\/01\/Only-Circle-in-White.png \" global_colors_info=\"{}\"][et_pb_row admin_label=\"Texto de fondo\" _builder_version=\"4.16\u2033 _module_preset=\"default \" positioning=\"absolute \" position_origin_a=\"top_right \" width=\"100% \" max_width=\"100% \" locked=\"off \" global_colors_info=\"{} \"][et_pb_column type=\"4_4\u2033 _builder_version=\"4.16\u2033 _module_preset=\"default \" global_colors_info=\"{} \"][et_pb_text _builder_version=\"4.16\u2033 _module_preset=\"default \" text_font=\"Neue Haas Grotesk 75 Bold|900||||||| \" text_text_color=\"#f2f2f2\u2033 text_font_size=\"122px \" text_line_height=\"1em \" text_orientation=\"right \" text_font_size_tablet= \" \" text_font_size_phone=\"60px \" text_font_size_last_edited=\"on|phone \" global_colors_info=\"{} \"][\/et_pb_text][\/et_pb_column][\/et_pb_row][et_pb_row _builder_version=\"4.16\u2033 _module_preset=\"default \" global_colors_info=\"{} \"][et_pb_column type=\"4_4\u2033 _builder_version=\"4.16\u2033 _module_preset=\"default \" global_colors_info=\"{} \"][et_pb_code admin_label=\"Flecha\" _builder_version=\"4.16\u2033 _module_preset=\"default \" max_width=\"0px \" height=\"102px \" custom_css_before=\"content: \";||position: absolute;|top: calc(100% - 25px);|left: -12px;|height: 20px;|width: 20px;||transform: rotate(45deg);||-webkit-transform: rotate(45deg);||border: solid #2E2E2E;||border-width: 0 2px 2px 0; \" border_width_left=\"2px \" global_colors_info=\"{}\"][\/et_pb_code][et_pb_post_title meta=\"off \" featured_image=\"off \" _builder_version=\"4.16\u2033 _module_preset=\"default \" title_font=\"|700||||||| \" title_font_size=\"69px \" title_letter_spacing=\"2.07px \" title_font_size_tablet=\"69px \" title_font_size_phone=\"30px \" title_font_size_last_edited=\"on|phone \" global_colors_info=\"{}\"][\/et_pb_post_title][et_pb_text _builder_version=\"4.27.0\u2033 _module_preset=\"default \" global_colors_info=\"{} \"][\/et_pb_text][\/et_pb_column][\/et_pb_row][et_pb_row _builder_version=\"4.16\u2033 _module_preset=\"default \" global_colors_info=\"{} \"][et_pb_column type=\"4_4\u2033 _builder_version=\"4.16\u2033 _module_preset=\"default \" global_colors_info=\"{} \"][et_pb_text ul_type=\"none \" _builder_version=\"4.27.0\u2033 _module_preset=\"default \" custom_padding=\"|||0px|| \" global_colors_info=\"{} \"]<\/p>\n<p>Fundado en 1991, el C\u00edrculo Empresarial del Vino cuenta ahora con m\u00e1s de <strong>1.100 directivos de empresas y profesionales aut\u00f3nomos<\/strong> y se re\u00fane todos los meses en los salones del Bristol, el Shangri-La o el Petrossian.<\/p>\n<p>M\u00e1s de 350 personas asisten a las veladas sobre los temas \"Econom\u00eda, gastronom\u00eda y degustaci\u00f3n de grandes vinos\":<\/p>\n<ul>\n<li><strong>18.00 h - Conferencia econ\u00f3mica <\/strong><\/li>\n<li><strong>19.00 h - Sala privada de degustaci\u00f3n de champ\u00e1n y vinos <\/strong><\/li>\n<li><strong>19.45 h - Discursos de los invitados de honor <\/strong><\/li>\n<li><strong>20.45 h - Cena<\/strong> dirigida por <span style=\"font-size: 14px;\">Tony Xu (chef con 1 estrella Michelin) y Simon Havage <\/span><span style=\"font-size: 14px;\">(Chef Ejecutivo del Shangri-La) o Arnaud Faye (Chef Ejecutivo del H\u00f4tel Le Bristol)<\/span><span style=\"font-size: 14px;\">\u00a0combinado con un <\/span><strong style=\"font-size: 14px;\">degustaci\u00f3n de grands crus<\/strong><span style=\"font-size: 14px;\"> con comentarios de los viticultores <strong>Fr\u00e9d\u00e9ric Brochet<\/strong>, <strong>Thomas Andrieu<\/strong> y<\/span><span style=\"font-size: 14px;\">\u00a0<\/span><strong style=\"font-size: 14px;\">Philippe Faure Brac<\/strong><span style=\"font-size: 14px;\">el mejor sumiller del mundo.<\/span><\/li>\n<li><strong>23h00<\/strong> - Cena de clausura<\/li>\n<li><strong>23h15<\/strong>\u00a0- Carr\u00e9 VIP en Castel (15 rue Princesse - Par\u00eds VI)<\/li>\n<\/ul>\n<p>&nbsp;<\/p>\n<p>Le Cercle Wine Business tiene oficinas en Francia (Burdeos, Toulouse, Nantes, Niza, Lille, Tours, Lyon, Marsella, Rennes, Estrasburgo) y en el extranjero (Barcelona, Luxemburgo, Madrid).<\/p>\n<p>[et_pb_text][\/et_pb_column][\/et_pb_row][et_pb_row _builder_version=\"4.16\u2033 _module_preset=\"default \" global_colors_info=\"{} \"][et_pb_column type=\"4_4\u2033 _builder_version=\"4.16\u2033 _module_preset=\"default \" global_colors_info=\"{} \"][et_pb_divider _builder_version=\"4.16\u2033 _module_preset=\"default \" global_colors_info=\"{} \"][\/et_pb_divider][et_pb_text _builder_version=\"4.16\u2033 _module_preset=\"default \" global_colors_info=\"{} \"][\/et_pb_text][\/et_pb_column][\/et_pb_row][\/et_pb_section][et_pb_section fb_built=\"1\u2033 _builder_version=\"4.24.0\u2033 _module_preset=\"default \" background_color=\"#a57c51\u2033 global_colors_info=\"{} \"][et_pb_row _builder_version=\"4.16\u2033 _module_preset=\"default \" global_colors_info=\"{} \"][et_pb_column type=\"4_4\u2033 _builder_version=\"4.16\u2033 _module_preset=\"default \" global_colors_info=\"{} \"][et_pb_text _builder_version=\"4.25.1\u2033 _module_preset=\"default \" header_text_color=\"#ffffff \" header_2_font=\"|700||||||| \" header_2_text_color=\"#ffffff \" header_2_font_size=\"20px \" global_colors_info=\"{} \"]<\/p>\n<h2>HACERSE SOCIO<\/h2>\n<p>[\/et_pb_text][et_pb_text _builder_version=\"4.23.1\u2033 _module_preset=\"default \" text_text_color=\"#ffffff \" custom_padding=\"0px||||| \" global_colors_info=\"{} \"]<\/p>\n<p>Pertenencia al C\u00edrculo Empresarial del Vino<sup>\u00a0<\/sup>est\u00e1 reservado exclusivamente a directivos de empresas y profesionales aut\u00f3nomos. Es imprescindible estar apadrinado y abonar una cuota de inscripci\u00f3n (950 euros sin IVA), y despu\u00e9s suscribirse a una de las tres opciones de abono anual:<\/p>\n<p>[\/et_pb_text][\/et_pb_column][\/et_pb_row][et_pb_row column_structure=\u00a0\u00bb1_2,1_2&Prime; make_equal=\u00a0\u00bbon\u00a0\u00bb _builder_version=\u00a0\u00bb4.21.0&Prime; _module_preset=\u00a0\u00bbdefault\u00a0\u00bb global_colors_info=\u00a0\u00bb{}\u00a0\u00bb][et_pb_column type=\u00a0\u00bb1_2&Prime; _builder_version=\u00a0\u00bb4.16&Prime; _module_preset=\u00a0\u00bbdefault\u00a0\u00bb global_colors_info=\u00a0\u00bb{}\u00a0\u00bb][et_pb_text _builder_version=\u00a0\u00bb4.27.0&Prime; _module_preset=\u00a0\u00bbdefault\u00a0\u00bb text_font_size=\u00a0\u00bb23px\u00a0\u00bb background_color=\u00a0\u00bb#ffffff\u00a0\u00bb custom_margin=\u00a0\u00bb||31px|||\u00a0\u00bb custom_padding=\u00a0\u00bb25px|38px|25px|50px|false|false\u00a0\u00bb hover_enabled=\u00a0\u00bb0&Prime; global_colors_info=\u00a0\u00bb{}\u00a0\u00bb sticky_enabled=\u00a0\u00bb0&Prime;]<\/p>\n<p><strong>\/\/ DUO Par\u00eds :<\/strong><\/p>\n<ul>\n<li>Acceso para 2 personas<\/li>\n<li>8 veladas del C\u00edrculo en Par\u00eds<\/li>\n<li>15 actos\u00b9<\/li>\n<\/ul>\n<p>&nbsp;<\/p>\n<p><strong><\/strong><\/p>\n<p><strong>6 320 \u20ac HT\/an<\/strong><strong><\/strong><strong><\/strong><\/p>\n<p>[\/et_pb_text][\/et_pb_column][et_pb_column type=\u00a0\u00bb1_2&Prime; _builder_version=\u00a0\u00bb4.16&Prime; _module_preset=\u00a0\u00bbdefault\u00a0\u00bb global_colors_info=\u00a0\u00bb{}\u00a0\u00bb][et_pb_text _builder_version=\u00a0\u00bb4.27.0&Prime; _module_preset=\u00a0\u00bbdefault\u00a0\u00bb text_font_size=\u00a0\u00bb23px\u00a0\u00bb background_color=\u00a0\u00bb#ffffff\u00a0\u00bb custom_padding=\u00a0\u00bb0px|38px|25px|50px|false|false\u00a0\u00bb hover_enabled=\u00a0\u00bb0&Prime; global_colors_info=\u00a0\u00bb{}\u00a0\u00bb sticky_enabled=\u00a0\u00bb0&Prime;]<\/p>\n<p><strong><\/strong><\/p>\n<p><strong>\/\/ VIP Par\u00eds :<\/strong><\/p>\n<ul>\n<li>Acceso para 5 personas<\/li>\n<li>8 veladas del C\u00edrculo en Par\u00eds<\/li>\n<li>15 actos\u00b9<\/li>\n<\/ul>\n<p><strong><\/strong><\/p>\n<p><strong><\/strong><\/p>\n<p><strong><br \/>13 800 \u20ac HT\/an<\/strong><strong><\/strong><\/p>\n<p>[\/et_pb_text][\/et_pb_column][\/et_pb_row][et_pb_row column_structure=\"1_2,1_2\u2033 make_equal=\"on \" _builder_version=\"4.21.0\u2033 _module_preset=\"default \" global_colors_info=\"{} \"][et_pb_column type=\"1_2\u2033 _builder_version=\"4.16\u2033 _module_preset=\"default \" global_colors_info=\"{} \"][et_pb_text _builder_version=\"4.27.0\u2033 _module_preset=\"default \" text_font_size=\"23px \" background_color=\"#ffffff \" custom_padding=\"25px|38px|25px|50px|false|false \" hover_enabled=\"0\u2033 global_colors_info=\"{} \" sticky_enabled=\"0\u2033]<\/p>\n<p style=\"text-align: left;\">\/\/<strong> DUO ABIERTO :<\/strong><\/p>\n<ul>\n<li style=\"text-align: left;\">Acceso para 2 personas<\/li>\n<li style=\"text-align: left;\">8 veladas de Cercle en Francia y en el extranjero\u00b2.<\/li>\n<li style=\"text-align: left;\">15 actos\u00b9<\/li>\n<\/ul>\n<p>&nbsp;<\/p>\n<p><strong>6 780 \u20ac HT\/an<\/strong><strong><\/strong><\/p>\n<p>[et_pb_text][\/et_pb_column][et_pb_column type=\"1_2\u2033 _builder_version=\"4.16\u2033 _module_preset=\"default \" global_colors_info=\"{}\"][et_pb_text _builder_version=\"4.27.0\u2033 _module_preset=\"default \" text_font_size=\"23px \" background_color=\"#ffffff \" custom_padding=\"25px|38px|25px|50px|false|false \" hover_enabled=\"0\u2033 global_colors_info=\"{} \" sticky_enabled=\"0\u2033]<\/p>\n<p><strong>\/\/ VIP OPEN :<\/strong><\/p>\n<ul>\n<li>Acceso para 5 personas<\/li>\n<li>8 veladas de Cercle en Francia y en el extranjero\u00b2.<sup> <\/sup><\/li>\n<li>15 actos\u00b9<\/li>\n<\/ul>\n<p>&nbsp;<\/p>\n<p><strong>14 600 \u20ac HT\/an<\/strong><\/p>\n<p>[\/et_pb_text][\/et_pb_column][\/et_pb_row][et_pb_row _builder_version=\u00a0\u00bb4.27.0&Prime; _module_preset=\u00a0\u00bbdefault\u00a0\u00bb global_colors_info=\u00a0\u00bb{}\u00a0\u00bb][et_pb_column type=\u00a0\u00bb4_4&Prime; _builder_version=\u00a0\u00bb4.27.0&Prime; _module_preset=\u00a0\u00bbdefault\u00a0\u00bb global_colors_info=\u00a0\u00bb{}\u00a0\u00bb][et_pb_text _builder_version=\u00a0\u00bb4.27.0&Prime; _module_preset=\u00a0\u00bbdefault\u00a0\u00bb global_colors_info=\u00a0\u00bb{}\u00a0\u00bb]<\/p>\n<p>&nbsp;<\/p>\n<p>&nbsp;<\/p>\n<p>[\/et_pb_text][\/et_pb_column][\/et_pb_row][et_pb_row _builder_version=\u00a0\u00bb4.16&Prime; _module_preset=\u00a0\u00bbdefault\u00a0\u00bb global_colors_info=\u00a0\u00bb{}\u00a0\u00bb][et_pb_column type=\u00a0\u00bb4_4&Prime; _builder_version=\u00a0\u00bb4.16&Prime; _module_preset=\u00a0\u00bbdefault\u00a0\u00bb global_colors_info=\u00a0\u00bb{}\u00a0\u00bb][et_pb_text _builder_version=\u00a0\u00bb4.27.0&Prime; _module_preset=\u00a0\u00bbdefault\u00a0\u00bb text_text_color=\u00a0\u00bb#ffffff\u00a0\u00bb global_colors_info=\u00a0\u00bb{}\u00a0\u00bb]<\/p>\n<p>Independientemente del paquete de afiliaci\u00f3n elegido (DUO, VIP u OPEN), los afiliados pueden invitar a otros hu\u00e9spedes por una cuota fija. <strong>desde 295 euros sin impuestos por persona<\/strong>.<\/p>\n<p>Si desea m\u00e1s informaci\u00f3n sobre la afiliaci\u00f3n <strong>\"Descubrimiento<\/strong>Si desea m\u00e1s informaci\u00f3n sobre esta nueva iniciativa, estrictamente reservada a directivos de empresas de nueva creaci\u00f3n y de empresas muy peque\u00f1as (limitadas a 50 empresas al a\u00f1o), p\u00f3ngase en contacto con: Xavier Delavaud en el 07 69 72 77 44. <span style=\"color: #ffffff;\"><a href=\"mailto:xavierdelavaud@winebusiness.club\" style=\"color: #ffffff;\">xavierdelavaud@winebusiness.club<\/a><\/span><\/p>\n<p>[et_pb_text][\/et_pb_column][\/et_pb_row][et_pb_row _builder_version=\"4.21.0\u2033 _module_preset=\"default \" custom_padding=\"29px||||| \" global_colors_info=\"{}\"][et_pb_column type=\"4_4\u2033 _builder_version=\"4.16\u2033 _module_preset=\"default \" global_colors_info=\"{} \"][et_pb_text _builder_version=\"4.27.0\u2033 _module_preset=\"default \" text_text_color=\"#ffffffff \" text_font_size=\"12px \" global_colors_info=\"{} \"]<\/p>\n<p>\u00b9Conferencias, degustaciones, radios, c\u00f3cteles, firmas de libros, eventos empresariales o de estilo de vida...<br \/>\u00b213 ciudades: Par\u00eds, Burdeos, Toulouse, Nantes, Lille, Lyon, Marsella, Niza, Rennes, Estrasburgo, Tours, Luxemburgo y Barcelona.<\/p>\n<p>[\/et_pb_text][\/et_pb_column][\/et_pb_row][\/et_pb_section][et_pb_section fb_built=\"1\u2033 fullwidth=\"on \" _builder_version=\"4.16\u2033 _module_preset=\"default \" custom_margin=\"50px||50px||false|false \" locked=\"off \" global_colors_info=\"{}\"][et_pb_fullwidth_image src=\"https:\/\/winebusiness.club\/wp-content\/uploads\/2020\/12\/0-1536\u00d71089-1.jpg \" title_text=\"0-1536\u00d71089\u2033 _builder_version=\"4.16\u2033 _module_preset=\"default \" height=\"340px \" filter_saturate=\"0% \" global_colors_info=\"{} \"][\/et_pb_fullwidth_image][\/et_pb_section][et_pb_section fb_built=\"1\u2033 _builder_version=\"4.16\u2033 _module_preset=\"default \" background_enable_color=\"off \" custom_padding=\"0px||0px||false|false \" global_colors_info=\"{} \"][\/et_pb_section]<\/p>","protected":false},"excerpt":{"rendered":"<p>Fond\u00e9 en 1991, le Cercle Wine Business compte plus de 1 100 dirigeants d\u2019entreprise et professions lib\u00e9rales et se r\u00e9unit chaque mois dans les salons du Bristol, du Shangri-La ou du Petrossian. Les soir\u00e9es accueillent plus de 350 personnes autour des th\u00e8mes \u00ab Economie, Gastronomie &amp; D\u00e9gustation de grands vins \u00bb : 18h00 &#8211; Conf\u00e9rence [&hellip;]<\/p>","protected":false},"author":1,"featured_media":0,"parent":0,"menu_order":0,"comment_status":"closed","ping_status":"closed","template":"","meta":{"_et_pb_use_builder":"on","_et_pb_old_content":"<!-- wp:divi\/placeholder \/-->","_et_gb_content_width":"","footnotes":""},"class_list":["post-20","page","type-page","status-publish","hentry"],"yoast_head":"<!-- This site is optimized with the Yoast SEO plugin v26.1 - https:\/\/yoast.com\/wordpress\/plugins\/seo\/ -->\n<title>Adh\u00e9sion Paris - Cercle Wine Business<\/title>\n<meta name=\"robots\" content=\"index, follow, max-snippet:-1, max-image-preview:large, max-video-preview:-1\" \/>\n<link rel=\"canonical\" href=\"https:\/\/winebusiness.club\/es\/afiliacion\/\" \/>\n<meta property=\"og:locale\" content=\"es_ES\" \/>\n<meta property=\"og:type\" content=\"article\" \/>\n<meta property=\"og:title\" content=\"Adh\u00e9sion Paris - Cercle Wine Business\" \/>\n<meta property=\"og:description\" content=\"Fond\u00e9 en 1991, le Cercle Wine Business compte plus de 1 100 dirigeants d\u2019entreprise et professions lib\u00e9rales et se r\u00e9unit chaque mois dans les salons du Bristol, du Shangri-La ou du Petrossian. Les soir\u00e9es accueillent plus de 350 personnes autour des th\u00e8mes \u00ab Economie, Gastronomie &amp; D\u00e9gustation de grands vins \u00bb : 18h00 - Conf\u00e9rence [&hellip;]\" \/>\n<meta property=\"og:url\" content=\"https:\/\/winebusiness.club\/es\/afiliacion\/\" \/>\n<meta property=\"og:site_name\" content=\"Cercle Wine Business\" \/>\n<meta property=\"article:modified_time\" content=\"2026-02-13T15:46:00+00:00\" \/>\n<meta name=\"twitter:card\" content=\"summary_large_image\" \/>\n<meta name=\"twitter:label1\" content=\"Tiempo de lectura\" \/>\n\t<meta name=\"twitter:data1\" content=\"7 minutos\" \/>\n<script type=\"application\/ld+json\" class=\"yoast-schema-graph\">{\"@context\":\"https:\/\/schema.org\",\"@graph\":[{\"@type\":\"WebPage\",\"@id\":\"https:\/\/winebusiness.club\/adhesion\/\",\"url\":\"https:\/\/winebusiness.club\/adhesion\/\",\"name\":\"Adh\u00e9sion Paris - Cercle Wine Business\",\"isPartOf\":{\"@id\":\"https:\/\/winebusiness.club\/#website\"},\"datePublished\":\"2020-12-02T15:10:37+00:00\",\"dateModified\":\"2026-02-13T15:46:00+00:00\",\"inLanguage\":\"es\",\"potentialAction\":[{\"@type\":\"ReadAction\",\"target\":[\"https:\/\/winebusiness.club\/adhesion\/\"]}]},{\"@type\":\"WebSite\",\"@id\":\"https:\/\/winebusiness.club\/#website\",\"url\":\"https:\/\/winebusiness.club\/\",\"name\":\"Cercle Wine Business\",\"description\":\"D\u00e9couvrez le  Cercle Wine Business\",\"publisher\":{\"@id\":\"https:\/\/winebusiness.club\/#organization\"},\"potentialAction\":[{\"@type\":\"SearchAction\",\"target\":{\"@type\":\"EntryPoint\",\"urlTemplate\":\"https:\/\/winebusiness.club\/?s={search_term_string}\"},\"query-input\":{\"@type\":\"PropertyValueSpecification\",\"valueRequired\":true,\"valueName\":\"search_term_string\"}}],\"inLanguage\":\"es\"},{\"@type\":\"Organization\",\"@id\":\"https:\/\/winebusiness.club\/#organization\",\"name\":\"Cercle WB\",\"url\":\"https:\/\/winebusiness.club\/\",\"logo\":{\"@type\":\"ImageObject\",\"inLanguage\":\"es\",\"@id\":\"https:\/\/winebusiness.club\/#\/schema\/logo\/image\/\",\"url\":\"https:\/\/winebusiness.club\/wp-content\/uploads\/2022\/04\/gold-logo-v2-2.png\",\"contentUrl\":\"https:\/\/winebusiness.club\/wp-content\/uploads\/2022\/04\/gold-logo-v2-2.png\",\"width\":1512,\"height\":1448,\"caption\":\"Cercle WB\"},\"image\":{\"@id\":\"https:\/\/winebusiness.club\/#\/schema\/logo\/image\/\"}}]}<\/script>\n<!-- \/ Yoast SEO plugin. -->","yoast_head_json":{"title":"Adh\u00e9sion Paris - Cercle Wine Business","robots":{"index":"index","follow":"follow","max-snippet":"max-snippet:-1","max-image-preview":"max-image-preview:large","max-video-preview":"max-video-preview:-1"},"canonical":"https:\/\/winebusiness.club\/es\/afiliacion\/","og_locale":"es_ES","og_type":"article","og_title":"Adh\u00e9sion Paris - Cercle Wine Business","og_description":"Fond\u00e9 en 1991, le Cercle Wine Business compte plus de 1 100 dirigeants d\u2019entreprise et professions lib\u00e9rales et se r\u00e9unit chaque mois dans les salons du Bristol, du Shangri-La ou du Petrossian. Les soir\u00e9es accueillent plus de 350 personnes autour des th\u00e8mes \u00ab Economie, Gastronomie &amp; D\u00e9gustation de grands vins \u00bb : 18h00 - Conf\u00e9rence [&hellip;]","og_url":"https:\/\/winebusiness.club\/es\/afiliacion\/","og_site_name":"Cercle Wine Business","article_modified_time":"2026-02-13T15:46:00+00:00","twitter_card":"summary_large_image","twitter_misc":{"Tiempo de lectura":"7 minutos"},"schema":{"@context":"https:\/\/schema.org","@graph":[{"@type":"WebPage","@id":"https:\/\/winebusiness.club\/adhesion\/","url":"https:\/\/winebusiness.club\/adhesion\/","name":"Adh\u00e9sion Paris - Cercle Wine Business","isPartOf":{"@id":"https:\/\/winebusiness.club\/#website"},"datePublished":"2020-12-02T15:10:37+00:00","dateModified":"2026-02-13T15:46:00+00:00","inLanguage":"es","potentialAction":[{"@type":"ReadAction","target":["https:\/\/winebusiness.club\/adhesion\/"]}]},{"@type":"WebSite","@id":"https:\/\/winebusiness.club\/#website","url":"https:\/\/winebusiness.club\/","name":"Cercle Wine Business","description":"D\u00e9couvrez le  Cercle Wine Business","publisher":{"@id":"https:\/\/winebusiness.club\/#organization"},"potentialAction":[{"@type":"SearchAction","target":{"@type":"EntryPoint","urlTemplate":"https:\/\/winebusiness.club\/?s={search_term_string}"},"query-input":{"@type":"PropertyValueSpecification","valueRequired":true,"valueName":"search_term_string"}}],"inLanguage":"es"},{"@type":"Organization","@id":"https:\/\/winebusiness.club\/#organization","name":"Cercle WB","url":"https:\/\/winebusiness.club\/","logo":{"@type":"ImageObject","inLanguage":"es","@id":"https:\/\/winebusiness.club\/#\/schema\/logo\/image\/","url":"https:\/\/winebusiness.club\/wp-content\/uploads\/2022\/04\/gold-logo-v2-2.png","contentUrl":"https:\/\/winebusiness.club\/wp-content\/uploads\/2022\/04\/gold-logo-v2-2.png","width":1512,"height":1448,"caption":"Cercle WB"},"image":{"@id":"https:\/\/winebusiness.club\/#\/schema\/logo\/image\/"}}]}},"_links":{"self":[{"href":"https:\/\/winebusiness.club\/es\/wp-json\/wp\/v2\/pages\/20","targetHints":{"allow":["GET"]}}],"collection":[{"href":"https:\/\/winebusiness.club\/es\/wp-json\/wp\/v2\/pages"}],"about":[{"href":"https:\/\/winebusiness.club\/es\/wp-json\/wp\/v2\/types\/page"}],"author":[{"embeddable":true,"href":"https:\/\/winebusiness.club\/es\/wp-json\/wp\/v2\/users\/1"}],"replies":[{"embeddable":true,"href":"https:\/\/winebusiness.club\/es\/wp-json\/wp\/v2\/comments?post=20"}],"version-history":[{"count":86,"href":"https:\/\/winebusiness.club\/es\/wp-json\/wp\/v2\/pages\/20\/revisions"}],"predecessor-version":[{"id":12167,"href":"https:\/\/winebusiness.club\/es\/wp-json\/wp\/v2\/pages\/20\/revisions\/12167"}],"wp:attachment":[{"href":"https:\/\/winebusiness.club\/es\/wp-json\/wp\/v2\/media?parent=20"}],"curies":[{"name":"wp","href":"https:\/\/api.w.org\/{rel}","templated":true}]}}