{"id":1940,"date":"2021-05-05T14:30:32","date_gmt":"2021-05-05T12:30:32","guid":{"rendered":"https:\/\/winebusiness.club\/?page_id=1940"},"modified":"2025-01-29T14:30:27","modified_gmt":"2025-01-29T13:30:27","slug":"empresa","status":"publish","type":"page","link":"https:\/\/winebusiness.club\/es\/empresa\/","title":{"rendered":"Conferencias"},"content":{"rendered":"<p>[et_pb_section fb_built=\"1\u2033 fullwidth=\"on \" _builder_version=\"4.16\u2033 _module_preset=\"default \" global_colors_info=\"{} \"][et_pb_fullwidth_image src=\"https:\/\/winebusiness.club\/wp-content\/uploads\/2020\/12\/AdobeStock_333984826_NB_comp-scaled-e1607502636381.jpg \" alt=\"cercle economy et grands vins\" title_text=\"cercle economy et grands vins\" _builder_version=\"4.16\u2033 _module_preset=\"default \" height=\"300px \" filter_saturate=\"0% \" global_colors_info=\"{} \"][\/et_pb_fullwidth_image][\/et_pb_section][et_pb_section fb_built=\"1\u2033 _builder_version=\"4.16\u2033 _module_preset=\"default \" global_colors_info=\"{} \"][et_pb_row admin_label=\"Texto de fondo\" _builder_version=\"4.16\u2033 _module_preset=\"default \" positioning=\"absolute \" position_origin_a=\"top_right \" width=\"100% \" max_width=\"100% \" locked=\"off \" global_colors_info=\"{} \"][et_pb_column type=\"4_4\u2033 _builder_version=\"4.16\u2033 _module_preset=\"default \" global_colors_info=\"{} \"][et_pb_text disabled_on=\"off|off|off \" _builder_version=\"4.24.0\u2033 _module_preset=\"default \" text_font=\"Ariata Stencil|900||||||| \" text_text_color=\"#f2f2f2\u2033 text_font_size=\"122px \" text_line_height=\"1em \" text_orientation=\"right \" text_font_size_tablet= \" \" text_font_size_phone=\"60px \" text_font_size_last_edited=\"on|phone \" global_colors_info=\"{}\"]<\/p>\n<p>TV<\/p>\n<p>[et_pb_text][\/et_pb_column][\/et_pb_row][et_pb_row _builder_version=\"4.16\u2033 _module_preset=\"default \" global_colors_info=\"{} \"][et_pb_column type=\"4_4\u2033 _builder_version=\"4.16\u2033 _module_preset=\"default \" global_colors_info=\"{} \"][et_pb_code admin_label=\"Flecha\" _builder_version=\"4.16\u2033 _module_preset=\"default \" max_width=\"0px \" height=\"102px \" custom_css_before=\"content: \";||position: absolute;|top: calc(100% - 25px);|left: -12px;|height: 20px;|width: 20px;||transform: rotate(45deg);||-webkit-transform: rotate(45deg);||border: solid #2E2E2E;||border-width: 0 2px 2px 0; \" border_width_left=\"2px \" global_colors_info=\"{}\"][\/et_pb_code][et_pb_post_title meta=\"off \" featured_image=\"off \" _builder_version=\"4.24.0\u2033 _module_preset=\"default \" title_font=\"|900||||||| \" title_font_size=\"69px \" title_letter_spacing=\"2.07px \" title_font_size_tablet= \" \" title_font_size_phone=\"49px \" title_font_size_last_edited=\"on|phone \" global_colors_info=\"{} \"][\/et_pb_post_title][\/et_pb_column][\/et_pb_row][et_pb_row _builder_version=\"4.16\u2033 _module_preset=\"default \" global_colors_info=\"{} \"][et_pb_column type=\"4_4\u2033 _builder_version=\"4.16\u2033 _module_preset=\"default \" global_colors_info=\"{} \"][et_pb_text _builder_version=\"4.16\u2033 _module_preset=\"default \" global_colors_info=\"{} \"]<\/p>\n<p>Vea las conferencias del Cercle WB en el<a href=\"https:\/\/www.youtube.com\/channel\/UC48io8kVh41nq96hUIs-D1w\" title=\"Youtube Alain Marty\">Alain Marty<\/a>.<\/p>\n<p>[\/et_pb_text][\/et_pb_column][\/et_pb_row][et_pb_row column_structure=\"1_3,1_3,1_3\u2033 _builder_version=\"4.16\u2033 _module_preset=\"default \" global_colors_info=\"{} \"][et_pb_column type=\"1_3\u2033 _builder_version=\"4.16\u2033 _module_preset=\"default \" global_colors_info=\"{} \"][et_pb_text _builder_version=\"4.27.0\u2033 _module_preset=\"default \" custom_margin=\"||73px|||| \" custom_padding=\"||0px|||| \" global_colors_info=\"{} \"]<\/p>\n<p><b>Conferencia en colaboraci\u00f3n con BNP Paribas Banque Priv\u00e9e<\/b><\/p>\n<p>[\/et_pb_text][et_pb_image src=\"https:\/\/winebusiness.club\/wp-content\/uploads\/2025\/01\/logo_bnp.png \" title_text=\"logo_bnp \" align=\"center \" _builder_version=\"4.27.0\u2033 _module_preset=\"default \" width=\"55% \" custom_margin=\"0px||41px||false|false \" hover_enabled=\"0\u2033 global_colors_info=\"{} \" sticky_enabled=\"0\u2033][\/et_pb_image][et_pb_icon font_icon=\"\ue0a3||divi||400\u2033 icon_color=\"#ff3f3f \" url=\"https:\/\/www.youtube.com\/watch?v=4_4jFOz6Fz4&amp;list=PLFwhPpwyrqpR0VnO6oNSa9q8cxcJsI5wF&amp;index=29&amp;t=385s \u00bb _builder_version= \u00bb4.27.0\u2033 _module_preset=\"default \" transform_scale=\"74%|74% \" global_colors_info=\"{} \"][\/et_pb_icon][\/et_pb_column][et_pb_column type=\"1_3\u2033 _builder_version=\"4.16\u2033 _module_preset=\"default \" global_colors_info=\"{} \"][et_pb_text _builder_version=\"4.27.0\u2033 _module_preset=\"default \" custom_padding=\"||0px|||| \" global_colors_info=\"{} \"]<\/p>\n<p><b>Conferencia en colaboraci\u00f3n con ManpowerGroup<\/b><\/p>\n<p>[\/et_pb_text][et_pb_image src=\"https:\/\/winebusiness.club\/wp-content\/uploads\/2025\/01\/mg_be_logo_ss_stk_mc_rgb.png \" title_text=\"MG_BE_Logo_SS_STK_MC_RGB \" align=\"center \" _builder_version=\"4.27.0\u2033 _module_preset=\"default \" width=\"55% \" custom_margin=\"0px||7px||false|false \" custom_padding=\"||||false|false \" global_colors_info=\"{}\"][\/et_pb_image][et_pb_icon font_icon=\"\ue0a3||divi||400\u2033 icon_color=\"#ff3f3f \" url=\"https:\/\/www.youtube.com\/watch?v=09jnXG3K_10&amp;list=PLFwhPpwyrqpR0VnO6oNSa9q8cxcJsI5wF&amp;index=26\u2033 _builder_version=\"4.27.0\u2033 _module_preset=\"default \" transform_scale=\"74%|74% \" custom_padding=\"18px||||| \" global_colors_info=\"{}\"][\/et_pb_icon][\/et_pb_column][et_pb_column type=\"1_3\u2033 _builder_version=\"4.16\u2033 _module_preset=\"default \" global_colors_info=\"{} \"][et_pb_text _builder_version=\"4.27.0\u2033 _module_preset=\"default \" custom_margin=\"||5px|||| \" custom_padding=\"||0px|||| \" global_colors_info=\"{} \"]<\/p>\n<p><b>Conferencia en colaboraci\u00f3n con la Regi\u00f3n de Hauts-de-France<\/b><\/p>\n<p><b> <\/b><\/p>\n<p><b><\/b><\/p>\n<p>[\/et_pb_text][et_pb_image src=\"https:\/\/winebusiness.club\/wp-content\/uploads\/2025\/01\/logo-hdf-visu-web-scaled-1.jpg \" title_text=\"logo-HdF-visu-web-scaled \" align=\"center \" _builder_version=\"4.27.0\u2033 _module_preset=\"default \" width=\"53% \" module_alignment=\"center \" custom_margin=\"0px||23px|66px|false|false \" custom_padding= \"||||false|false\" global_colors_info=\"{}\"][\/et_pb_image][et_pb_icon font_icon=\"\ue0a3||divi||400\u2033 icon_color=\"#ff3f3f\" url=\"https:\/\/www.youtube.com\/watch?v=v9KKbJ_ZPSc&amp;list=PLFwhPpwyrqpR0VnO6oNSa9q8cxcJsI5wF&amp;index=20&amp;t=59s \" _builder_version=\"4.27.0\u2033 _module_preset=\"default \" transform_scale=\"74%|74% \" global_colors_info=\"{} \"][\/et_pb_icon][\/et_pb_column][\/et_pb_row][et_pb_row column_structure=\"1_3,1_3,1_3\u2033 _builder_version=\"4.16\u2033 _module_preset=\"default \" global_colors_info=\"{} \"][et_pb_column type=\"1_3\u2033 _builder_version=\"4.16\u2033 _module_preset=\"default \" global_colors_info=\"{} \"][et_pb_text _builder_version=\"4.27.0\u2033 _module_preset=\"default \" custom_padding=\"||0px|||| \" global_colors_info=\"{} \"]<\/p>\n<p><b>Conferencia en colaboraci\u00f3n con Finegan<\/b><\/p>\n<p>[\/et_pb_text][et_pb_image src=\"https:\/\/winebusiness.club\/wp-content\/uploads\/2025\/01\/finegan-logo.webp \" title_text=\"Logo de Finegan \" align=\"center \" _builder_version=\"4.27.0\u2033 _module_preset=\"default \" width=\"55% \" custom_margin=\"||||false|false \" global_colors_info=\"{} \"][\/et_pb_image][et_pb_icon font_icon=\"\ue0a3||divi||400\u2033 icon_color=\"#ff3f3f \" url=\"https:\/\/www.youtube.com\/watch?v=I0O8E-EAsYM&amp;list=PLFwhPpwyrqpR0VnO6oNSa9q8cxcJsI5wF&amp;index=19&amp;t=688s \" _builder_version=\"4.27.0\u2033 _module_preset=\"default \" transform_scale=\"74%|74% \" global_colors_info=\"{} \"][\/et_pb_icon][\/et_pb_column][et_pb_column type=\"1_3\u2033 _builder_version=\"4.16\u2033 _module_preset=\"default \" global_colors_info=\"{} \"][et_pb_text _builder_version=\"4.27.0\u2033 _module_preset=\"default \" custom_margin=\"||37px|||| \" custom_padding=\"||24px|||false|false \" global_colors_info=\"{} \"]<\/p>\n<p><b>Conferencia en colaboraci\u00f3n con Gandi.net<\/b><\/p>\n<p>[\/et_pb_text][et_pb_image src=\"https:\/\/winebusiness.club\/wp-content\/uploads\/2025\/01\/gandi.jpg \" title_text=\"gandi \" align=\"center \" _builder_version=\"4.27.0\u2033 _module_preset=\"default \" width=\"55%\" custom_margin=\"||0px||false|false\" custom_padding=\"||0px|||\" global_colors_info=\"{}\"][\/et_pb_image][et_pb_icon font_icon=\"\ue0a3||divi||400\u2033 icon_color=\"#ff3f3f\" url=\"https:\/\/www.youtube.com\/watch?v=Lf5xZhV3zGU&amp;list=PLFwhPpwyrqpR0VnO6oNSa9q8cxcJsI5wF&amp;index=25\u2033 _builder_version=\"4.27.0\u2033 _module_preset=\"default \" transform_scale=\"74%|74% \" custom_padding=\"0px||||| \" global_colors_info=\"{}\"][\/et_pb_icon][\/et_pb_column][et_pb_column type=\"1_3\u2033 _builder_version=\"4.16\u2033 _module_preset=\"default \" global_colors_info=\"{} \"][et_pb_text _builder_version=\"4.27.0\u2033 _module_preset=\"default \" custom_margin=\"||106px||false|false \" custom_padding=\"||0px|||| \" global_colors_info=\"{} \"]<\/p>\n<p><b>Conferencia en colaboraci\u00f3n con Cyllene<\/b><\/p>\n<p><b> <\/b><\/p>\n<p><b><\/b><\/p>\n<p>[\/et_pb_text][et_pb_image src=\"https:\/\/winebusiness.club\/wp-content\/uploads\/2025\/01\/cyllene-logo.png \" title_text=\"cyllene-logo \" align=\"center \" _builder_version=\"4.27.0\u2033 _module_preset=\"default \" width=\"55% \" custom_margin=\"||40px||false|false \" custom_padding=\"||||false|false \" global_colors_info=\"{}\"][\/et_pb_image][et_pb_icon font_icon=\"\ue0a3||divi||400\u2033 icon_color=\"#ff3f3f \" url=\"https:\/\/www.youtube.com\/watch?v=259sLgLL9vY&amp;list=PLFwhPpwyrqpR0VnO6oNSa9q8cxcJsI5wF&amp;index=24&amp;t=1s \" _builder_version=\"4.27.0\u2033 _module_preset=\"default \" transform_scale=\"74%|74% \" custom_padding=\"31px||||| \" global_colors_info=\"{} \"][\/et_pb_icon][\/et_pb_column][\/et_pb_row][et_pb_row column_structure=\"1_3,1_3,1_3\u2033 _builder_version=\"4.16\u2033 _module_preset=\"default \" global_colors_info=\"{} \"][et_pb_column type=\"1_3\u2033 _builder_version=\"4.16\u2033 _module_preset=\"default \" global_colors_info=\"{} \"][et_pb_text _builder_version=\"4.27.0\u2033 _module_preset=\"default \" custom_padding=\"||0px|||| \" global_colors_info=\"{} \"]<\/p>\n<p><b>Conferencia en colaboraci\u00f3n con <span data-teams=\"true\">Brink's<\/span><\/b><\/p>\n<p>[\/et_pb_text][et_pb_image src= \"https:\/\/winebusiness.club\/wp-content\/uploads\/2025\/01\/image1.jpg \" title_text=\"Imagen1\u2033 align=\"center \" _builder_version=\"4.27.0\u2033 _module_preset=\"default \" width=\"55% \" custom_margin=\"||32px|||false|false \" global_colors_info=\"{} \"][\/et_pb_image][et_pb_icon font_icon=\"\ue0a3||divi||400\u2033 icon_color=\"#ff3f3f \" url=\"https:\/\/www.youtube.com\/watch?v=IJOC0iLe0Ko \" _builder_version=\"4.27.0\u2033 _module_preset=\"default \" transform_scale=\"74%|74% \" global_colors_info=\"{}\"][\/et_pb_icon][\/et_pb_column][et_pb_column type=\"1_3\u2033 _builder_version=\"4.16\u2033 _module_preset=\"default \" global_colors_info=\"{} \"][et_pb_text _builder_version=\"4.27.0\u2033 _module_preset=\"default \" custom_margin=\"||15px|||| \" custom_padding=\"||0px|||| \" global_colors_info=\"{} \"]<\/p>\n<p><b>Conferencia en colaboraci\u00f3n con <span data-teams=\"true\">Smart4\u00a0<\/span><\/b><\/p>\n<p>[\/et_pb_text][et_pb_image src=\"https:\/\/winebusiness.club\/wp-content\/uploads\/2025\/01\/smart4-group-logo.png \" title_text=\"smart4-group-logo \" align=\"center \" _builder_version=\"4.27.0\u2033 _module_preset=\"default \" width=\"55% \" custom_margin=\"||16px||false|false \" custom_padding=\"||0px||| \" global_colors_info=\"{}\"][\/et_pb_image][et_pb_icon font_icon=\"\ue0a3||divi||400\u2033 icon_color=\"#ff3f3f \" url=\"https:\/\/www.youtube.com\/watch?v=nvinxQA5QXo \" _builder_version=\"4.27.0\u2033 _module_preset=\"default \" transform_scale=\"74%|74% \" custom_padding=\"0px||||| \" global_colors_info=\"{}\"][\/et_pb_icon][\/et_pb_column][et_pb_column type=\"1_3\u2033 _builder_version=\"4.16\u2033 _module_preset=\"default \" global_colors_info=\"{} \"][\/et_pb_column][\/et_pb_row][\/et_pb_section][et_pb_section fb_built=\"1\u2033 fullwidth=\"on \" _builder_version=\"4.16\u2033 _module_preset=\"default \" custom_margin=\"50px||50px||false|false \" locked=\"off \" global_colors_info=\"{} \"][et_pb_fullwidth_image src= \"https:\/\/winebusiness.club\/wp-content\/uploads\/2020\/12\/0-1536\u00d71089-1.jpg \" title_text=\"0-1536\u00d71089\u2033 _builder_version=\"4.16\u2033 _module_preset=\"default \" height=\"340px \" custom_margin=\"||||false|false \" filter_saturate=\"0% \" global_colors_info=\"{}\"][\/et_pb_fullwidth_image][\/et_pb_section][et_pb_section fb_built=\"1\u2033 _builder_version=\"4.27.0\u2033 _module_preset=\"default \" global_colors_info=\"{} \"][\/et_pb_section]<\/p>","protected":false},"excerpt":{"rendered":"<p>TVRenovar las conferencias del Cercle WB en el canal de Alain Marty.Conferencia en colaboraci\u00f3n con BNP Paribas Banque Priv\u00e9eConferencia en colaboraci\u00f3n con ManpowerGroupConferencia en colaboraci\u00f3n con la Regi\u00f3n de Hauts-de-FranceConferencia en colaboraci\u00f3n con FineganConferencia en colaboraci\u00f3n con Gandi.netConferencia en colaboraci\u00f3n con CylleneConferencia en colaboraci\u00f3n con Brink'sConferencia en colaboraci\u00f3n con Smart4\u00a0<\/p>","protected":false},"author":4,"featured_media":0,"parent":0,"menu_order":0,"comment_status":"closed","ping_status":"closed","template":"","meta":{"_et_pb_use_builder":"on","_et_pb_old_content":"","_et_gb_content_width":"","footnotes":""},"class_list":["post-1940","page","type-page","status-publish","hentry"],"yoast_head":"<!-- This site is optimized with the Yoast SEO plugin v26.1 - https:\/\/yoast.com\/wordpress\/plugins\/seo\/ -->\n<title>Conf\u00e9rences - Cercle Wine Business<\/title>\n<meta name=\"robots\" content=\"index, follow, max-snippet:-1, max-image-preview:large, max-video-preview:-1\" \/>\n<link rel=\"canonical\" href=\"https:\/\/winebusiness.club\/es\/empresa\/\" \/>\n<meta property=\"og:locale\" content=\"es_ES\" \/>\n<meta property=\"og:type\" content=\"article\" \/>\n<meta property=\"og:title\" content=\"Conf\u00e9rences - Cercle Wine Business\" \/>\n<meta property=\"og:description\" content=\"TVRetrouvez les conf\u00e9rences du Cercle WB sur la cha\u00eene d&#039;Alain Marty.Conf\u00e9rence en partenariat avec BNP Paribas Banque Priv\u00e9eConf\u00e9rence en partenariat avec ManpowerGroupConf\u00e9rence en partenariat avec la R\u00e9gion des Hauts-de-France Conf\u00e9rence en partenariat avec FineganConf\u00e9rence en partenariat avec Gandi.netConf\u00e9rence en partenariat avec Cyllene Conf\u00e9rence en partenariat avec Brink&#039;sConf\u00e9rence en partenariat avec Smart4\u00a0\" \/>\n<meta property=\"og:url\" content=\"https:\/\/winebusiness.club\/es\/empresa\/\" \/>\n<meta property=\"og:site_name\" content=\"Cercle Wine Business\" \/>\n<meta property=\"article:modified_time\" content=\"2025-01-29T13:30:27+00:00\" \/>\n<meta name=\"twitter:card\" content=\"summary_large_image\" \/>\n<meta name=\"twitter:label1\" content=\"Tiempo de lectura\" \/>\n\t<meta name=\"twitter:data1\" content=\"8 minutos\" \/>\n<script type=\"application\/ld+json\" class=\"yoast-schema-graph\">{\"@context\":\"https:\/\/schema.org\",\"@graph\":[{\"@type\":\"WebPage\",\"@id\":\"https:\/\/winebusiness.club\/business\/\",\"url\":\"https:\/\/winebusiness.club\/business\/\",\"name\":\"Conf\u00e9rences - Cercle Wine Business\",\"isPartOf\":{\"@id\":\"https:\/\/winebusiness.club\/#website\"},\"datePublished\":\"2021-05-05T12:30:32+00:00\",\"dateModified\":\"2025-01-29T13:30:27+00:00\",\"inLanguage\":\"es\",\"potentialAction\":[{\"@type\":\"ReadAction\",\"target\":[\"https:\/\/winebusiness.club\/business\/\"]}]},{\"@type\":\"WebSite\",\"@id\":\"https:\/\/winebusiness.club\/#website\",\"url\":\"https:\/\/winebusiness.club\/\",\"name\":\"Cercle Wine Business\",\"description\":\"D\u00e9couvrez le  Cercle Wine Business\",\"publisher\":{\"@id\":\"https:\/\/winebusiness.club\/#organization\"},\"potentialAction\":[{\"@type\":\"SearchAction\",\"target\":{\"@type\":\"EntryPoint\",\"urlTemplate\":\"https:\/\/winebusiness.club\/?s={search_term_string}\"},\"query-input\":{\"@type\":\"PropertyValueSpecification\",\"valueRequired\":true,\"valueName\":\"search_term_string\"}}],\"inLanguage\":\"es\"},{\"@type\":\"Organization\",\"@id\":\"https:\/\/winebusiness.club\/#organization\",\"name\":\"Cercle WB\",\"url\":\"https:\/\/winebusiness.club\/\",\"logo\":{\"@type\":\"ImageObject\",\"inLanguage\":\"es\",\"@id\":\"https:\/\/winebusiness.club\/#\/schema\/logo\/image\/\",\"url\":\"https:\/\/winebusiness.club\/wp-content\/uploads\/2022\/04\/gold-logo-v2-2.png\",\"contentUrl\":\"https:\/\/winebusiness.club\/wp-content\/uploads\/2022\/04\/gold-logo-v2-2.png\",\"width\":1512,\"height\":1448,\"caption\":\"Cercle WB\"},\"image\":{\"@id\":\"https:\/\/winebusiness.club\/#\/schema\/logo\/image\/\"}}]}<\/script>\n<!-- \/ Yoast SEO plugin. -->","yoast_head_json":{"title":"Conf\u00e9rences - Cercle Wine Business","robots":{"index":"index","follow":"follow","max-snippet":"max-snippet:-1","max-image-preview":"max-image-preview:large","max-video-preview":"max-video-preview:-1"},"canonical":"https:\/\/winebusiness.club\/es\/empresa\/","og_locale":"es_ES","og_type":"article","og_title":"Conf\u00e9rences - Cercle Wine Business","og_description":"TVRetrouvez les conf\u00e9rences du Cercle WB sur la cha\u00eene d'Alain Marty.Conf\u00e9rence en partenariat avec BNP Paribas Banque Priv\u00e9eConf\u00e9rence en partenariat avec ManpowerGroupConf\u00e9rence en partenariat avec la R\u00e9gion des Hauts-de-France Conf\u00e9rence en partenariat avec FineganConf\u00e9rence en partenariat avec Gandi.netConf\u00e9rence en partenariat avec Cyllene Conf\u00e9rence en partenariat avec Brink'sConf\u00e9rence en partenariat avec Smart4\u00a0","og_url":"https:\/\/winebusiness.club\/es\/empresa\/","og_site_name":"Cercle Wine Business","article_modified_time":"2025-01-29T13:30:27+00:00","twitter_card":"summary_large_image","twitter_misc":{"Tiempo de lectura":"8 minutos"},"schema":{"@context":"https:\/\/schema.org","@graph":[{"@type":"WebPage","@id":"https:\/\/winebusiness.club\/business\/","url":"https:\/\/winebusiness.club\/business\/","name":"Conf\u00e9rences - Cercle Wine Business","isPartOf":{"@id":"https:\/\/winebusiness.club\/#website"},"datePublished":"2021-05-05T12:30:32+00:00","dateModified":"2025-01-29T13:30:27+00:00","inLanguage":"es","potentialAction":[{"@type":"ReadAction","target":["https:\/\/winebusiness.club\/business\/"]}]},{"@type":"WebSite","@id":"https:\/\/winebusiness.club\/#website","url":"https:\/\/winebusiness.club\/","name":"Cercle Wine Business","description":"D\u00e9couvrez le  Cercle Wine Business","publisher":{"@id":"https:\/\/winebusiness.club\/#organization"},"potentialAction":[{"@type":"SearchAction","target":{"@type":"EntryPoint","urlTemplate":"https:\/\/winebusiness.club\/?s={search_term_string}"},"query-input":{"@type":"PropertyValueSpecification","valueRequired":true,"valueName":"search_term_string"}}],"inLanguage":"es"},{"@type":"Organization","@id":"https:\/\/winebusiness.club\/#organization","name":"Cercle WB","url":"https:\/\/winebusiness.club\/","logo":{"@type":"ImageObject","inLanguage":"es","@id":"https:\/\/winebusiness.club\/#\/schema\/logo\/image\/","url":"https:\/\/winebusiness.club\/wp-content\/uploads\/2022\/04\/gold-logo-v2-2.png","contentUrl":"https:\/\/winebusiness.club\/wp-content\/uploads\/2022\/04\/gold-logo-v2-2.png","width":1512,"height":1448,"caption":"Cercle WB"},"image":{"@id":"https:\/\/winebusiness.club\/#\/schema\/logo\/image\/"}}]}},"_links":{"self":[{"href":"https:\/\/winebusiness.club\/es\/wp-json\/wp\/v2\/pages\/1940","targetHints":{"allow":["GET"]}}],"collection":[{"href":"https:\/\/winebusiness.club\/es\/wp-json\/wp\/v2\/pages"}],"about":[{"href":"https:\/\/winebusiness.club\/es\/wp-json\/wp\/v2\/types\/page"}],"author":[{"embeddable":true,"href":"https:\/\/winebusiness.club\/es\/wp-json\/wp\/v2\/users\/4"}],"replies":[{"embeddable":true,"href":"https:\/\/winebusiness.club\/es\/wp-json\/wp\/v2\/comments?post=1940"}],"version-history":[{"count":37,"href":"https:\/\/winebusiness.club\/es\/wp-json\/wp\/v2\/pages\/1940\/revisions"}],"predecessor-version":[{"id":9953,"href":"https:\/\/winebusiness.club\/es\/wp-json\/wp\/v2\/pages\/1940\/revisions\/9953"}],"wp:attachment":[{"href":"https:\/\/winebusiness.club\/es\/wp-json\/wp\/v2\/media?parent=1940"}],"curies":[{"name":"wp","href":"https:\/\/api.w.org\/{rel}","templated":true}]}}