{"id":1452,"date":"2021-03-10T09:41:38","date_gmt":"2021-03-10T08:41:38","guid":{"rendered":"https:\/\/winebusiness.club\/?page_id=1452"},"modified":"2022-04-15T12:18:30","modified_gmt":"2022-04-15T10:18:30","slug":"internacional","status":"publish","type":"page","link":"https:\/\/winebusiness.club\/es\/internacional\/","title":{"rendered":"Internacional"},"content":{"rendered":"<p>[et_pb_section fb_built=\"1\u2033 fullwidth=\"on \" _builder_version=\"4.6.6\u2033 _module_preset=\"default \" global_colors_info=\"{} \"][et_pb_fullwidth_image src= \"https:\/\/winebusiness.club\/wp-content\/uploads\/2020\/12\/AdobeStock_333984826_NB_comp-scaled-e1607502636381.jpg \" alt= \"cercle economy et grands vins \" title_text=\"cercle economy et grands vins \" _builder_version=\"4.6.6\u2033 _module_preset=\"default \" height=\"300px \" filter_saturate=\"0% \" global_colors_info=\"{} \"][\/et_pb_fullwidth_image][\/et_pb_section][et_pb_section fb_built=\"1\u2033 _builder_version=\"4.6.6\u2033 _module_preset=\"default \" global_colors_info=\"{} \"][et_pb_row _builder_version=\"4.6.6\u2033 _module_preset=\"default \" global_colors_info=\"{} \"][et_pb_column type=\"4_4\u2033 _builder_version=\"4.6.6\u2033 _module_preset=\"default \" global_colors_info=\"{} \"][et_pb_text _builder_version=\"4.6.6\u2033 _module_preset=\"default \" header_text_color=\"#ffffff \" header_2_font=\"|700||||||| \" header_2_text_color=\"#ffffff \" header_2_font_size=\"20px \" global_colors_info=\"{} \"]<\/p>\n<h2>PARA HACERSE SOCIO<\/h2>\n<p>[\/et_pb_text][et_pb_text _builder_version=\"4.6.6\u2033 _module_preset=\"default \" text_text_color=\"#ffffff \" custom_padding=\"0px||||| \" global_colors_info=\"{} \"]<\/p>\n<p>Unirse al c\u00edrculo<sup><span style=\"font-size: xx-small;\">(1)<\/span>\u00a0<\/sup>est\u00e1 reservado exclusivamente a directivos de empresas y profesionales aut\u00f3nomos. Es imprescindible estar apadrinado y abonar una cuota de inscripci\u00f3n (750 euros sin IVA), y despu\u00e9s suscribirse a una de las dos opciones de abono anual:<\/p>\n<p>[\/et_pb_text][\/et_pb_column][\/et_pb_row][et_pb_row admin_label=\"Texto de fondo\" _builder_version=\"4.6.6\u2033 _module_preset=\"default \" positioning=\"absolute \" position_origin_a=\"top_right \" width=\"100% \" max_width=\"100% \" locked=\"off \" global_colors_info=\"{}\"][et_pb_column type=\"4_4\u2033 _builder_version=\"4.6.6\u2033 _module_preset=\"default \" global_colors_info=\"{} \"][et_pb_text disabled_on=\"off|off|off \" _builder_version=\"4.6.6\u2033 _module_preset=\"default \" text_font=\"Neue Haas Grotesk 75 Bold|900||||||| \" text_text_color=\"#f2f2f2\u2033 text_font_size=\"122px \" text_line_height= \"1em \" text_orientation=\"right \" text_font_size_tablet= \" \" text_font_size_phone=\"60px \" text_font_size_last_edited=\"on|phone \" global_colors_info=\"{}\"]<\/p>\n<p>El Club<br \/> a escala internacional<\/p>\n<p>[et_pb_text][\/et_pb_column][\/et_pb_row][et_pb_row _builder_version=\"4.6.6\u2033 _module_preset=\"default \" global_colors_info=\"{} \"][et_pb_column type=\"4_4\u2033 _builder_version=\"4.6.6\u2033 _module_preset=\"default \" global_colors_info=\"{} \"][et_pb_code admin_label=\"Flecha\" _builder_version=\"4.6.6\u2033 _module_preset=\"default \" max_width=\"0px \" height=\"102px \" custom_css_before=\"content: \";||position: absolute;|top: calc(100% - 25px);|left: -12px;|height: 20px;|width: 20px;||transform: rotate(45deg);||-webkit-transform: rotate(45deg);||border: solid #2E2E2E;||border-width: 0 2px 2px 0; \" border_width_left=\"2px \" global_colors_info=\"{}\"][\/et_pb_code][et_pb_post_title meta=\"off \" featured_image=\"off \" _builder_version=\"4.6.6\u2033 _module_preset=\"default \" title_font=\"Neue Haas Grotesk 75 Bold|900||||||| \" title_font_size=\"69px \" title_letter_spacing=\"2.07px \" title_font_size_tablet= \" \" title_font_size_phone=\"49px \" title_font_size_last_edited=\"on|phone \" global_colors_info=\"{} \"][\/et_pb_post_title][\/et_pb_column][\/et_pb_row][et_pb_row _builder_version=\"4.6.6\u2033 _module_preset=\"default \" global_colors_info=\"{} \"][et_pb_column type=\"4_4\u2033 _builder_version=\"4.6.6\u2033 _module_preset=\"default \" global_colors_info=\"{} \"][et_pb_text _builder_version=\"4.14.7\u2033 _module_preset=\"default \" custom_padding=\"||0px||| \" hover_enabled=\"0\u2033 global_colors_info=\"{} \" sticky_enabled=\"0\u2033]<\/p>\n<p>Partiendo de su \u00e9xito en Par\u00eds desde 1991, el Cercle WBC desarrolla su concepto en Francia y en el extranjero.<\/p>\n<p>Actualmente est\u00e1 presente en Luxemburgo y Ginebra, y pronto se expandir\u00e1 a 8 grandes ciudades: Londres, Nueva York, M\u00f3naco, Shanghai, Sydney, Mosc\u00fa, Tokio, Dubai...<\/p>\n<p>Los actos del club se celebran en restaurantes con estrellas Michelin o gastron\u00f3micos.<\/p>\n<p>[\/et_pb_text][\/et_pb_column][\/et_pb_row][et_pb_row column_structure=\"1_3,1_3,1_3\u2033 make_equal=\"on \" _builder_version=\"4.9.1\u2033 _module_preset=\"default \" filter_saturate=\"0% \" locked=\"off \" global_colors_info=\"{} \"][et_pb_column type=\"1_3\u2033 _builder_version=\"4.6.6\u2033 _module_preset=\"default \" filter_saturate=\"101% \" filter_sepia=\"1% \" global_colors_info=\"{} \"][et_pb_cta title=\"Luxemburgo \" _builder_version=\"4.9.1\u2033 _dynamic_attributes=\"link_option_url \" _module_preset=\"default \" header_font=\"|700||||||| \" header_font_size=\"35px \" background_enable_color=\"off \" background_image=\"https:\/\/winebusiness.club\/wp-content\/uploads\/2021\/03\/8f1623dbfab1d452523ec98da8764d38_Restaurant3-1920-1920-c-100-300\u00d7300.jpg \" height= \"100% \" link_option_url= \"@ET-DC@eyJkeW5hbWljIjp0cnVlLCJjb250ZW50IjoicG9zdF9saW5rX3VybF9wYWdlIiwic2V0dGluZ3MiOnsicG9zdF9pZCI6IjE0NTkifX0=@ \" header_text_shadow_style=\"preset5\u2033 global_colors_info=\"{}\"]<\/p>\n<p>Apodado el \"Gibraltar del Norte\", Luxemburgo es un cruce de caminos en el coraz\u00f3n de Europa y el principal centro financiero del continente.<\/p>\n<p>[et_pb_cta][\/et_pb_column][et_pb_column type=\"1_3\u2033 _builder_version=\"4.6.6\u2033 _module_preset=\"default \" global_colors_info=\"{} \"][et_pb_cta title=\"Ginebra \" _builder_version=\"4.14.7\u2033 _dynamic_attributes=\"link_option_url \" _module_preset=\"default \" header_font=\"|700||||||| \" header_font_size=\"35px \" background_enable_color=\"off \" background_image=\"https:\/\/winebusiness.club\/wp-content\/uploads\/2021\/03\/Chateauvieux-Geneve-01-300\u00d7225.jpg \" height= \"100% \" link_option_url= \"@ET-DC@eyJkeW5hbWljIjp0cnVlLCJjb250ZW50IjoicG9zdF9saW5rX3VybF9wYWdlIiwic2V0dGluZ3MiOnsicG9zdF9pZCI6IjE0NjQifX0=@ \" hover_enabled= \"0\u2033 header_text_shadow_style=\"preset5\u2033 locked=\"off\" global_colors_info=\"{}\" sticky_enabled=\"0\u2033]<\/p>\n<p>Ginebra, el mayor centro mundial de cooperaci\u00f3n internacional, es tambi\u00e9n una de las diez ciudades m\u00e1s habitables del mundo.<\/p>\n<p>[\/et_pb_cta][\/et_pb_column][et_pb_column type=\"1_3\u2033 _builder_version=\"4.6.6\u2033 _module_preset=\"default \" global_colors_info=\"{} \"][et_pb_cta title=\"Pr\u00f3ximamente \" _builder_version=\"4.9.1\u2033 _dynamic_attributes=\"link_option_url \" _module_preset=\"default \" header_font=\"|700||||||| \" header_font_size=\"35px \" background_color=\"#000000\u2033 background_enable_image=\"off \" height=\"100% \" link_option_url=\"@ET-DC@eyJkeW5hbWljIjp0cnVlLCJjb250ZW50IjoicG9zdF9saW5rX3VybF9wYWdlIiwic2V0dGluZ3MiOnsicG9zdF9pZCI6IjEyNDAifX0=@ \" header_text_shadow_style=\"preset5\u2033 locked=\"off \" global_colors_info=\"{}\"]<\/p>\n<p>Londres, Nueva York, M\u00f3naco, Shanghai, Sydney, Mosc\u00fa, Tokio, Dubai...<\/p>\n<p>[\/et_pb_cta][\/et_pb_column][\/et_pb_row][et_pb_row _builder_version=\"4.6.6\u2033 _module_preset=\"default \" global_colors_info=\"{} \"][et_pb_column type=\"4_4\u2033 _builder_version=\"4.6.6\u2033 _module_preset=\"default \" global_colors_info=\"{} \"][et_pb_divider _builder_version=\"4.6.6\u2033 _module_preset=\"default \" global_colors_info=\"{} \"][\/et_pb_divider][et_pb_text _builder_version=\"4.6.6\u2033 _module_preset=\"default \" text_font=\"|||||||| \" global_colors_info=\"{} \"]<\/p>\n<p><span>Los horarios nocturnos se adaptar\u00e1n a la crisis sanitaria y a las restricciones gubernamentales.<\/span><\/p>\n<p>[\/et_pb_text][\/et_pb_column][\/et_pb_row][\/et_pb_section][et_pb_section fb_built=\"1\u2033 fullwidth=\"on \" _builder_version=\"4.6.6\u2033 _module_preset=\"default \" custom_margin=\"50px||50px||false|false \" locked=\"off \" global_colors_info=\"{}\"][et_pb_fullwidth_image src= \"https:\/\/winebusiness.club\/wp-content\/uploads\/2021\/03\/vineyard-428041.jpg \" title_text=\"Vi\u00f1edo\" _builder_version=\"4.6.6\u2033 _module_preset=\"default \" height=\"340px \" custom_margin=\"||||false|false \" filter_saturate=\"0% \" global_colors_info=\"{}\"][\/et_pb_fullwidth_image][\/et_pb_section]<\/p>","protected":false},"excerpt":{"rendered":"<p>HACERSE MIEMBROLa pertenencia al Club(1) est\u00e1 reservada exclusivamente a los dirigentes de empresas y a los profesionales aut\u00f3nomos. Es imprescindible estar apadrinado y abonar una cuota de entrada (750 \u20ac sin IVA), para luego suscribirse a una de las dos opciones de abono anual:El Club en el extranjeroA partir de su \u00e9xito en Par\u00eds desde 1991, el Cercle WBC desarrolla su concepto en [...].<\/p>","protected":false},"author":4,"featured_media":0,"parent":0,"menu_order":0,"comment_status":"closed","ping_status":"closed","template":"","meta":{"_et_pb_use_builder":"on","_et_pb_old_content":"","_et_gb_content_width":"","footnotes":""},"class_list":["post-1452","page","type-page","status-publish","hentry"],"yoast_head":"<!-- This site is optimized with the Yoast SEO plugin v26.1 - https:\/\/yoast.com\/wordpress\/plugins\/seo\/ -->\n<title>International - Cercle Wine Business<\/title>\n<meta name=\"robots\" content=\"index, follow, max-snippet:-1, max-image-preview:large, max-video-preview:-1\" \/>\n<link rel=\"canonical\" href=\"https:\/\/winebusiness.club\/es\/internacional\/\" \/>\n<meta property=\"og:locale\" content=\"es_ES\" \/>\n<meta property=\"og:type\" content=\"article\" \/>\n<meta property=\"og:title\" content=\"International - Cercle Wine Business\" \/>\n<meta property=\"og:description\" content=\"POUR DEVENIR MEMBREL\u2019adh\u00e9sion au cercle(1)\u00a0est exclusivement r\u00e9serv\u00e9e aux dirigeants d&#039;entreprise et professions lib\u00e9rales. Il est indispensable d\u2019\u00eatre parrain\u00e9 et d\u2019acquitter un droit d\u2019entr\u00e9e (750 \u20ac HT), puis de souscrire \u00e0 l\u2019une des deux formules de cotisations annuelles :Le Club \u00e0 l&#039;internationalFort de son succ\u00e8s \u00e0 Paris depuis 1991, le Cercle WBC d\u00e9veloppe son concept en [&hellip;]\" \/>\n<meta property=\"og:url\" content=\"https:\/\/winebusiness.club\/es\/internacional\/\" \/>\n<meta property=\"og:site_name\" content=\"Cercle Wine Business\" \/>\n<meta property=\"article:modified_time\" content=\"2022-04-15T10:18:30+00:00\" \/>\n<meta name=\"twitter:card\" content=\"summary_large_image\" \/>\n<meta name=\"twitter:label1\" content=\"Tiempo de lectura\" \/>\n\t<meta name=\"twitter:data1\" content=\"5 minutos\" \/>\n<script type=\"application\/ld+json\" class=\"yoast-schema-graph\">{\"@context\":\"https:\/\/schema.org\",\"@graph\":[{\"@type\":\"WebPage\",\"@id\":\"https:\/\/winebusiness.club\/international\/\",\"url\":\"https:\/\/winebusiness.club\/international\/\",\"name\":\"International - Cercle Wine Business\",\"isPartOf\":{\"@id\":\"https:\/\/winebusiness.club\/#website\"},\"datePublished\":\"2021-03-10T08:41:38+00:00\",\"dateModified\":\"2022-04-15T10:18:30+00:00\",\"inLanguage\":\"es\",\"potentialAction\":[{\"@type\":\"ReadAction\",\"target\":[\"https:\/\/winebusiness.club\/international\/\"]}]},{\"@type\":\"WebSite\",\"@id\":\"https:\/\/winebusiness.club\/#website\",\"url\":\"https:\/\/winebusiness.club\/\",\"name\":\"Cercle Wine Business\",\"description\":\"D\u00e9couvrez le  Cercle Wine Business\",\"publisher\":{\"@id\":\"https:\/\/winebusiness.club\/#organization\"},\"potentialAction\":[{\"@type\":\"SearchAction\",\"target\":{\"@type\":\"EntryPoint\",\"urlTemplate\":\"https:\/\/winebusiness.club\/?s={search_term_string}\"},\"query-input\":{\"@type\":\"PropertyValueSpecification\",\"valueRequired\":true,\"valueName\":\"search_term_string\"}}],\"inLanguage\":\"es\"},{\"@type\":\"Organization\",\"@id\":\"https:\/\/winebusiness.club\/#organization\",\"name\":\"Cercle WB\",\"url\":\"https:\/\/winebusiness.club\/\",\"logo\":{\"@type\":\"ImageObject\",\"inLanguage\":\"es\",\"@id\":\"https:\/\/winebusiness.club\/#\/schema\/logo\/image\/\",\"url\":\"https:\/\/winebusiness.club\/wp-content\/uploads\/2022\/04\/gold-logo-v2-2.png\",\"contentUrl\":\"https:\/\/winebusiness.club\/wp-content\/uploads\/2022\/04\/gold-logo-v2-2.png\",\"width\":1512,\"height\":1448,\"caption\":\"Cercle WB\"},\"image\":{\"@id\":\"https:\/\/winebusiness.club\/#\/schema\/logo\/image\/\"}}]}<\/script>\n<!-- \/ Yoast SEO plugin. -->","yoast_head_json":{"title":"International - Cercle Wine Business","robots":{"index":"index","follow":"follow","max-snippet":"max-snippet:-1","max-image-preview":"max-image-preview:large","max-video-preview":"max-video-preview:-1"},"canonical":"https:\/\/winebusiness.club\/es\/internacional\/","og_locale":"es_ES","og_type":"article","og_title":"International - Cercle Wine Business","og_description":"POUR DEVENIR MEMBREL\u2019adh\u00e9sion au cercle(1)\u00a0est exclusivement r\u00e9serv\u00e9e aux dirigeants d'entreprise et professions lib\u00e9rales. Il est indispensable d\u2019\u00eatre parrain\u00e9 et d\u2019acquitter un droit d\u2019entr\u00e9e (750 \u20ac HT), puis de souscrire \u00e0 l\u2019une des deux formules de cotisations annuelles :Le Club \u00e0 l'internationalFort de son succ\u00e8s \u00e0 Paris depuis 1991, le Cercle WBC d\u00e9veloppe son concept en [&hellip;]","og_url":"https:\/\/winebusiness.club\/es\/internacional\/","og_site_name":"Cercle Wine Business","article_modified_time":"2022-04-15T10:18:30+00:00","twitter_card":"summary_large_image","twitter_misc":{"Tiempo de lectura":"5 minutos"},"schema":{"@context":"https:\/\/schema.org","@graph":[{"@type":"WebPage","@id":"https:\/\/winebusiness.club\/international\/","url":"https:\/\/winebusiness.club\/international\/","name":"International - Cercle Wine Business","isPartOf":{"@id":"https:\/\/winebusiness.club\/#website"},"datePublished":"2021-03-10T08:41:38+00:00","dateModified":"2022-04-15T10:18:30+00:00","inLanguage":"es","potentialAction":[{"@type":"ReadAction","target":["https:\/\/winebusiness.club\/international\/"]}]},{"@type":"WebSite","@id":"https:\/\/winebusiness.club\/#website","url":"https:\/\/winebusiness.club\/","name":"Cercle Wine Business","description":"D\u00e9couvrez le  Cercle Wine Business","publisher":{"@id":"https:\/\/winebusiness.club\/#organization"},"potentialAction":[{"@type":"SearchAction","target":{"@type":"EntryPoint","urlTemplate":"https:\/\/winebusiness.club\/?s={search_term_string}"},"query-input":{"@type":"PropertyValueSpecification","valueRequired":true,"valueName":"search_term_string"}}],"inLanguage":"es"},{"@type":"Organization","@id":"https:\/\/winebusiness.club\/#organization","name":"Cercle WB","url":"https:\/\/winebusiness.club\/","logo":{"@type":"ImageObject","inLanguage":"es","@id":"https:\/\/winebusiness.club\/#\/schema\/logo\/image\/","url":"https:\/\/winebusiness.club\/wp-content\/uploads\/2022\/04\/gold-logo-v2-2.png","contentUrl":"https:\/\/winebusiness.club\/wp-content\/uploads\/2022\/04\/gold-logo-v2-2.png","width":1512,"height":1448,"caption":"Cercle WB"},"image":{"@id":"https:\/\/winebusiness.club\/#\/schema\/logo\/image\/"}}]}},"_links":{"self":[{"href":"https:\/\/winebusiness.club\/es\/wp-json\/wp\/v2\/pages\/1452","targetHints":{"allow":["GET"]}}],"collection":[{"href":"https:\/\/winebusiness.club\/es\/wp-json\/wp\/v2\/pages"}],"about":[{"href":"https:\/\/winebusiness.club\/es\/wp-json\/wp\/v2\/types\/page"}],"author":[{"embeddable":true,"href":"https:\/\/winebusiness.club\/es\/wp-json\/wp\/v2\/users\/4"}],"replies":[{"embeddable":true,"href":"https:\/\/winebusiness.club\/es\/wp-json\/wp\/v2\/comments?post=1452"}],"version-history":[{"count":23,"href":"https:\/\/winebusiness.club\/es\/wp-json\/wp\/v2\/pages\/1452\/revisions"}],"predecessor-version":[{"id":3059,"href":"https:\/\/winebusiness.club\/es\/wp-json\/wp\/v2\/pages\/1452\/revisions\/3059"}],"wp:attachment":[{"href":"https:\/\/winebusiness.club\/es\/wp-json\/wp\/v2\/media?parent=1452"}],"curies":[{"name":"wp","href":"https:\/\/api.w.org\/{rel}","templated":true}]}}