{"id":1425,"date":"2021-03-09T17:00:32","date_gmt":"2021-03-09T16:00:32","guid":{"rendered":"https:\/\/winebusiness.club\/?page_id=1425"},"modified":"2026-02-02T14:00:40","modified_gmt":"2026-02-02T13:00:40","slug":"lille","status":"publish","type":"page","link":"https:\/\/winebusiness.club\/es\/francia\/lille\/","title":{"rendered":"Lille"},"content":{"rendered":"<p>[et_pb_section fb_built=\"1\u2033 fullwidth=\"on \" _builder_version=\"4.16\u2033 _module_preset=\"default \" global_colors_info=\"{} \"][et_pb_fullwidth_image src=\"https:\/\/winebusiness.club\/wp-content\/uploads\/2020\/12\/AdobeStock_333984826_NB_comp-scaled-e1607502636381.jpg \" alt=\"cercle economy et grands vins\" title_text=\"cercle economy et grands vins\" _builder_version=\"4.16\u2033 _module_preset=\"default \" height=\"300px \" filter_saturate=\"0% \" global_colors_info=\"{} \"][\/et_pb_fullwidth_image][\/et_pb_section][et_pb_section fb_built=\"1\u2033 _builder_version=\"4.24.0\u2033 _module_preset=\"default \" background_image=\"https:\/\/winebusiness.club\/wp-content\/uploads\/2024\/02\/design-without-title-3.png \" background_size=\"custom \" background_image_height=\"100% \" global_colors_info=\"{}\"][et_pb_row admin_label=\"Texto de fondo\" _builder_version=\"4.16\u2033 _module_preset=\"default \" positioning=\"absolute \" position_origin_a=\"top_right \" width=\"100% \" max_width=\"100% \" locked=\"off \" global_colors_info=\"{} \"][et_pb_column type=\"4_4\u2033 _builder_version=\"4.16\u2033 _module_preset=\"default \" global_colors_info=\"{} \"][et_pb_text disabled_on=\"off|off|off \" _builder_version=\"4.16\u2033 _module_preset=\"default \" text_font=\"Neue Haas Grotesk 75 Bold|900||||||| \" text_text_color=\"#f2f2f2\u2033 text_font_size=\"122px \" text_line_height=\"1em \" text_orientation=\"right \" text_font_size_tablet= \" \" text_font_size_phone=\"60px \" text_font_size_last_edited=\"on|phone \" global_colors_info=\"{} \"][\/et_pb_text][\/et_pb_column][\/et_pb_row][et_pb_row _builder_version=\"4.16\u2033 _module_preset=\"default \" global_colors_info=\"{} \"][et_pb_column type=\"4_4\u2033 _builder_version=\"4.16\u2033 _module_preset=\"default \" global_colors_info=\"{} \"][et_pb_code admin_label=\"Flecha\" _builder_version=\"4.16\u2033 _module_preset=\"default \" max_width=\"0px \" height=\"102px \" custom_css_before=\"content: \";||position: absolute;|top: calc(100% - 25px);|left: -12px;|height: 20px;|width: 20px;||transform: rotate(45deg);||-webkit-transform: rotate(45deg);||border: solid #2E2E2E;||border-width: 0 2px 2px 0; \" border_width_left=\"2px \" global_colors_info=\"{}\"][\/et_pb_code][et_pb_post_title meta=\"off \" featured_image=\"off \" _builder_version=\"4.24.0\u2033 _module_preset=\"default \" title_font=\"|900||||||| \" title_font_size=\"69px \" title_letter_spacing=\"2.07px \" title_font_size_tablet= \" \" title_font_size_phone=\"49px \" title_font_size_last_edited=\"on|phone \" global_colors_info=\"{} \"][\/et_pb_post_title][\/et_pb_column][\/et_pb_row][et_pb_row _builder_version=\"4.16\u2033 _module_preset=\"default \" global_colors_info=\"{} \"][et_pb_column type=\"4_4\u2033 _builder_version=\"4.16\u2033 _module_preset=\"default \" global_colors_info=\"{} \"][et_pb_text _builder_version=\"4.27.0\u2033 _module_preset=\"default \" custom_padding=\"||2px|||| \" global_colors_info=\"{} \"]<\/p>\n<p><span>Fundado en 1991, el C\u00edrculo Empresarial del Vino se re\u00fane en <strong>Lille <\/strong>y en\u00a0<strong>Otras 13 ciudades<\/strong> en<strong>\u00a0France<\/strong> (Par\u00eds, Burdeos, Lyon, Marsella, Nantes, Niza, Rennes, Estrasburgo, Toulouse y Tours) y en <strong>Internacional<\/strong>\u00a0(Luxemburgo, Barcelona, Madrid).<\/span><\/p>\n<p><span>El C\u00edrculo Empresarial del Vino contin\u00faa\u00a0<strong>3 objetivos<\/strong>\u00a0:\u00a0<\/span><\/p>\n<ul>\n<li>Encuentra el<span>\u00a0<\/span><strong>Los mejores vinos y bodegueros de Francia<span>\u00a0<\/span><\/strong>cenas preparadas por chefs excepcionales<\/li>\n<li>En apoyo de<strong><span>\u00a0<\/span>lealtad,<span>\u00a0<\/span><\/strong>permitiendo a los socios invitar a invitados de fuera del C\u00edrculo a cada velada (clientes, clientes potenciales, periodistas, personalidades, socios, etc.)<\/li>\n<li><span>Habilitar<strong>ampl\u00ede su red de contactos<\/strong>\u00a0encuentros con numerosos empresarios franceses e internacionales\u00a0<\/span><\/li>\n<\/ul>\n<p><span><\/span><\/p>\n<p><span>Veladas en Lille<\/span> \u00e0\u00a0<a href=\"https:\/\/www.lalaiterie.fr\/fr\/\">La Laiterie<\/a> en torno a un <strong>cena-degustaci\u00f3n de grands crus<\/strong>desarrollado por el jefe <strong>Guillaume Thuin<\/strong>.<\/p>\n<p><span>Cada acto del C\u00edrculo de Lille acoge un<\/span><strong><span>\u00a0<\/span>viticultor<\/strong><span>\u00a0y un\u00a0<\/span><strong>personalidad<span>\u00a0<\/span><\/strong><em>(Xavier Bertrand, Christine Lagarde, Rodolphe Saad\u00e9, Christel Heydemann, Muriel P\u00e9nicaud, Matthieu Pigasse, Yannick Bollor\u00e9, Michel-Edouard Leclerc, Anne Lauvergeon, Natacha Polony, Jean-Marie Messier, Clara Gaymard, Jacques Attali, Laurent Dassault, Jean-Bernard L\u00e9vy, Rachida Dati, Pierre-Andr\u00e9 de Chalendar, Thierry Breton, Maxime Saada, Nicolas de Tavernost, Gilles P\u00e9lisson, Jean-Paul Agon, Pierre Gattaz, Arnaud de Puyfontaine, Thierry Marx, Fr\u00e9d\u00e9ric Mazzella, Luc Ferry, Geoffroy Roux de B\u00e9zieux, Patrick Pouyann\u00e9...<\/em><em>).<\/em><\/p>\n<p>&nbsp;<\/p>\n<p>Planificaci\u00f3n 2026<\/p>\n<p>[\/et_pb_text][\/et_pb_column][\/et_pb_row][et_pb_row _builder_version=\u00a0\u00bb4.27.0&Prime; _module_preset=\u00a0\u00bbdefault\u00a0\u00bb custom_padding=\u00a0\u00bb6px|||||\u00a0\u00bb global_colors_info=\u00a0\u00bb{}\u00a0\u00bb][et_pb_column type=\u00a0\u00bb4_4&Prime; _builder_version=\u00a0\u00bb4.16&Prime; _module_preset=\u00a0\u00bbdefault\u00a0\u00bb global_colors_info=\u00a0\u00bb{}\u00a0\u00bb][\/et_pb_column][\/et_pb_row][et_pb_row _builder_version=\u00a0\u00bb4.16&Prime; _module_preset=\u00a0\u00bbdefault\u00a0\u00bb custom_padding=\u00a0\u00bb6px|||||\u00a0\u00bb global_colors_info=\u00a0\u00bb{}\u00a0\u00bb][et_pb_column type=\u00a0\u00bb4_4&Prime; _builder_version=\u00a0\u00bb4.16&Prime; _module_preset=\u00a0\u00bbdefault\u00a0\u00bb global_colors_info=\u00a0\u00bb{}\u00a0\u00bb][et_pb_toggle title=\u00a0\u00bbjeudi 8 octobre \u00a0\u00bb _builder_version=\u00a0\u00bb4.27.0&Prime; _module_preset=\u00a0\u00bbdefault\u00a0\u00bb locked=\u00a0\u00bboff\u00a0\u00bb global_colors_info=\u00a0\u00bb{}\u00a0\u00bb]<\/p>\n<ul>\n<li style=\"padding-bottom: 20px;\"><strong>19h00<\/strong> - Champ\u00e1n de bienvenida<\/li>\n<li style=\"padding-bottom: 20px;\"><strong>20h00<\/strong>\u00a0- Cena combinada con una degustaci\u00f3n de vinos finos<\/li>\n<li style=\"padding-bottom: 20px;\"><strong>20h30<\/strong> - Discurso del invitado de honor<\/li>\n<li style=\"padding-bottom: 20px;\"><strong>23h15<\/strong> - Fin de la velada<\/li>\n<\/ul>\n<p><em>El anfitri\u00f3n de la velada ser\u00e1<span>\u00a0<\/span><strong>Laurence Peraud<\/strong>, <span class=\"a_GcMg font-feature-liga-off font-feature-clig-off font-feature-calt-off text-decoration-none text-strikethrough-none\">Periodista especializado en vinos y locutor de radio en Sudradio<\/span><\/em><\/p>\n<p>[et_pb_toggle][\/et_pb_column][\/et_pb_row][et_pb_row _builder_version=\"4.16\u2033 _module_preset=\"default \" global_colors_info=\"{} \"][et_pb_column type=\"4_4\u2033 _builder_version=\"4.16\u2033 _module_preset=\"default \" global_colors_info=\"{} \"][et_pb_text _builder_version=\"4.27.0\u2033 _module_preset=\"default \" global_colors_info=\"{} \"]<\/p>\n<p>* Fecha por confirmar, sujeta a cambios<\/p>\n<p>[\/et_pb_text][et_pb_divider color=\"#000000\u2033 _builder_version=\"4.23.1\u2033 _module_preset=\"default \" global_colors_info=\"{} \"][\/et_pb_divider][et_pb_toggle title=\"afiliaci\u00f3n en Lille \" _builder_version=\"4.27.0\u2033 _module_preset=\"default \" custom_padding=\"|20px|||| \" locked=\"off \" global_colors_info=\"{} \"]<\/p>\n<p><strong>Pertenencia al Wine Business Lille Circle*.<\/strong> est\u00e1 reservada exclusivamente a directivos de empresas y aut\u00f3nomos.<\/p>\n<p>Para hacerse miembro :<\/p>\n<p style=\"text-align: center;\"><b>\/\/ LILLE :\u00a0<\/b><\/p>\n<p style=\"text-align: left;\">Cuota de inscripci\u00f3n\u00b9 de 540 euros IVA incl. (450 euros sin IVA) \/ Abono anual de 588 euros IVA incl. (490 euros sin IVA),<br \/>entonces podr\u00e1 elegir entre pagar el precio de la cena o suscribirse a un paquete preferente.<\/p>\n<p style=\"text-align: left;\"><strong>Precio de la cena<\/strong><span>\u00a0<\/span>234 incl. IVA\/persona<br \/><i>O<\/i><br \/><strong>Paquete de 2 \u00f3 4 cenas<\/strong><span> <\/span>(468 euros IVA incl. o 936 euros IVA incl.)<\/p>\n<p style=\"text-align: center;\"><b><\/b><\/p>\n<p style=\"text-align: center;\"><strong>FRANCIA E INTERNACIONAL<\/strong><\/p>\n<p style=\"text-align: center;\"><strong><\/strong><\/p>\n<p style=\"text-align: center;\"><b>\/\/ DUO OPEN :<br \/><\/b><b>5.970 euros sin IVA y entrada: 950 euros sin IVA<\/b><\/p>\n<p style=\"text-align: center;\">- Acceso para 2 personas,<br \/>- En 8 actos del C\u00edrculo en Lille, Par\u00eds, las regiones o el extranjero\u00b2 y<br \/>- En otros 15 eventos\u00b3<\/p>\n<p style=\"text-align: center;\"><b><\/b><\/p>\n<p style=\"text-align: center;\"><b>\/\/ VIP ABIERTO<br \/>12.900 sin impuestos y entrada: 950 euros sin impuestos<br \/><\/b>- Acceso para 5 personas,<br \/>- En 8 actos del C\u00edrculo en Lille, Par\u00eds, las regiones o el extranjero\u00b2 y<br \/>- En otros 15 eventos\u00b3<\/p>\n<p>&nbsp;<\/p>\n<p>Para m\u00e1s informaci\u00f3n, p\u00f3ngase en contacto con Ping Cai en el tel\u00e9fono 07 66 81 50 05 -\u00a0<span><span style=\"color: #ffffff;\"><a href=\"mailto:coralieschuhmacher@winebusiness.club\" style=\"color: #ffffff;\">pingcai@winebusiness.club<\/a><\/p>\n<p><\/span><\/span><\/p>\n<p><em>*2 a 4 tardes al a\u00f1o<br \/><\/em><em>\u00b9Tasa de admisi\u00f3n<span>\u00a0<\/span><i>s\u00f3lo durante el primer a\u00f1o de afiliaci\u00f3n.<br \/>\u00b2 13 ciudades: Par\u00eds, Burdeos, Toulouse, Nantes, Lille, Lyon, Marsella, Niza, Rennes, Estrasburgo, Tours, Luxemburgo y Barcelona.<br \/>Conferencias, degustaciones, radios, c\u00f3cteles, firmas de libros, eventos empresariales o de estilo de vida...<\/i><\/em><\/p>\n<p>[\/et_pb_toggle][et_pb_text _builder_version=\"4.16\u2033 _module_preset=\"default \" global_colors_info=\"{}\"]<\/p>\n<h2><span style=\"text-decoration: underline;\"><strong>SOCIOS<\/strong><\/span><\/h2>\n<p>[\/et_pb_text][\/et_pb_column][\/et_pb_row][et_pb_row _builder_version=\"4.16\u2033 _module_preset=\"default \" global_colors_info=\"{} \"][et_pb_column type=\"4_4\u2033 _builder_version=\"4.16\u2033 _module_preset=\"default \" global_colors_info=\"{} \"][gs_logo_slider shortcode=\"6\u2033 _builder_version=\"4.16\u2033 _module_preset=\"default \" global_colors_info=\"{} \"][\/gs_logo_slider][\/et_pb_column][\/et_pb_row][\/et_pb_section][et_pb_section fb_built=\"1\u2033 fullwidth=\"on \" _builder_version=\"4.16\u2033 _module_preset=\"default \" custom_margin=\"50px||50px||false|false \" locked=\"off \" global_colors_info=\"{}\"][et_pb_fullwidth_image src= \"https:\/\/winebusiness.club\/wp-content\/uploads\/2024\/05\/restaurant-la-laiterie-sophie-stalnikiewicz-173.jpg \" title_text=\"restaurant-la-laiterie-sophie-stalnikiewicz-173\u2033 _builder_version=\"4.25.1\u2033 _module_preset=\"default \" background_enable_image=\"off \" height=\"340px \" custom_margin=\"||||false|false \" filter_saturate=\"0% \" global_colors_info=\"{} \"][\/et_pb_fullwidth_image][\/et_pb_section]<\/p>","protected":false},"excerpt":{"rendered":"<p>Fond\u00e9 en 1991, le Cercle Wine Business se r\u00e9unit \u00e0 Lille et dans\u00a013 autres villes en\u00a0France (Paris, Bordeaux, Lyon, Marseille, Nantes, Nice, Rennes, Strasbourg, Toulouse et Tours) et \u00e0 l\u2019international\u00a0(Luxembourg, Barcelone, Madrid). Le Cercle Wine Business poursuit\u00a03 objectifs\u00a0:\u00a0 Retrouver les\u00a0meilleurs vins et vignerons fran\u00e7ais\u00a0\u00e0 l\u2019occasion de diners r\u00e9alis\u00e9s par des chefs d\u2019exception \u00catre un support [&hellip;]<\/p>","protected":false},"author":4,"featured_media":0,"parent":1221,"menu_order":4,"comment_status":"closed","ping_status":"closed","template":"","meta":{"_et_pb_use_builder":"on","_et_pb_old_content":"","_et_gb_content_width":"","footnotes":""},"class_list":["post-1425","page","type-page","status-publish","hentry"],"yoast_head":"<!-- This site is optimized with the Yoast SEO plugin v26.1 - https:\/\/yoast.com\/wordpress\/plugins\/seo\/ -->\n<title>Lille - Cercle Wine Business<\/title>\n<meta name=\"robots\" content=\"index, follow, max-snippet:-1, max-image-preview:large, max-video-preview:-1\" \/>\n<link rel=\"canonical\" href=\"https:\/\/winebusiness.club\/es\/francia\/lille\/\" \/>\n<meta property=\"og:locale\" content=\"es_ES\" \/>\n<meta property=\"og:type\" content=\"article\" \/>\n<meta property=\"og:title\" content=\"Lille - Cercle Wine Business\" \/>\n<meta property=\"og:description\" content=\"Fond\u00e9 en 1991, le Cercle Wine Business se r\u00e9unit \u00e0 Lille et dans\u00a013 autres villes en\u00a0France (Paris, Bordeaux, Lyon, Marseille, Nantes, Nice, Rennes, Strasbourg, Toulouse et Tours) et \u00e0 l\u2019international\u00a0(Luxembourg, Barcelone, Madrid). Le Cercle Wine Business poursuit\u00a03 objectifs\u00a0:\u00a0 Retrouver les\u00a0meilleurs vins et vignerons fran\u00e7ais\u00a0\u00e0 l\u2019occasion de diners r\u00e9alis\u00e9s par des chefs d\u2019exception \u00catre un support [&hellip;]\" \/>\n<meta property=\"og:url\" content=\"https:\/\/winebusiness.club\/es\/francia\/lille\/\" \/>\n<meta property=\"og:site_name\" content=\"Cercle Wine Business\" \/>\n<meta property=\"article:modified_time\" content=\"2026-02-02T13:00:40+00:00\" \/>\n<meta name=\"twitter:card\" content=\"summary_large_image\" \/>\n<meta name=\"twitter:label1\" content=\"Tiempo de lectura\" \/>\n\t<meta name=\"twitter:data1\" content=\"3 minutos\" \/>\n<script type=\"application\/ld+json\" class=\"yoast-schema-graph\">{\"@context\":\"https:\/\/schema.org\",\"@graph\":[{\"@type\":\"WebPage\",\"@id\":\"https:\/\/winebusiness.club\/france\/lille\/\",\"url\":\"https:\/\/winebusiness.club\/france\/lille\/\",\"name\":\"Lille - Cercle Wine Business\",\"isPartOf\":{\"@id\":\"https:\/\/winebusiness.club\/#website\"},\"datePublished\":\"2021-03-09T16:00:32+00:00\",\"dateModified\":\"2026-02-02T13:00:40+00:00\",\"breadcrumb\":{\"@id\":\"https:\/\/winebusiness.club\/france\/lille\/#breadcrumb\"},\"inLanguage\":\"es\",\"potentialAction\":[{\"@type\":\"ReadAction\",\"target\":[\"https:\/\/winebusiness.club\/france\/lille\/\"]}]},{\"@type\":\"BreadcrumbList\",\"@id\":\"https:\/\/winebusiness.club\/france\/lille\/#breadcrumb\",\"itemListElement\":[{\"@type\":\"ListItem\",\"position\":1,\"name\":\"France\",\"item\":\"https:\/\/winebusiness.club\/france\/\"},{\"@type\":\"ListItem\",\"position\":2,\"name\":\"Lille\"}]},{\"@type\":\"WebSite\",\"@id\":\"https:\/\/winebusiness.club\/#website\",\"url\":\"https:\/\/winebusiness.club\/\",\"name\":\"Cercle Wine Business\",\"description\":\"D\u00e9couvrez le  Cercle Wine Business\",\"publisher\":{\"@id\":\"https:\/\/winebusiness.club\/#organization\"},\"potentialAction\":[{\"@type\":\"SearchAction\",\"target\":{\"@type\":\"EntryPoint\",\"urlTemplate\":\"https:\/\/winebusiness.club\/?s={search_term_string}\"},\"query-input\":{\"@type\":\"PropertyValueSpecification\",\"valueRequired\":true,\"valueName\":\"search_term_string\"}}],\"inLanguage\":\"es\"},{\"@type\":\"Organization\",\"@id\":\"https:\/\/winebusiness.club\/#organization\",\"name\":\"Cercle WB\",\"url\":\"https:\/\/winebusiness.club\/\",\"logo\":{\"@type\":\"ImageObject\",\"inLanguage\":\"es\",\"@id\":\"https:\/\/winebusiness.club\/#\/schema\/logo\/image\/\",\"url\":\"https:\/\/winebusiness.club\/wp-content\/uploads\/2022\/04\/gold-logo-v2-2.png\",\"contentUrl\":\"https:\/\/winebusiness.club\/wp-content\/uploads\/2022\/04\/gold-logo-v2-2.png\",\"width\":1512,\"height\":1448,\"caption\":\"Cercle WB\"},\"image\":{\"@id\":\"https:\/\/winebusiness.club\/#\/schema\/logo\/image\/\"}}]}<\/script>\n<!-- \/ Yoast SEO plugin. -->","yoast_head_json":{"title":"Lille - Cercle Wine Business","robots":{"index":"index","follow":"follow","max-snippet":"max-snippet:-1","max-image-preview":"max-image-preview:large","max-video-preview":"max-video-preview:-1"},"canonical":"https:\/\/winebusiness.club\/es\/francia\/lille\/","og_locale":"es_ES","og_type":"article","og_title":"Lille - Cercle Wine Business","og_description":"Fond\u00e9 en 1991, le Cercle Wine Business se r\u00e9unit \u00e0 Lille et dans\u00a013 autres villes en\u00a0France (Paris, Bordeaux, Lyon, Marseille, Nantes, Nice, Rennes, Strasbourg, Toulouse et Tours) et \u00e0 l\u2019international\u00a0(Luxembourg, Barcelone, Madrid). Le Cercle Wine Business poursuit\u00a03 objectifs\u00a0:\u00a0 Retrouver les\u00a0meilleurs vins et vignerons fran\u00e7ais\u00a0\u00e0 l\u2019occasion de diners r\u00e9alis\u00e9s par des chefs d\u2019exception \u00catre un support [&hellip;]","og_url":"https:\/\/winebusiness.club\/es\/francia\/lille\/","og_site_name":"Cercle Wine Business","article_modified_time":"2026-02-02T13:00:40+00:00","twitter_card":"summary_large_image","twitter_misc":{"Tiempo de lectura":"3 minutos"},"schema":{"@context":"https:\/\/schema.org","@graph":[{"@type":"WebPage","@id":"https:\/\/winebusiness.club\/france\/lille\/","url":"https:\/\/winebusiness.club\/france\/lille\/","name":"Lille - Cercle Wine Business","isPartOf":{"@id":"https:\/\/winebusiness.club\/#website"},"datePublished":"2021-03-09T16:00:32+00:00","dateModified":"2026-02-02T13:00:40+00:00","breadcrumb":{"@id":"https:\/\/winebusiness.club\/france\/lille\/#breadcrumb"},"inLanguage":"es","potentialAction":[{"@type":"ReadAction","target":["https:\/\/winebusiness.club\/france\/lille\/"]}]},{"@type":"BreadcrumbList","@id":"https:\/\/winebusiness.club\/france\/lille\/#breadcrumb","itemListElement":[{"@type":"ListItem","position":1,"name":"France","item":"https:\/\/winebusiness.club\/france\/"},{"@type":"ListItem","position":2,"name":"Lille"}]},{"@type":"WebSite","@id":"https:\/\/winebusiness.club\/#website","url":"https:\/\/winebusiness.club\/","name":"Cercle Wine Business","description":"D\u00e9couvrez le  Cercle Wine Business","publisher":{"@id":"https:\/\/winebusiness.club\/#organization"},"potentialAction":[{"@type":"SearchAction","target":{"@type":"EntryPoint","urlTemplate":"https:\/\/winebusiness.club\/?s={search_term_string}"},"query-input":{"@type":"PropertyValueSpecification","valueRequired":true,"valueName":"search_term_string"}}],"inLanguage":"es"},{"@type":"Organization","@id":"https:\/\/winebusiness.club\/#organization","name":"Cercle WB","url":"https:\/\/winebusiness.club\/","logo":{"@type":"ImageObject","inLanguage":"es","@id":"https:\/\/winebusiness.club\/#\/schema\/logo\/image\/","url":"https:\/\/winebusiness.club\/wp-content\/uploads\/2022\/04\/gold-logo-v2-2.png","contentUrl":"https:\/\/winebusiness.club\/wp-content\/uploads\/2022\/04\/gold-logo-v2-2.png","width":1512,"height":1448,"caption":"Cercle WB"},"image":{"@id":"https:\/\/winebusiness.club\/#\/schema\/logo\/image\/"}}]}},"_links":{"self":[{"href":"https:\/\/winebusiness.club\/es\/wp-json\/wp\/v2\/pages\/1425","targetHints":{"allow":["GET"]}}],"collection":[{"href":"https:\/\/winebusiness.club\/es\/wp-json\/wp\/v2\/pages"}],"about":[{"href":"https:\/\/winebusiness.club\/es\/wp-json\/wp\/v2\/types\/page"}],"author":[{"embeddable":true,"href":"https:\/\/winebusiness.club\/es\/wp-json\/wp\/v2\/users\/4"}],"replies":[{"embeddable":true,"href":"https:\/\/winebusiness.club\/es\/wp-json\/wp\/v2\/comments?post=1425"}],"version-history":[{"count":102,"href":"https:\/\/winebusiness.club\/es\/wp-json\/wp\/v2\/pages\/1425\/revisions"}],"predecessor-version":[{"id":12007,"href":"https:\/\/winebusiness.club\/es\/wp-json\/wp\/v2\/pages\/1425\/revisions\/12007"}],"up":[{"embeddable":true,"href":"https:\/\/winebusiness.club\/es\/wp-json\/wp\/v2\/pages\/1221"}],"wp:attachment":[{"href":"https:\/\/winebusiness.club\/es\/wp-json\/wp\/v2\/media?parent=1425"}],"curies":[{"name":"wp","href":"https:\/\/api.w.org\/{rel}","templated":true}]}}