{"id":3883,"date":"2022-09-29T11:19:27","date_gmt":"2022-09-29T09:19:27","guid":{"rendered":"https:\/\/winebusiness.club\/?page_id=3883"},"modified":"2026-02-18T16:37:54","modified_gmt":"2026-02-18T15:37:54","slug":"3883-2","status":"publish","type":"page","link":"https:\/\/winebusiness.club\/en\/3883-2\/","title":{"rendered":"Guests of honour"},"content":{"rendered":"<p>[et_pb_section fb_built=\"1\u2033 fullwidth=\"on \" _builder_version=\"4.16\u2033 _module_preset=\"default \" global_colors_info=\"{} \"][et_pb_fullwidth_image src=\"https:\/\/winebusiness.club\/wp-content\/uploads\/2020\/12\/AdobeStock_333984826_NB_comp-scaled-e1607502636381.jpg \" alt=\"cercle economy et grands vins\" title_text=\"cercle economy et grands vins\" _builder_version=\"4.16\u2033 _module_preset=\"default \" height=\"300px \" filter_saturate=\"0% \" global_colors_info=\"{} \"][\/et_pb_fullwidth_image][\/et_pb_section][et_pb_section fb_built=\"1\u2033 _builder_version=\"4.21.0\u2033 _module_preset=\"default \" global_colors_info=\"{} \"][et_pb_row admin_label=\"Background text\" _builder_version=\"4.16\u2033 _module_preset=\"default \" positioning=\"absolute \" position_origin_a=\"top_right \" width=\"100% \" max_width=\"100% \" locked=\"off \" global_colors_info=\"{} \"][et_pb_column type=\"4_4\u2033 _builder_version=\"4.16\u2033 _module_preset=\"default \" global_colors_info=\"{} \"][et_pb_text disabled_on=\"off|off|off \" _builder_version=\"4.24.0\u2033 _module_preset=\"default \" text_font=\"Ariata Stencil|900||||||| \" text_text_color=\"#f2f2f2\u2033 text_font_size=\"122px \" text_line_height=\"1em \" text_orientation=\"right \" text_font_size_tablet= \" \" text_font_size_phone=\"60px \" text_font_size_last_edited=\"on|phone \" global_colors_info=\"{}\"]<\/p>\n<p>IH<\/p>\n<p>[et_pb_text][\/et_pb_column][\/et_pb_row][et_pb_row _builder_version=\"4.16\u2033 _module_preset=\"default \" global_colors_info=\"{} \"][et_pb_column type=\"4_4\u2033 _builder_version=\"4.16\u2033 _module_preset=\"default \" global_colors_info=\"{} \"][et_pb_code admin_label=\"Arrow\" _builder_version=\"4.16\u2033 _module_preset=\"default \" max_width=\"0px \" height=\"102px \" custom_css_before=\"content: \";||position: absolute;||top: calc(100% - 25px);||left: -12px;||height: 20px;||width: 20px;||transform: rotate(45deg);||-webkit-transform: rotate(45deg);||border: solid #2E2E2E;||border-width: 0 2px 2px 0; \" border_width_left=\"2px \" global_colors_info=\"{}\"][\/et_pb_code][et_pb_post_title meta=\"off \" featured_image=\"off \" _builder_version=\"4.24.0\u2033 _module_preset=\"default \" title_font=\"|900||||||| \" title_font_size=\"69px \" title_letter_spacing=\"2.07px \" title_font_size_tablet= \" \" title_font_size_phone=\"49px \" title_font_size_last_edited=\"on|phone \" global_colors_info=\"{} \"][\/et_pb_post_title][\/et_pb_column][\/et_pb_row][et_pb_row _builder_version=\"4.16\u2033 _module_preset=\"default \" global_colors_info=\"{} \"][et_pb_column type=\"4_4\u2033 _builder_version=\"4.16\u2033 _module_preset=\"default \" global_colors_info=\"{} \"][et_pb_text _builder_version=\"4.27.0\u2033 _module_preset=\"default \" global_colors_info=\"{} \"]<\/p>\n<p>Read interviews with<span style=\"text-decoration: underline;\"><a href=\"https:\/\/www.youtube.com\/@alain_marty\" title=\"Youtube Alain Marty\"><strong>Alain Marty<\/strong><\/a><\/span> on its channel.<\/p>\n<p>[\/et_pb_text][\/et_pb_column][\/et_pb_row][et_pb_row column_structure=\"1_3,1_3,1_3\u2033 _builder_version=\"4.16\u2033 _module_preset=\"default \" global_colors_info=\"{} \"][et_pb_column type=\"1_3\u2033 _builder_version=\"4.16\u2033 _module_preset=\"default \" global_colors_info=\"{} \"][et_pb_text _builder_version=\"4.27.0\u2033 _module_preset=\"default \" global_colors_info=\"{} \"]<\/p>\n<p><strong>Muriel<\/strong> <strong>P\u00e9nicaud<\/strong>- Former Minister of Labour and author of the book \"Engag\u00e9e\" published by Editions Alpha<\/p>\n<p>[\/et_pb_text][et_pb_image src= \"https:\/\/winebusiness.club\/wp-content\/uploads\/2025\/01\/muriel-penicaud.jpg \" title_text=\"muriel penicaud \" align=\"center \" _builder_version=\"4.27.0\u2033 _module_preset=\"default \" width=\"55% \" global_colors_info=\"{} \"][\/et_pb_image][et_pb_icon font_icon=\"\ue0a3||divi||400\u2033 icon_color=\"#ff3f3f \" icon_width=\"56px \" url=\"https:\/\/www.youtube.com\/watch?v=F7p_ArhWxBY&amp;t=648s \" _builder_version=\"4.27.0\u2033 _module_preset=\"default \" global_colors_info=\"{}\"][\/et_pb_icon][\/et_pb_column][et_pb_column type=\"1_3\u2033 _builder_version=\"4.16\u2033 _module_preset=\"default \" global_colors_info=\"{} \"][et_pb_text _builder_version=\"4.16\u2033 _module_preset=\"default \" global_colors_info=\"{} \"]<\/p>\n<p><b>Arnaud Montebourg <\/b>- Entrepreneur and former Minister for the Economy<\/p>\n<\/p>\n<p>[\/et_pb_text][et_pb_image src= \"https:\/\/winebusiness.club\/wp-content\/uploads\/2023\/07\/arnaud-montebourg.jpg \" title_text=\"Arnaud Montebourg \" align=\"center \" _builder_version=\"4.21.0\u2033 _module_preset=\"default \" width=\"55% \" global_colors_info=\"{} \"][\/et_pb_image][et_pb_icon font_icon=\"\ue0a3||divi||400\u2033 icon_color=\"#ff3f3f \" icon_width=\"56px \" url=\"https:\/\/youtu.be\/mMxz4GnOFOY \" _builder_version=\"4.21.0\u2033 _module_preset=\"default \" global_colors_info=\"{} \"][\/et_pb_icon][\/et_pb_column][et_pb_column type=\"1_3\u2033 _builder_version=\"4.16\u2033 _module_preset=\"default \" global_colors_info=\"{} \"][et_pb_text _builder_version=\"4.27.0\u2033 _module_preset=\"default \" custom_margin=\"||97px||| \" custom_padding=\"||0px||| \" global_colors_info=\"{} \"]<\/p>\n<p><strong>Fran\u00e7ois-Xavier Demaison<\/strong><\/p>\n<p><strong><\/strong><\/p>\n<p>[\/et_pb_text][et_pb_image src= \"https:\/\/winebusiness.club\/wp-content\/uploads\/2023\/07\/photo_francois_xavier_demaison_1618930499.jpg \" title_text=\"Fran\u00e7ois Xavier-Demaison \" align=\"center \" _builder_version=\"4.21.0\u2033 _module_preset=\"default \" width=\"55% \" custom_margin=\"-45px||||| \" global_colors_info=\"{} \"][\/et_pb_image][et_pb_icon font_icon=\"\ue0a3||divi||400\u2033 icon_color=\"#ff3f3f \" icon_width=\"56px \" url=\"https:\/\/youtu.be\/C3ZLE6lqKKU \" _builder_version=\"4.21.0\u2033 _module_preset=\"default \" global_colors_info=\"{} \"][\/et_pb_icon][\/et_pb_column][\/et_pb_row][et_pb_row column_structure=\"1_3,1_3,1_3\u2033 _builder_version=\"4.16\u2033 _module_preset=\"default \" global_colors_info=\"{} \"][et_pb_column type=\"1_3\u2033 _builder_version=\"4.16\u2033 _module_preset=\"default \" global_colors_info=\"{} \"][et_pb_text _builder_version=\"4.27.0\u2033 _module_preset=\"default \" global_colors_info=\"{} \"]<\/p>\n<p><b>Alain Weill,\u00a0<\/b>Chairman of Nextnow and l'Express<\/p>\n<p>[\/et_pb_text][et_pb_image src=\u00a0\u00bbhttps:\/\/winebusiness.club\/wp-content\/uploads\/2025\/11\/alain-weill.jpg\u00a0\u00bb title_text=\u00a0\u00bbAlain Weill\u00a0\u00bb align=\u00a0\u00bbcenter\u00a0\u00bb _builder_version=\u00a0\u00bb4.27.0&Prime; _module_preset=\u00a0\u00bbdefault\u00a0\u00bb width=\u00a0\u00bb55%\u00a0\u00bb min_height=\u00a0\u00bb103px\u00a0\u00bb custom_margin=\u00a0\u00bb||21px|||\u00a0\u00bb custom_padding=\u00a0\u00bb||0px|||\u00a0\u00bb global_colors_info=\u00a0\u00bb{}\u00a0\u00bb][\/et_pb_image][et_pb_icon font_icon=\u00a0\u00bb&#xe0a3;||divi||400&Prime; icon_color=\u00a0\u00bb#ff3f3f\u00a0\u00bb icon_width=\u00a0\u00bb56px\u00a0\u00bb url=\u00a0\u00bbhttps:\/\/www.youtube.com\/watch?v=gtLD4quX_js&#038;list=PLFwhPpwyrqpSN3YkdXfQ5pgSl6JN9vjdL&#038;index=63&Prime; _builder_version=\u00a0\u00bb4.27.0&Prime; _module_preset=\u00a0\u00bbdefault\u00a0\u00bb global_colors_info=\u00a0\u00bb{}\u00a0\u00bb][\/et_pb_icon][\/et_pb_column][et_pb_column type=\u00a0\u00bb1_3&Prime; _builder_version=\u00a0\u00bb4.16&Prime; _module_preset=\u00a0\u00bbdefault\u00a0\u00bb global_colors_info=\u00a0\u00bb{}\u00a0\u00bb][et_pb_text _builder_version=\u00a0\u00bb4.27.0&Prime; _module_preset=\u00a0\u00bbdefault\u00a0\u00bb global_colors_info=\u00a0\u00bb{}\u00a0\u00bb]<\/p>\n<p><strong>Anne Lauvergeon<\/strong>Former Chairman of Areva (Orano) and author of the book \"La promesse\" published by Editions Grasset.<\/p>\n<p>[\/et_pb_text][et_pb_image src= \"https:\/\/winebusiness.club\/wp-content\/uploads\/2025\/01\/kl384a5s.png \" title_text=\"kl384a5s \" align=\"center \" _builder_version=\"4.27.0\u2033 _module_preset=\"default \" width=\"55% \" custom_padding=\"||0px||| \" global_colors_info=\"{} \"][\/et_pb_image][et_pb_icon font_icon=\"\ue0a3||divi||400\u2033 icon_color=\"#ff3f3f \" icon_width=\"56px \" _builder_version=\"4.27.0\u2033 _module_preset=\"default \" global_colors_info=\"{} \"][\/et_pb_icon][\/et_pb_column][et_pb_column type=\"1_3\u2033 _builder_version=\"4.16\u2033 _module_preset=\"default \" global_colors_info=\"{} \"][et_pb_text _builder_version=\"4.27.0\u2033 _module_preset=\"default \" custom_margin=\"||97px||| \" custom_padding=\"||0px||| \" global_colors_info=\"{} \"]<\/p>\n<p><strong>B\u00e9rang\u00e8re Loiseau<\/strong>Chairman and CEO of the Bernard Loiseau Group<\/p>\n<p>[\/et_pb_text][et_pb_image src= \"https:\/\/winebusiness.club\/wp-content\/uploads\/2025\/01\/berangere-loiseau.webp \" title_text=\"Berangere-LOISEAU \" align=\"center \" _builder_version=\"4.27.0\u2033 _module_preset=\"default \" width=\"55% \" custom_margin=\"-45px||||| \" global_colors_info=\"{} \"][\/et_pb_image][et_pb_icon font_icon=\"\ue0a3||divi||400\u2033 icon_color=\"#ff3f3f \" icon_width=\"56px \" url=\"https:\/\/www.youtube.com\/watch?v=lzMkbjYRQRk&amp;list=PLFwhPpwyrqpSN3YkdXfQ5pgSl6JN9vjdL&amp;index=58\u2033 _builder_version=\"4.27.0\u2033 _module_preset=\"default \" global_colors_info=\"{} \"][\/et_pb_icon][\/et_pb_column][\/et_pb_row][et_pb_row column_structure=\"1_3,1_3,1_3\u2033 _builder_version=\"4.16\u2033 _module_preset=\"default \" global_colors_info=\"{} \"][et_pb_column type=\"1_3\u2033 _builder_version=\"4.16\u2033 _module_preset=\"default \" global_colors_info=\"{} \"][et_pb_text _builder_version=\"4.27.0\u2033 _module_preset=\"default \" global_colors_info=\"{} \"]<\/p>\n<p><strong>\u00c9ric Vallat<\/strong>Chief Executive Officer of the R\u00e9my Cointreau Group<\/p>\n<p>[\/et_pb_text][et_pb_image src= \"https:\/\/winebusiness.club\/wp-content\/uploads\/2025\/01\/46-jubr1630-scaled.jpg \" title_text=\"ERIC VALLAT \" align=\"center \" _builder_version=\"4.27.0\u2033 _module_preset=\"default \" width=\"55% \" min_height=\"103px \" custom_margin=\"||21px||| \" custom_padding=\"||0px||| \" global_colors_info=\"{} \"][\/et_pb_image][et_pb_icon font_icon=\"\ue0a3||divi||400\u2033 icon_color=\"#ff3f3f \" icon_width=\"56px \" url=\"https:\/\/www.youtube.com\/watch?v=CsWDe06X7DI&amp;list=PLFwhPpwyrqpSN3YkdXfQ5pgSl6JN9vjdL&amp;index=59\u2033 _builder_version=\"4.27.0\u2033 _module_preset=\"default \" global_colors_info=\"{} \"][\/et_pb_icon][\/et_pb_column][et_pb_column type=\"1_3\u2033 _builder_version=\"4.16\u2033 _module_preset=\"default \" global_colors_info=\"{} \"][et_pb_text _builder_version=\"4.27.0\u2033 _module_preset=\"default \" global_colors_info=\"{} \"]<\/p>\n<p><strong>Christophe Castaner<\/strong>Chairman of the Supervisory Board of the Port of Marseille Fos<\/p>\n<p>[\/et_pb_text][et_pb_image src= \"https:\/\/winebusiness.club\/wp-content\/uploads\/2025\/01\/christophe-castanaer.jpg \" title_text=\"christophe castanaer \" align=\"center \" _builder_version=\"4.27.0\u2033 _module_preset=\"default \" width=\"55% \" custom_padding=\"||0px||| \" global_colors_info=\"{} \"][\/et_pb_image][et_pb_icon font_icon=\"\ue0a3||divi||400\u2033 icon_color=\"#ff3f3f \" icon_width=\"56px \" url=\"https:\/\/www.youtube.com\/watch?v=EXQtxBe47HI&amp;list=PLFwhPpwyrqpSN3YkdXfQ5pgSl6JN9vjdL&amp;index=72\u2033 _builder_version=\"4.27.0\u2033 _module_preset=\"default \" global_colors_info=\"{}\"][\/et_pb_icon][\/et_pb_column][et_pb_column type=\"1_3\u2033 _builder_version=\"4.16\u2033 _module_preset=\"default \" global_colors_info=\"{} \"][et_pb_text _builder_version=\"4.27.0\u2033 _module_preset=\"default \" custom_margin=\"||97px||| \" custom_padding=\"||0px||| \" global_colors_info=\"{} \"]<\/p>\n<p><strong>Natacha Polony<\/strong>Editorial Director of Marianne<\/p>\n<p>[\/et_pb_text][et_pb_image src= \"https:\/\/winebusiness.club\/wp-content\/uploads\/2025\/01\/natacha-polony.jpg \" title_text=\"Natacha-Polony \" align=\"center \" _builder_version=\"4.27.0\u2033 _module_preset=\"default \" width=\"55% \" custom_margin=\"-45px||||| \" global_colors_info=\"{} \"][\/et_pb_image][et_pb_icon font_icon=\"\ue0a3||divi||400\u2033 icon_color=\"#ff3f3f \" icon_width=\"56px \" url=\"https:\/\/www.youtube.com\/watch?v=QrY49DEDf3o&amp;list=PLFwhPpwyrqpSN3YkdXfQ5pgSl6JN9vjdL&amp;index=75\u2033 _builder_version=\"4.27.0\u2033 _module_preset=\"default \" global_colors_info=\"{} \"][\/et_pb_icon][\/et_pb_column][\/et_pb_row][et_pb_row column_structure=\"1_3,1_3,1_3\u2033 _builder_version=\"4.16\u2033 _module_preset=\"default \" global_colors_info=\"{} \"][et_pb_column type=\"1_3\u2033 _builder_version=\"4.16\u2033 _module_preset=\"default \" global_colors_info=\"{} \"][et_pb_text _builder_version=\"4.27.0\u2033 _module_preset=\"default \" global_colors_info=\"{} \"]<\/p>\n<p><strong>Anthony Afflelou,<\/strong> Chairman and CEO, Afflelou Group\u00a0<\/p>\n<p>[\/et_pb_text][et_pb_image src= \"https:\/\/winebusiness.club\/wp-content\/uploads\/2025\/01\/anthony-afflelou-1-e1736956736379-1.jpg \" title_text=\"anthony-afflelou-1-e1736956736379\u2033 align=\"center \" _builder_version=\"4.27.0\u2033 _module_preset=\"default \" width=\"55%\" min_height=\"103px \" custom_margin=\"||21px|||\" custom_padding=\"||0px|||\" global_colors_info=\"{}\"][\/et_pb_image][et_pb_icon font_icon=\"\ue0a3||divi||400\u2033 icon_color=\"#ff3f3f\" icon_width=\"56px \" url=\"https:\/\/www.youtube.com\/watch?v=sobvz6NQ4f8&amp;list=PLFwhPpwyrqpSN3YkdXfQ5pgSl6JN9vjdL&amp;index=85\u2033 _builder_version=\"4.27.0\u2033 _module_preset=\"default \" global_colors_info=\"{} \"][\/et_pb_icon][\/et_pb_column][et_pb_column type=\"1_3\u2033 _builder_version=\"4.16\u2033 _module_preset=\"default \" global_colors_info=\"{} \"][et_pb_text _builder_version=\"4.27.0\u2033 _module_preset=\"default \" global_colors_info=\"{} \"]<\/p>\n<p><strong>Nicolas S\u00e9ri\u00e8s<\/strong>President of ZEISS France\u00a0<\/p>\n<p>[\/et_pb_text][et_pb_image src= \"https:\/\/winebusiness.club\/wp-content\/uploads\/2025\/01\/nicolas-series-zeiss.jpg \" title_text=\"Nicolas S\u00e9ri\u00e8s ZEISS \" align=\"center \" _builder_version=\"4.27.0\u2033 _module_preset=\"default \" width=\"55% \" custom_padding=\"||0px||| \" global_colors_info=\"{} \"][\/et_pb_image][et_pb_icon font_icon=\"\ue0a3||divi||400\u2033 icon_color=\"#ff3f3f \" icon_width=\"56px \" url=\"https:\/\/www.youtube.com\/watch?v=5UHzMA8eW1c&amp;list=PLFwhPpwyrqpSN3YkdXfQ5pgSl6JN9vjdL&amp;index=82\u2033 _builder_version=\"4.27.0\u2033 _module_preset=\"default \" global_colors_info=\"{} \"][\/et_pb_icon][\/et_pb_column][et_pb_column type=\"1_3\u2033 _builder_version=\"4.16\u2033 _module_preset=\"default \" global_colors_info=\"{} \"][et_pb_text _builder_version=\"4.27.0\u2033 _module_preset=\"default \" custom_margin=\"||97px||| \" custom_padding=\"||0px||| \" global_colors_info=\"{} \"]<\/p>\n<p><strong>Xavier Unkovic,<\/strong> global CEO of Bonduelle<\/p>\n<p>[\/et_pb_text][et_pb_image src= \"https:\/\/winebusiness.club\/wp-content\/uploads\/2025\/01\/xu.jpg \" title_text=\"xu \" align=\"center \" _builder_version=\"4.27.0\u2033 _module_preset=\"default \" width=\"55% \" custom_margin=\"-45px||||| \" global_colors_info=\"{} \"][\/et_pb_image][et_pb_icon font_icon=\"\ue0a3||divi||400\u2033 icon_color=\"#ff3f3f \" icon_width=\"56px \" _builder_version=\"4.27.0\u2033 _module_preset=\"default \" global_colors_info=\"{} \"][\/et_pb_icon][\/et_pb_column][\/et_pb_row][\/et_pb_section][et_pb_section fb_built=\"1\u2033 fullwidth=\"on \" _builder_version=\"4.16\u2033 _module_preset=\"default \" custom_margin=\"50px||50px||false|false \" locked=\"off \" global_colors_info=\"{}\"][et_pb_fullwidth_image src=\"https:\/\/winebusiness.club\/wp-content\/uploads\/2021\/03\/road-428039-e1614766958808.jpg \" title_text=\"road-428039\u2033 _builder_version=\"4.16\u2033 _module_preset=\"default \" height=\"340px \" custom_margin=\"||||false|false \" filter_saturate=\"0% \" global_colors_info=\"{} \"][\/et_pb_fullwidth_image][\/et_pb_section][et_pb_section fb_built=\"1\u2033 _builder_version=\"4.27.0\u2033 _module_preset=\"default \" global_colors_info=\"{} \"][\/et_pb_section]<\/p>","protected":false},"excerpt":{"rendered":"<p>IHRead Alain Marty's interviews on his channel.Muriel P\u00e9nicaud- Former Minister of Labour and author of the book \"Engag\u00e9e\" published by Editions AlphaArnaud Montebourg - Entrepreneur and former Minister of the Economy Fran\u00e7ois-Xavier Demaison Alain Weill, Chairman of Nextnow and L'ExpressAnne Lauvergeon, Former Chairman of Areva (Orano) and author of the book \"La promesse\" published by Editions GrassetB\u00e9rang\u00e8re Loiseau, Chairman and CEO of [...].<\/p>","protected":false},"author":5,"featured_media":0,"parent":0,"menu_order":0,"comment_status":"closed","ping_status":"closed","template":"","meta":{"_et_pb_use_builder":"on","_et_pb_old_content":"","_et_gb_content_width":"","footnotes":""},"class_list":["post-3883","page","type-page","status-publish","hentry"],"yoast_head":"<!-- This site is optimized with the Yoast SEO plugin v26.1 - https:\/\/yoast.com\/wordpress\/plugins\/seo\/ -->\n<title>Invit\u00e9s d&#039;honneur - Cercle Wine Business<\/title>\n<meta name=\"robots\" content=\"index, follow, max-snippet:-1, max-image-preview:large, max-video-preview:-1\" \/>\n<link rel=\"canonical\" href=\"https:\/\/winebusiness.club\/en\/3883-2\/\" \/>\n<meta property=\"og:locale\" content=\"en_GB\" \/>\n<meta property=\"og:type\" content=\"article\" \/>\n<meta property=\"og:title\" content=\"Invit\u00e9s d&#039;honneur - Cercle Wine Business\" \/>\n<meta property=\"og:description\" content=\"IHRetrouvez les interviews d&#039;Alain Marty sur sa cha\u00eene.Muriel P\u00e9nicaud- Ancienne Ministre du Travail et auteure du livre &quot;Engag\u00e9e&quot; aux Editions AlphaArnaud Montebourg - Entrepreneur et ancien Ministre de l&#039;Economie Fran\u00e7ois-Xavier Demaison Alain Weill,\u00a0Pr\u00e9sident de Nextnow et de l&#039;ExpressAnne Lauvergeon, Ancienne Pr\u00e9sidente d&#039;Areva (Orano) et Auteure du livre &quot;La promesse&quot; aux Editions GrassetB\u00e9rang\u00e8re Loiseau, Pr\u00e9sidente-Directrice G\u00e9n\u00e9rale [&hellip;]\" \/>\n<meta property=\"og:url\" content=\"https:\/\/winebusiness.club\/en\/3883-2\/\" \/>\n<meta property=\"og:site_name\" content=\"Cercle Wine Business\" \/>\n<meta property=\"article:modified_time\" content=\"2026-02-18T15:37:54+00:00\" \/>\n<meta name=\"twitter:card\" content=\"summary_large_image\" \/>\n<meta name=\"twitter:label1\" content=\"Estimated reading time\" \/>\n\t<meta name=\"twitter:data1\" content=\"9 minutes\" \/>\n<script type=\"application\/ld+json\" class=\"yoast-schema-graph\">{\"@context\":\"https:\/\/schema.org\",\"@graph\":[{\"@type\":\"WebPage\",\"@id\":\"https:\/\/winebusiness.club\/3883-2\/\",\"url\":\"https:\/\/winebusiness.club\/3883-2\/\",\"name\":\"Invit\u00e9s d'honneur - Cercle Wine Business\",\"isPartOf\":{\"@id\":\"https:\/\/winebusiness.club\/#website\"},\"datePublished\":\"2022-09-29T09:19:27+00:00\",\"dateModified\":\"2026-02-18T15:37:54+00:00\",\"inLanguage\":\"en-GB\",\"potentialAction\":[{\"@type\":\"ReadAction\",\"target\":[\"https:\/\/winebusiness.club\/3883-2\/\"]}]},{\"@type\":\"WebSite\",\"@id\":\"https:\/\/winebusiness.club\/#website\",\"url\":\"https:\/\/winebusiness.club\/\",\"name\":\"Cercle Wine Business\",\"description\":\"D\u00e9couvrez le  Cercle Wine Business\",\"publisher\":{\"@id\":\"https:\/\/winebusiness.club\/#organization\"},\"potentialAction\":[{\"@type\":\"SearchAction\",\"target\":{\"@type\":\"EntryPoint\",\"urlTemplate\":\"https:\/\/winebusiness.club\/?s={search_term_string}\"},\"query-input\":{\"@type\":\"PropertyValueSpecification\",\"valueRequired\":true,\"valueName\":\"search_term_string\"}}],\"inLanguage\":\"en-GB\"},{\"@type\":\"Organization\",\"@id\":\"https:\/\/winebusiness.club\/#organization\",\"name\":\"Cercle WB\",\"url\":\"https:\/\/winebusiness.club\/\",\"logo\":{\"@type\":\"ImageObject\",\"inLanguage\":\"en-GB\",\"@id\":\"https:\/\/winebusiness.club\/#\/schema\/logo\/image\/\",\"url\":\"https:\/\/winebusiness.club\/wp-content\/uploads\/2022\/04\/gold-logo-v2-2.png\",\"contentUrl\":\"https:\/\/winebusiness.club\/wp-content\/uploads\/2022\/04\/gold-logo-v2-2.png\",\"width\":1512,\"height\":1448,\"caption\":\"Cercle WB\"},\"image\":{\"@id\":\"https:\/\/winebusiness.club\/#\/schema\/logo\/image\/\"}}]}<\/script>\n<!-- \/ Yoast SEO plugin. -->","yoast_head_json":{"title":"Invit\u00e9s d'honneur - Cercle Wine Business","robots":{"index":"index","follow":"follow","max-snippet":"max-snippet:-1","max-image-preview":"max-image-preview:large","max-video-preview":"max-video-preview:-1"},"canonical":"https:\/\/winebusiness.club\/en\/3883-2\/","og_locale":"en_GB","og_type":"article","og_title":"Invit\u00e9s d'honneur - Cercle Wine Business","og_description":"IHRetrouvez les interviews d'Alain Marty sur sa cha\u00eene.Muriel P\u00e9nicaud- Ancienne Ministre du Travail et auteure du livre \"Engag\u00e9e\" aux Editions AlphaArnaud Montebourg - Entrepreneur et ancien Ministre de l'Economie Fran\u00e7ois-Xavier Demaison Alain Weill,\u00a0Pr\u00e9sident de Nextnow et de l'ExpressAnne Lauvergeon, Ancienne Pr\u00e9sidente d'Areva (Orano) et Auteure du livre \"La promesse\" aux Editions GrassetB\u00e9rang\u00e8re Loiseau, Pr\u00e9sidente-Directrice G\u00e9n\u00e9rale [&hellip;]","og_url":"https:\/\/winebusiness.club\/en\/3883-2\/","og_site_name":"Cercle Wine Business","article_modified_time":"2026-02-18T15:37:54+00:00","twitter_card":"summary_large_image","twitter_misc":{"Estimated reading time":"9 minutes"},"schema":{"@context":"https:\/\/schema.org","@graph":[{"@type":"WebPage","@id":"https:\/\/winebusiness.club\/3883-2\/","url":"https:\/\/winebusiness.club\/3883-2\/","name":"Invit\u00e9s d'honneur - Cercle Wine Business","isPartOf":{"@id":"https:\/\/winebusiness.club\/#website"},"datePublished":"2022-09-29T09:19:27+00:00","dateModified":"2026-02-18T15:37:54+00:00","inLanguage":"en-GB","potentialAction":[{"@type":"ReadAction","target":["https:\/\/winebusiness.club\/3883-2\/"]}]},{"@type":"WebSite","@id":"https:\/\/winebusiness.club\/#website","url":"https:\/\/winebusiness.club\/","name":"Cercle Wine Business","description":"D\u00e9couvrez le  Cercle Wine Business","publisher":{"@id":"https:\/\/winebusiness.club\/#organization"},"potentialAction":[{"@type":"SearchAction","target":{"@type":"EntryPoint","urlTemplate":"https:\/\/winebusiness.club\/?s={search_term_string}"},"query-input":{"@type":"PropertyValueSpecification","valueRequired":true,"valueName":"search_term_string"}}],"inLanguage":"en-GB"},{"@type":"Organization","@id":"https:\/\/winebusiness.club\/#organization","name":"Cercle WB","url":"https:\/\/winebusiness.club\/","logo":{"@type":"ImageObject","inLanguage":"en-GB","@id":"https:\/\/winebusiness.club\/#\/schema\/logo\/image\/","url":"https:\/\/winebusiness.club\/wp-content\/uploads\/2022\/04\/gold-logo-v2-2.png","contentUrl":"https:\/\/winebusiness.club\/wp-content\/uploads\/2022\/04\/gold-logo-v2-2.png","width":1512,"height":1448,"caption":"Cercle WB"},"image":{"@id":"https:\/\/winebusiness.club\/#\/schema\/logo\/image\/"}}]}},"_links":{"self":[{"href":"https:\/\/winebusiness.club\/en\/wp-json\/wp\/v2\/pages\/3883","targetHints":{"allow":["GET"]}}],"collection":[{"href":"https:\/\/winebusiness.club\/en\/wp-json\/wp\/v2\/pages"}],"about":[{"href":"https:\/\/winebusiness.club\/en\/wp-json\/wp\/v2\/types\/page"}],"author":[{"embeddable":true,"href":"https:\/\/winebusiness.club\/en\/wp-json\/wp\/v2\/users\/5"}],"replies":[{"embeddable":true,"href":"https:\/\/winebusiness.club\/en\/wp-json\/wp\/v2\/comments?post=3883"}],"version-history":[{"count":36,"href":"https:\/\/winebusiness.club\/en\/wp-json\/wp\/v2\/pages\/3883\/revisions"}],"predecessor-version":[{"id":12205,"href":"https:\/\/winebusiness.club\/en\/wp-json\/wp\/v2\/pages\/3883\/revisions\/12205"}],"wp:attachment":[{"href":"https:\/\/winebusiness.club\/en\/wp-json\/wp\/v2\/media?parent=3883"}],"curies":[{"name":"wp","href":"https:\/\/api.w.org\/{rel}","templated":true}]}}