{"id":3,"date":"2020-12-02T15:47:13","date_gmt":"2020-12-02T14:47:13","guid":{"rendered":"http:\/\/cercleh.cluster023.hosting.ovh.net\/?page_id=3"},"modified":"2025-10-10T09:36:40","modified_gmt":"2025-10-10T07:36:40","slug":"privacy-policy","status":"publish","type":"page","link":"https:\/\/winebusiness.club\/en\/privacy-policy\/","title":{"rendered":"Privacy policy"},"content":{"rendered":"<p>[et_pb_section fb_built=\u00a0\u00bb1&Prime; fullwidth=\u00a0\u00bbon\u00a0\u00bb _builder_version=\u00a0\u00bb4.16&Prime; _module_preset=\u00a0\u00bbdefault\u00a0\u00bb global_colors_info=\u00a0\u00bb{}\u00a0\u00bb][et_pb_fullwidth_image src=\u00a0\u00bbhttps:\/\/winebusiness.club\/wp-content\/uploads\/2020\/12\/AdobeStock_333984826_NB_comp-scaled-e1607502636381.jpg\u00a0\u00bb alt=\u00a0\u00bbcercle economy et grands vins\u00a0\u00bb title_text=\u00a0\u00bbcercle economy et grands vins\u00a0\u00bb _builder_version=\u00a0\u00bb4.16&Prime; _module_preset=\u00a0\u00bbdefault\u00a0\u00bb height=\u00a0\u00bb300px\u00a0\u00bb filter_saturate=\u00a0\u00bb0%\u00a0\u00bb global_colors_info=\u00a0\u00bb{}\u00a0\u00bb][\/et_pb_fullwidth_image][\/et_pb_section][et_pb_section fb_built=\u00a0\u00bb1&Prime; _builder_version=\u00a0\u00bb4.16&Prime; global_colors_info=\u00a0\u00bb{}\u00a0\u00bb][et_pb_row _builder_version=\u00a0\u00bb4.16&Prime; _module_preset=\u00a0\u00bbdefault\u00a0\u00bb global_colors_info=\u00a0\u00bb{}\u00a0\u00bb][et_pb_column type=\u00a0\u00bb4_4&Prime; _builder_version=\u00a0\u00bb4.16&Prime; _module_preset=\u00a0\u00bbdefault\u00a0\u00bb global_colors_info=\u00a0\u00bb{}\u00a0\u00bb][et_pb_code admin_label=\u00a0\u00bbFl\u00e8che\u00a0\u00bb _builder_version=\u00a0\u00bb4.16&Prime; _module_preset=\u00a0\u00bbdefault\u00a0\u00bb max_width=\u00a0\u00bb0px\u00a0\u00bb height=\u00a0\u00bb102px\u00a0\u00bb custom_css_before=\u00a0\u00bbcontent: \u00a0\u00bb;||position: absolute;||top: calc(100% &#8211; 25px);||left: -12px;||height: 20px;||width: 20px;||transform: rotate(45deg);||-webkit-transform: rotate(45deg);||border: solid #2E2E2E;||border-width: 0 2px 2px 0;\u00a0\u00bb border_width_left=\u00a0\u00bb2px\u00a0\u00bb global_colors_info=\u00a0\u00bb{}\u00a0\u00bb][\/et_pb_code][et_pb_post_title meta=\u00a0\u00bboff\u00a0\u00bb featured_image=\u00a0\u00bboff\u00a0\u00bb _builder_version=\u00a0\u00bb4.16&Prime; _module_preset=\u00a0\u00bbdefault\u00a0\u00bb title_font=\u00a0\u00bbNeue Haas Grotesk 75 Bold|700|||||||\u00a0\u00bb title_font_size=\u00a0\u00bb69px\u00a0\u00bb title_letter_spacing=\u00a0\u00bb2.07px\u00a0\u00bb global_colors_info=\u00a0\u00bb{}\u00a0\u00bb][\/et_pb_post_title][\/et_pb_column][\/et_pb_row][et_pb_row _builder_version=\u00a0\u00bb4.16&Prime; background_size=\u00a0\u00bbinitial\u00a0\u00bb background_position=\u00a0\u00bbtop_left\u00a0\u00bb background_repeat=\u00a0\u00bbrepeat\u00a0\u00bb global_colors_info=\u00a0\u00bb{}\u00a0\u00bb][et_pb_column type=\u00a0\u00bb4_4&Prime; _builder_version=\u00a0\u00bb4.16&Prime; custom_padding=\u00a0\u00bb|||\u00a0\u00bb global_colors_info=\u00a0\u00bb{}\u00a0\u00bb custom_padding__hover=\u00a0\u00bb|||\u00a0\u00bb][et_pb_text _builder_version=\u00a0\u00bb4.27.0&Prime; _module_preset=\u00a0\u00bbdefault\u00a0\u00bb link_font=\u00a0\u00bb||||on||||\u00a0\u00bb header_2_font=\u00a0\u00bb|700|||||||\u00a0\u00bb header_3_font=\u00a0\u00bb|600|||||||\u00a0\u00bb hover_enabled=\u00a0\u00bb0&Prime; global_colors_info=\u00a0\u00bb{}\u00a0\u00bb text_line_height__hover_enabled=\u00a0\u00bbon|desktop\u00a0\u00bb sticky_enabled=\u00a0\u00bb0&Prime;]<\/p>\n<h2>ARTICLE 1: PERSONAL DATA<\/h2>\n<p>&nbsp;<\/p>\n<p>Personal data collected by the Cercle Wine Business via its website <a href=\"https:\/\/winebusiness.club\/en\/\">https:\/\/winebusiness.club<\/a> are processed internally only. Under no circumstances will this data be passed on or sold to third parties, nor will it be stored in a database for re-use.<\/p>\n<p>Le Cercle Wine Business keeps the data collected for a period not exceeding 1 year.<\/p>\n<p>The sole purpose of traffic data is to enable us to analyse the number of visits to our information pages in order to improve their content. These statistics enable us to identify the pages most or least viewed, the paths most frequently used and the number of connections per day and per hour....<\/p>\n<p>The data we collect via our contact forms is used to contact you again in the context of a commercial relationship.<\/p>\n<p>&nbsp;<\/p>\n<p>&nbsp;<\/p>\n<h3>1.1. COLLECTION AND PROCESSING OF PERSONAL DATA<\/h3>\n<p>&nbsp;<\/p>\n<p>The data collected: title, surname, first name, telephone number, e-mail address, name of your company in our various forms (contact, membership, etc.).<\/p>\n<p>Your IP address and e-mail address may be collected via Google Analytics.<\/p>\n<p>The data collected is intended for :<\/p>\n<ul style=\"list-style: none;\">\n<li>- To carry out statistical analyses of traffic on the website<\/li>\n<li>- To contact you again as part of a commercial relationship.<\/li>\n<\/ul>\n<p>&nbsp;<\/p>\n<p>We may also use standard Internet technologies, such as scripts, pixels and redirections... Scripts (sometimes called Tags), written in javascript, are programmes that run in your browser and perform various actions, such as sending information to our servers. Scripts are also capable of creating pixels. Pixels (sometimes called transparent GIFs, clear GIFs or web-bugs) are lines of code that display a graphic image (usually invisible) on a web page or in an email. Redirects make a web page available under several page addresses (URLs). When a browser opens a redirection URL, a page with a different URL is opened.<\/p>\n<p>&nbsp;<\/p>\n<h3>1.2. RECIPIENTS OF PERSONAL DATA<\/h3>\n<p>The data is intended for Cercle Wine Business.<\/p>\n<p>&nbsp;<\/p>\n<h3>1.3. DATA SECURITY AND CONFIDENTIALITY<\/h3>\n<p>Cercle Wine Business takes particular care to take all measures to ensure the protection, confidentiality and security of personal data transmitted to it, in compliance with applicable legal provisions.<\/p>\n<p>&nbsp;<\/p>\n<h3>1.4. DATA RETENTION<\/h3>\n<p>The personal data collected will be kept throughout the relationship between you and Cercle Wine Business for a period of 12 months from the end of this relationship. However, data may be kept and archived for a longer period in order to comply with a legal obligation, in accordance with the provisions in force (in particular those set out in the French Commercial Code, the French Civil Code and the French Consumer Code).<\/p>\n<p>&nbsp;<\/p>\n<h3>1.5. RIGHT OF ACCESS, MODIFICATION, RECTIFICATION, OPPOSITION AND DELETION OF PERSONAL DATA<\/h3>\n<p>In accordance with the law \"Informatique et libert\u00e9s n\u00b078-17\" of 6 January 1978, you have the right to access, modify, rectify, oppose and delete data concerning you, by contacting Cercle Wine Business. If Cercle Wine Business deems it necessary, it may ask you to confirm your identity by means of a valid identity document.<\/p>\n<p>- In writing to the following address<br \/>Wine Business Circle<br \/>4 place de Wagram<br \/>75017 Paris<br \/>France<\/p>\n<p>- By e-mail to this address:<br \/><a href=\"mailto:marylenepetit@winebusiness.club\">marylenepetit@winebusiness.club<\/a><\/p>\n<p>&nbsp;<\/p>\n<p>&nbsp;<\/p>\n<h2>INTELLECTUAL PROPERTY<\/h2>\n<p>The website <a href=\"https:\/\/winebusiness.club\/en\/\">https:\/\/winebusiness.club<\/a> is the property of Cercle Wine Business. All content is protected by copyright and image rights.<\/p>\n<p>In accordance with article L. 122-4 of the French Intellectual Property Code, it is forbidden to reproduce, copy, modify, transmit or distribute in any way whatsoever, even partially, on any type of medium, any element from this site without the express prior authorisation of Cercle Wine Business.<\/p>\n<p>Reproductions, transmissions, modifications and re-uses, on paper or electronically, of the said site and the works reproduced therein are authorised solely for personal and private use in accordance with the provisions of article L 122-5 of the French Intellectual Property Code. These reproductions must clearly indicate the source and author of the site and\/or these multimedia works.<\/p>\n<p>Under no circumstances may these reproductions prejudice the rights of third parties.<\/p>\n<p>Reproduction, transmission, modification or re-use of all or part of the site for advertising, commercial or information purposes is strictly prohibited.<\/p>\n<p>&nbsp;<\/p>\n<p>&nbsp;<\/p>\n<h2>RESPONSIBILITY<\/h2>\n<p>&nbsp;<\/p>\n<h3>Links to the winebusiness.club website<\/h3>\n<p>&nbsp;<\/p>\n<p>Cercle Wine Business authorises the creation of a hypertext link to its site, provided that the link is made from the site's home page, that it appears in a new window (no use of frames) and that the information is not used for commercial or advertising purposes.<\/p>\n<p>This authorisation does not apply to websites disseminating information of a pornographic, polemical, racist or xenophobic nature that may generally offend the sensibilities of a large number of people.<\/p>\n<p>Cercle Wine Business reserves the right to request the removal of a link if it considers that the rules defined above have not been respected.<\/p>\n<p>&nbsp;<\/p>\n<p>&nbsp;<\/p>\n<h3>Links on the Cercle Wine Business website to other websites<\/h3>\n<p>Hypertext links have been set up within the cercleeconomyetgrandsvins.com site leading to other sites. Cercle Wine Business accepts no responsibility for their content or for any changes or updates made to them.<\/p>\n<p>The information on the protection of personal data applies only to this site.<\/p>\n<p>&nbsp;<\/p>\n<p>&nbsp;<\/p>\n<h2>IN GENERAL<\/h2>\n<p>&nbsp;<\/p>\n<p>Cercle Wine Business endeavours to provide you with reliable and up-to-date information on this website. Nevertheless, despite all the care taken, the site may contain defects or errors. If you notice any, please let us know so that we can correct them by sending an e-mail. All content is protected by copyright and image rights.<\/p>\n<p>In accordance with article L. 122-4 of the French Intellectual Property Code, it is forbidden to reproduce, copy, modify, transmit or distribute in any way whatsoever, even partially, on any type of medium, any element from this site without the express prior authorisation of Cercle Wine Business.<\/p>\n<p>Reproductions, transmissions, modifications and re-uses, on paper or electronically, of the said site and the works reproduced therein are authorised solely for personal and private use in accordance with the provisions of article L 122-5 of the French Intellectual Property Code. These reproductions must clearly indicate the source and author of the site and\/or these multimedia works.<\/p>\n<p>Under no circumstances may these reproductions prejudice the rights of third parties.<\/p>\n<p>Reproduction, transmission, modification or re-use of all or part of the site for advertising, commercial or information purposes is strictly prohibited.<\/p>\n<p>[\/et_pb_text][\/et_pb_column][\/et_pb_row][\/et_pb_section]<\/p>","protected":false},"excerpt":{"rendered":"<p>ARTICLE 1 : DONN\u00c9ES PERSONNELLES &nbsp; Les donn\u00e9es personnelles collect\u00e9es par le Cercle Wine Business via son site https:\/\/winebusiness.club sont uniquement trait\u00e9es en interne. En aucun cas ces donn\u00e9es ne sont c\u00e9d\u00e9es ou vendues \u00e0 des tiers ni stock\u00e9es dans une base de donn\u00e9es pour \u00eatre r\u00e9utilis\u00e9es. Le Cercle Wine Business conserve les donn\u00e9es recueillies [&hellip;]<\/p>","protected":false},"author":1,"featured_media":0,"parent":0,"menu_order":0,"comment_status":"closed","ping_status":"open","template":"","meta":{"_et_pb_use_builder":"on","_et_pb_old_content":"<!-- wp:heading -->\n<h2>Qui sommes-nous&nbsp;?<\/h2>\n<!-- \/wp:heading -->\n\n<!-- wp:paragraph -->\n<p>L\u2019adresse de notre site Web est&nbsp;: https:\/\/cercleh.cluster023.hosting.ovh.net.<\/p>\n<!-- \/wp:paragraph -->\n\n<!-- wp:heading -->\n<h2>Utilisation des donn\u00e9es personnelles collect\u00e9es<\/h2>\n<!-- \/wp:heading -->\n\n<!-- wp:heading {\"level\":3} -->\n<h3>Commentaires<\/h3>\n<!-- \/wp:heading -->\n\n<!-- wp:paragraph -->\n<p>Quand vous laissez un commentaire sur notre site web, les donn\u00e9es inscrites dans le formulaire de commentaire, mais aussi votre adresse IP et l\u2019agent utilisateur de votre navigateur sont collect\u00e9s pour nous aider \u00e0 la d\u00e9tection des commentaires ind\u00e9sirables.<\/p>\n<!-- \/wp:paragraph -->\n\n<!-- wp:paragraph -->\n<p>Une cha\u00eene anonymis\u00e9e cr\u00e9\u00e9e \u00e0 partir de votre adresse de messagerie (\u00e9galement appel\u00e9e hash) peut \u00eatre envoy\u00e9e au service Gravatar pour v\u00e9rifier si vous utilisez ce dernier. Les clauses de confidentialit\u00e9 du service Gravatar sont disponibles ici&nbsp;: https:\/\/automattic.com\/privacy\/. Apr\u00e8s validation de votre commentaire, votre photo de profil sera visible publiquement \u00e0 cot\u00e9 de votre commentaire.<\/p>\n<!-- \/wp:paragraph -->\n\n<!-- wp:heading {\"level\":3} -->\n<h3>M\u00e9dias<\/h3>\n<!-- \/wp:heading -->\n\n<!-- wp:paragraph -->\n<p>Si vous \u00eates un utilisateur ou une utilisatrice enregistr\u00e9\u00b7e et que vous t\u00e9l\u00e9versez des images sur le site web, nous vous conseillons d\u2019\u00e9viter de t\u00e9l\u00e9verser des images contenant des donn\u00e9es EXIF de coordonn\u00e9es GPS. Les visiteurs de votre site web peuvent t\u00e9l\u00e9charger et extraire des donn\u00e9es de localisation depuis ces images.<\/p>\n<!-- \/wp:paragraph -->\n\n<!-- wp:heading {\"level\":3} -->\n<h3>Formulaires de contact<\/h3>\n<!-- \/wp:heading -->\n\n<!-- wp:heading {\"level\":3} -->\n<h3>Cookies<\/h3>\n<!-- \/wp:heading -->\n\n<!-- wp:paragraph -->\n<p>Si vous d\u00e9posez un commentaire sur notre site, il vous sera propos\u00e9 d\u2019enregistrer votre nom, adresse de messagerie et site web dans des cookies. C\u2019est uniquement pour votre confort afin de ne pas avoir \u00e0 saisir ces informations si vous d\u00e9posez un autre commentaire plus tard. Ces cookies expirent au bout d\u2019un an.<\/p>\n<!-- \/wp:paragraph -->\n\n<!-- wp:paragraph -->\n<p>Si vous vous rendez sur la page de connexion, un cookie temporaire sera cr\u00e9\u00e9 afin de d\u00e9terminer si votre navigateur accepte les cookies. Il ne contient pas de donn\u00e9es personnelles et sera supprim\u00e9 automatiquement \u00e0 la fermeture de votre navigateur.<\/p>\n<!-- \/wp:paragraph -->\n\n<!-- wp:paragraph -->\n<p>Lorsque vous vous connecterez, nous mettrons en place un certain nombre de cookies pour enregistrer vos informations de connexion et vos pr\u00e9f\u00e9rences d\u2019\u00e9cran. La dur\u00e9e de vie d\u2019un cookie de connexion est de deux jours, celle d\u2019un cookie d\u2019option d\u2019\u00e9cran est d\u2019un an. Si vous cochez \u00ab&nbsp;Se souvenir de moi&nbsp;\u00bb, votre cookie de connexion sera conserv\u00e9 pendant deux semaines. Si vous vous d\u00e9connectez de votre compte, le cookie de connexion sera effac\u00e9.<\/p>\n<!-- \/wp:paragraph -->\n\n<!-- wp:paragraph -->\n<p>En modifiant ou en publiant une publication, un cookie suppl\u00e9mentaire sera enregistr\u00e9 dans votre navigateur. Ce cookie ne comprend aucune donn\u00e9e personnelle. Il indique simplement l\u2019ID de la publication que vous venez de modifier. Il expire au bout d\u2019un jour.<\/p>\n<!-- \/wp:paragraph -->\n\n<!-- wp:heading {\"level\":3} -->\n<h3>Contenu embarqu\u00e9 depuis d\u2019autres sites<\/h3>\n<!-- \/wp:heading -->\n\n<!-- wp:paragraph -->\n<p>Les articles de ce site peuvent inclure des contenus int\u00e9gr\u00e9s (par exemple des vid\u00e9os, images, articles\u2026). Le contenu int\u00e9gr\u00e9 depuis d\u2019autres sites se comporte de la m\u00eame mani\u00e8re que si le visiteur se rendait sur cet autre site.<\/p>\n<!-- \/wp:paragraph -->\n\n<!-- wp:paragraph -->\n<p>Ces sites web pourraient collecter des donn\u00e9es sur vous, utiliser des cookies, embarquer des outils de suivis tiers, suivre vos interactions avec ces contenus embarqu\u00e9s si vous disposez d\u2019un compte connect\u00e9 sur leur site web.<\/p>\n<!-- \/wp:paragraph -->\n\n<!-- wp:heading {\"level\":3} -->\n<h3>Statistiques et mesures d\u2019audience<\/h3>\n<!-- \/wp:heading -->\n\n<!-- wp:heading -->\n<h2>Utilisation et transmission de vos donn\u00e9es personnelles<\/h2>\n<!-- \/wp:heading -->\n\n<!-- wp:heading -->\n<h2>Dur\u00e9es de stockage de vos donn\u00e9es<\/h2>\n<!-- \/wp:heading -->\n\n<!-- wp:paragraph -->\n<p>Si vous laissez un commentaire, le commentaire et ses m\u00e9tadonn\u00e9es sont conserv\u00e9s ind\u00e9finiment. Cela permet de reconna\u00eetre et approuver automatiquement les commentaires suivants au lieu de les laisser dans la file de mod\u00e9ration.<\/p>\n<!-- \/wp:paragraph -->\n\n<!-- wp:paragraph -->\n<p>Pour les utilisateurs et utilisatrices qui s\u2019inscrivent sur notre site (si cela est possible), nous stockons \u00e9galement les donn\u00e9es personnelles indiqu\u00e9es dans leur profil. Tous les utilisateurs et utilisatrices peuvent voir, modifier ou supprimer leurs informations personnelles \u00e0 tout moment (\u00e0 l\u2019exception de leur nom d\u2019utilisateur\u00b7ice). Les gestionnaires du site peuvent aussi voir et modifier ces informations.<\/p>\n<!-- \/wp:paragraph -->\n\n<!-- wp:heading -->\n<h2>Les droits que vous avez sur vos donn\u00e9es<\/h2>\n<!-- \/wp:heading -->\n\n<!-- wp:paragraph -->\n<p>Si vous avez un compte ou si vous avez laiss\u00e9 des commentaires sur le site, vous pouvez demander \u00e0 recevoir un fichier contenant toutes les donn\u00e9es personnelles que nous poss\u00e9dons \u00e0 votre sujet, incluant celles que vous nous avez fournies. Vous pouvez \u00e9galement demander la suppression des donn\u00e9es personnelles vous concernant. Cela ne prend pas en compte les donn\u00e9es stock\u00e9es \u00e0 des fins administratives, l\u00e9gales ou pour des raisons de s\u00e9curit\u00e9.<\/p>\n<!-- \/wp:paragraph -->\n\n<!-- wp:heading -->\n<h2>Transmission de vos donn\u00e9es personnelles<\/h2>\n<!-- \/wp:heading -->\n\n<!-- wp:paragraph -->\n<p>Les commentaires des visiteurs peuvent \u00eatre v\u00e9rifi\u00e9s \u00e0 l\u2019aide d\u2019un service automatis\u00e9 de d\u00e9tection des commentaires ind\u00e9sirables.<\/p>\n<!-- \/wp:paragraph -->\n\n<!-- wp:heading -->\n<h2>Informations de contact<\/h2>\n<!-- \/wp:heading -->\n\n<!-- wp:heading -->\n<h2>Informations suppl\u00e9mentaires<\/h2>\n<!-- \/wp:heading -->\n\n<!-- wp:heading {\"level\":3} -->\n<h3>Comment nous prot\u00e9geons vos donn\u00e9es<\/h3>\n<!-- \/wp:heading -->\n\n<!-- wp:heading {\"level\":3} -->\n<h3>Proc\u00e9dures mises en \u0153uvre en cas de fuite de donn\u00e9es<\/h3>\n<!-- \/wp:heading -->\n\n<!-- wp:heading {\"level\":3} -->\n<h3>Les services tiers qui nous transmettent des donn\u00e9es<\/h3>\n<!-- \/wp:heading -->\n\n<!-- wp:heading {\"level\":3} -->\n<h3>Op\u00e9rations de marketing automatis\u00e9 et\/ou de profilage r\u00e9alis\u00e9es \u00e0 l\u2019aide des donn\u00e9es personnelles<\/h3>\n<!-- \/wp:heading -->\n\n<!-- wp:heading {\"level\":3} -->\n<h3>Affichage des informations li\u00e9es aux secteurs soumis \u00e0 des r\u00e9gulations sp\u00e9cifiques<\/h3>\n<!-- \/wp:heading -->","_et_gb_content_width":"","footnotes":""},"class_list":["post-3","page","type-page","status-publish","hentry"],"yoast_head":"<!-- This site is optimized with the Yoast SEO plugin v26.1 - https:\/\/yoast.com\/wordpress\/plugins\/seo\/ -->\n<title>Politique de confidentialit\u00e9 - Cercle Wine Business<\/title>\n<meta name=\"robots\" content=\"index, follow, max-snippet:-1, max-image-preview:large, max-video-preview:-1\" \/>\n<link rel=\"canonical\" href=\"https:\/\/winebusiness.club\/en\/privacy-policy\/\" \/>\n<meta property=\"og:locale\" content=\"en_GB\" \/>\n<meta property=\"og:type\" content=\"article\" \/>\n<meta property=\"og:title\" content=\"Politique de confidentialit\u00e9 - Cercle Wine Business\" \/>\n<meta property=\"og:description\" content=\"ARTICLE 1 : DONN\u00c9ES PERSONNELLES &nbsp; Les donn\u00e9es personnelles collect\u00e9es par le Cercle Wine Business via son site https:\/\/winebusiness.club sont uniquement trait\u00e9es en interne. En aucun cas ces donn\u00e9es ne sont c\u00e9d\u00e9es ou vendues \u00e0 des tiers ni stock\u00e9es dans une base de donn\u00e9es pour \u00eatre r\u00e9utilis\u00e9es. Le Cercle Wine Business conserve les donn\u00e9es recueillies [&hellip;]\" \/>\n<meta property=\"og:url\" content=\"https:\/\/winebusiness.club\/en\/privacy-policy\/\" \/>\n<meta property=\"og:site_name\" content=\"Cercle Wine Business\" \/>\n<meta property=\"article:modified_time\" content=\"2025-10-10T07:36:40+00:00\" \/>\n<meta name=\"twitter:card\" content=\"summary_large_image\" \/>\n<meta name=\"twitter:label1\" content=\"Estimated reading time\" \/>\n\t<meta name=\"twitter:data1\" content=\"8 minutes\" \/>\n<script type=\"application\/ld+json\" class=\"yoast-schema-graph\">{\"@context\":\"https:\/\/schema.org\",\"@graph\":[{\"@type\":\"WebPage\",\"@id\":\"https:\/\/winebusiness.club\/politique-de-confidentialite\/\",\"url\":\"https:\/\/winebusiness.club\/politique-de-confidentialite\/\",\"name\":\"Politique de confidentialit\u00e9 - Cercle Wine Business\",\"isPartOf\":{\"@id\":\"https:\/\/winebusiness.club\/#website\"},\"datePublished\":\"2020-12-02T14:47:13+00:00\",\"dateModified\":\"2025-10-10T07:36:40+00:00\",\"inLanguage\":\"en-GB\",\"potentialAction\":[{\"@type\":\"ReadAction\",\"target\":[\"https:\/\/winebusiness.club\/politique-de-confidentialite\/\"]}]},{\"@type\":\"WebSite\",\"@id\":\"https:\/\/winebusiness.club\/#website\",\"url\":\"https:\/\/winebusiness.club\/\",\"name\":\"Cercle Wine Business\",\"description\":\"D\u00e9couvrez le  Cercle Wine Business\",\"publisher\":{\"@id\":\"https:\/\/winebusiness.club\/#organization\"},\"potentialAction\":[{\"@type\":\"SearchAction\",\"target\":{\"@type\":\"EntryPoint\",\"urlTemplate\":\"https:\/\/winebusiness.club\/?s={search_term_string}\"},\"query-input\":{\"@type\":\"PropertyValueSpecification\",\"valueRequired\":true,\"valueName\":\"search_term_string\"}}],\"inLanguage\":\"en-GB\"},{\"@type\":\"Organization\",\"@id\":\"https:\/\/winebusiness.club\/#organization\",\"name\":\"Cercle WB\",\"url\":\"https:\/\/winebusiness.club\/\",\"logo\":{\"@type\":\"ImageObject\",\"inLanguage\":\"en-GB\",\"@id\":\"https:\/\/winebusiness.club\/#\/schema\/logo\/image\/\",\"url\":\"https:\/\/winebusiness.club\/wp-content\/uploads\/2022\/04\/gold-logo-v2-2.png\",\"contentUrl\":\"https:\/\/winebusiness.club\/wp-content\/uploads\/2022\/04\/gold-logo-v2-2.png\",\"width\":1512,\"height\":1448,\"caption\":\"Cercle WB\"},\"image\":{\"@id\":\"https:\/\/winebusiness.club\/#\/schema\/logo\/image\/\"}}]}<\/script>\n<!-- \/ Yoast SEO plugin. -->","yoast_head_json":{"title":"Politique de confidentialit\u00e9 - Cercle Wine Business","robots":{"index":"index","follow":"follow","max-snippet":"max-snippet:-1","max-image-preview":"max-image-preview:large","max-video-preview":"max-video-preview:-1"},"canonical":"https:\/\/winebusiness.club\/en\/privacy-policy\/","og_locale":"en_GB","og_type":"article","og_title":"Politique de confidentialit\u00e9 - Cercle Wine Business","og_description":"ARTICLE 1 : DONN\u00c9ES PERSONNELLES &nbsp; Les donn\u00e9es personnelles collect\u00e9es par le Cercle Wine Business via son site https:\/\/winebusiness.club sont uniquement trait\u00e9es en interne. En aucun cas ces donn\u00e9es ne sont c\u00e9d\u00e9es ou vendues \u00e0 des tiers ni stock\u00e9es dans une base de donn\u00e9es pour \u00eatre r\u00e9utilis\u00e9es. Le Cercle Wine Business conserve les donn\u00e9es recueillies [&hellip;]","og_url":"https:\/\/winebusiness.club\/en\/privacy-policy\/","og_site_name":"Cercle Wine Business","article_modified_time":"2025-10-10T07:36:40+00:00","twitter_card":"summary_large_image","twitter_misc":{"Estimated reading time":"8 minutes"},"schema":{"@context":"https:\/\/schema.org","@graph":[{"@type":"WebPage","@id":"https:\/\/winebusiness.club\/politique-de-confidentialite\/","url":"https:\/\/winebusiness.club\/politique-de-confidentialite\/","name":"Politique de confidentialit\u00e9 - Cercle Wine Business","isPartOf":{"@id":"https:\/\/winebusiness.club\/#website"},"datePublished":"2020-12-02T14:47:13+00:00","dateModified":"2025-10-10T07:36:40+00:00","inLanguage":"en-GB","potentialAction":[{"@type":"ReadAction","target":["https:\/\/winebusiness.club\/politique-de-confidentialite\/"]}]},{"@type":"WebSite","@id":"https:\/\/winebusiness.club\/#website","url":"https:\/\/winebusiness.club\/","name":"Cercle Wine Business","description":"D\u00e9couvrez le  Cercle Wine Business","publisher":{"@id":"https:\/\/winebusiness.club\/#organization"},"potentialAction":[{"@type":"SearchAction","target":{"@type":"EntryPoint","urlTemplate":"https:\/\/winebusiness.club\/?s={search_term_string}"},"query-input":{"@type":"PropertyValueSpecification","valueRequired":true,"valueName":"search_term_string"}}],"inLanguage":"en-GB"},{"@type":"Organization","@id":"https:\/\/winebusiness.club\/#organization","name":"Cercle WB","url":"https:\/\/winebusiness.club\/","logo":{"@type":"ImageObject","inLanguage":"en-GB","@id":"https:\/\/winebusiness.club\/#\/schema\/logo\/image\/","url":"https:\/\/winebusiness.club\/wp-content\/uploads\/2022\/04\/gold-logo-v2-2.png","contentUrl":"https:\/\/winebusiness.club\/wp-content\/uploads\/2022\/04\/gold-logo-v2-2.png","width":1512,"height":1448,"caption":"Cercle WB"},"image":{"@id":"https:\/\/winebusiness.club\/#\/schema\/logo\/image\/"}}]}},"_links":{"self":[{"href":"https:\/\/winebusiness.club\/en\/wp-json\/wp\/v2\/pages\/3","targetHints":{"allow":["GET"]}}],"collection":[{"href":"https:\/\/winebusiness.club\/en\/wp-json\/wp\/v2\/pages"}],"about":[{"href":"https:\/\/winebusiness.club\/en\/wp-json\/wp\/v2\/types\/page"}],"author":[{"embeddable":true,"href":"https:\/\/winebusiness.club\/en\/wp-json\/wp\/v2\/users\/1"}],"replies":[{"embeddable":true,"href":"https:\/\/winebusiness.club\/en\/wp-json\/wp\/v2\/comments?post=3"}],"version-history":[{"count":11,"href":"https:\/\/winebusiness.club\/en\/wp-json\/wp\/v2\/pages\/3\/revisions"}],"predecessor-version":[{"id":11489,"href":"https:\/\/winebusiness.club\/en\/wp-json\/wp\/v2\/pages\/3\/revisions\/11489"}],"wp:attachment":[{"href":"https:\/\/winebusiness.club\/en\/wp-json\/wp\/v2\/media?parent=3"}],"curies":[{"name":"wp","href":"https:\/\/api.w.org\/{rel}","templated":true}]}}