{"id":26,"date":"2020-12-02T16:11:24","date_gmt":"2020-12-02T15:11:24","guid":{"rendered":"http:\/\/cercleh.cluster023.hosting.ovh.net\/?page_id=26"},"modified":"2025-10-10T11:10:18","modified_gmt":"2025-10-10T09:10:18","slug":"legal-information","status":"publish","type":"page","link":"https:\/\/winebusiness.club\/en\/legal-information\/","title":{"rendered":"Legal information"},"content":{"rendered":"<p>[et_pb_section fb_built=\u00a0\u00bb1&Prime; fullwidth=\u00a0\u00bbon\u00a0\u00bb _builder_version=\u00a0\u00bb4.16&Prime; _module_preset=\u00a0\u00bbdefault\u00a0\u00bb global_colors_info=\u00a0\u00bb{}\u00a0\u00bb][et_pb_fullwidth_image src=\u00a0\u00bbhttps:\/\/winebusiness.club\/wp-content\/uploads\/2020\/12\/AdobeStock_333984826_NB_comp-scaled-e1607502636381.jpg\u00a0\u00bb alt=\u00a0\u00bbcercle economy et grands vins\u00a0\u00bb title_text=\u00a0\u00bbcercle economy et grands vins\u00a0\u00bb _builder_version=\u00a0\u00bb4.16&Prime; _module_preset=\u00a0\u00bbdefault\u00a0\u00bb height=\u00a0\u00bb300px\u00a0\u00bb filter_saturate=\u00a0\u00bb0%\u00a0\u00bb global_colors_info=\u00a0\u00bb{}\u00a0\u00bb][\/et_pb_fullwidth_image][\/et_pb_section][et_pb_section fb_built=\u00a0\u00bb1&Prime; _builder_version=\u00a0\u00bb4.16&Prime; _module_preset=\u00a0\u00bbdefault\u00a0\u00bb global_colors_info=\u00a0\u00bb{}\u00a0\u00bb][et_pb_row admin_label=\u00a0\u00bbTexte en fond\u00a0\u00bb _builder_version=\u00a0\u00bb4.16&Prime; _module_preset=\u00a0\u00bbdefault\u00a0\u00bb positioning=\u00a0\u00bbabsolute\u00a0\u00bb position_origin_a=\u00a0\u00bbtop_right\u00a0\u00bb width=\u00a0\u00bb100%\u00a0\u00bb max_width=\u00a0\u00bb100%\u00a0\u00bb locked=\u00a0\u00bboff\u00a0\u00bb global_colors_info=\u00a0\u00bb{}\u00a0\u00bb][et_pb_column type=\u00a0\u00bb4_4&Prime; _builder_version=\u00a0\u00bb4.16&Prime; _module_preset=\u00a0\u00bbdefault\u00a0\u00bb global_colors_info=\u00a0\u00bb{}\u00a0\u00bb][et_pb_text _builder_version=\u00a0\u00bb4.16&Prime; _module_preset=\u00a0\u00bbdefault\u00a0\u00bb text_font=\u00a0\u00bbNeue Haas Grotesk 75 Bold|900|||||||\u00a0\u00bb text_text_color=\u00a0\u00bb#f2f2f2&Prime; text_font_size=\u00a0\u00bb122px\u00a0\u00bb text_line_height=\u00a0\u00bb1em\u00a0\u00bb text_orientation=\u00a0\u00bbright\u00a0\u00bb global_colors_info=\u00a0\u00bb{}\u00a0\u00bb][\/et_pb_text][\/et_pb_column][\/et_pb_row][et_pb_row _builder_version=\u00a0\u00bb4.16&Prime; _module_preset=\u00a0\u00bbdefault\u00a0\u00bb global_colors_info=\u00a0\u00bb{}\u00a0\u00bb][et_pb_column type=\u00a0\u00bb4_4&Prime; _builder_version=\u00a0\u00bb4.16&Prime; _module_preset=\u00a0\u00bbdefault\u00a0\u00bb global_colors_info=\u00a0\u00bb{}\u00a0\u00bb][et_pb_code admin_label=\u00a0\u00bbFl\u00e8che\u00a0\u00bb _builder_version=\u00a0\u00bb4.16&Prime; _module_preset=\u00a0\u00bbdefault\u00a0\u00bb max_width=\u00a0\u00bb0px\u00a0\u00bb height=\u00a0\u00bb102px\u00a0\u00bb custom_css_before=\u00a0\u00bbcontent: \u00a0\u00bb;||position: absolute;||top: calc(100% &#8211; 25px);||left: -12px;||height: 20px;||width: 20px;||transform: rotate(45deg);||-webkit-transform: rotate(45deg);||border: solid #2E2E2E;||border-width: 0 2px 2px 0;\u00a0\u00bb border_width_left=\u00a0\u00bb2px\u00a0\u00bb global_colors_info=\u00a0\u00bb{}\u00a0\u00bb][\/et_pb_code][et_pb_post_title meta=\u00a0\u00bboff\u00a0\u00bb featured_image=\u00a0\u00bboff\u00a0\u00bb _builder_version=\u00a0\u00bb4.16&Prime; _module_preset=\u00a0\u00bbdefault\u00a0\u00bb title_font=\u00a0\u00bbNeue Haas Grotesk 75 Bold|700|||||||\u00a0\u00bb title_font_size=\u00a0\u00bb69px\u00a0\u00bb title_letter_spacing=\u00a0\u00bb2.07px\u00a0\u00bb global_colors_info=\u00a0\u00bb{}\u00a0\u00bb][\/et_pb_post_title][\/et_pb_column][\/et_pb_row][et_pb_row _builder_version=\u00a0\u00bb4.16&Prime; _module_preset=\u00a0\u00bbdefault\u00a0\u00bb global_colors_info=\u00a0\u00bb{}\u00a0\u00bb][et_pb_column type=\u00a0\u00bb4_4&Prime; _builder_version=\u00a0\u00bb4.16&Prime; _module_preset=\u00a0\u00bbdefault\u00a0\u00bb global_colors_info=\u00a0\u00bb{}\u00a0\u00bb][et_pb_text _builder_version=\u00a0\u00bb4.27.0&Prime; _module_preset=\u00a0\u00bbdefault\u00a0\u00bb hover_enabled=\u00a0\u00bb0&Prime; global_colors_info=\u00a0\u00bb{}\u00a0\u00bb sticky_enabled=\u00a0\u00bb0&Prime;]<\/p>\n<p><strong>Conditions of access to the site<\/strong><\/p>\n<p>Our terms and conditions apply to all users of or visitors to the site. By accessing or visiting this site, you accept our terms and conditions. If you do not accept them, please leave the site now.<\/p>\n<p>Protection of minors: If you are under the legal drinking age in your country, please leave the site now.<\/p>\n<p>&nbsp;<\/p>\n<p><strong>Identity Name<\/strong><\/p>\n<p>Wine Business Circle<br \/>Company name: Strategy Club<br \/>Address: 4 place de Wagram - 75017 Paris<br \/>Contact: Tel. +33 (0)1 89 16 84 71<br \/>Public limited company with capital of \u20ac10,000<br \/>Siren : 891 727 125 R.C.S. Paris<br \/>Legal representative: Xavier Delavaud<\/p>\n<p>&nbsp;<\/p>\n<p><strong>Copyright<\/strong><\/p>\n<p>This entire site is protected by French copyright and intellectual property legislation. Any unauthorised copying, representation or reproduction of all or part of this site or its information is unlawful and constitutes an infringement punishable under the provisions of the French Intellectual Property Code. All reproduction rights are reserved, including for downloadable documents and photographic representations. Reproduction of all or part of this site, including downloadable documents on any medium whatsoever, is strictly prohibited without the express authorisation of Cercle Wine Business. The rights to the photos taken at Wine Business Circle events have been transferred to Wine Business Circle by our official photographers.<\/p>\n<p>&nbsp;<\/p>\n<p><strong>Protection of trademarks and logos<\/strong><\/p>\n<p>Any unauthorised use of one or more trademarks and\/or logos on this site is unlawful and constitutes an infringement punishable under the provisions of the French Intellectual Property Code. Infringement of any of these rights constitutes a criminal offence of counterfeiting (art. L 335-1 to 335-10 of the French Intellectual Property Code).<\/p>\n<p>&nbsp;<\/p>\n<p><strong>Photo credits<\/strong><\/p>\n<p>The photos on this site come from various sources and may not be reproduced without permission.<\/p>\n<p>&nbsp;<\/p>\n<p><strong>Links policy<\/strong><\/p>\n<p>The establishment of a hypertext link to this site requires prior authorisation from Cercle Wine Business. Any link, even if implicitly authorised, must be withdrawn at the request of Cercle Wine Business. In the spirit of the Internet, links to other sites are provided for information only and Cercle Wine Business cannot be held responsible for them.<\/p>\n<p>Protection of personal data - Information technology and civil liberties<br \/>In accordance with French law no. 78-17 of 6 January 1978 on data processing, data files and individual liberties, individuals have the right to access, modify, rectify and delete personal data concerning them. If your photo appears on this site and you no longer wish it to appear, we will remove it at your request.<\/p>\n<p>To exercise these rights, simply write to us at : <a href=\"\/en\/contact\/\">Contact the Wine Business Circle<\/a><\/p>\n<p>&nbsp;<\/p>\n<p><strong>Design - hosting<\/strong><\/p>\n<p>Designed by :\u00a0<a href=\"https:\/\/www.agencepulsi.com\" target=\"_blank\" rel=\"noopener noreferrer\">AgencePulsi.com, communications consultancy in Reims\u00a0<\/a><\/p>\n<p>Hosting: OVH, 2 rue Kellerman 51900 Roubaix, France<\/p>\n<p>&nbsp;<\/p>\n<p><strong>Applicable law - Disputes<\/strong><\/p>\n<p>These general terms and conditions are governed by French law. In the event of a dispute, the French courts shall have exclusive jurisdiction.<\/p>\n<p>ALCOHOL ABUSE IS DANGEROUS FOR YOUR HEALTH. CONSUME IN MODERATION<\/p>\n<p><span>\u00a0<\/span><\/p>\n<p>[\/et_pb_text][\/et_pb_column][\/et_pb_row][et_pb_row _builder_version=\u00a0\u00bb4.16&Prime; _module_preset=\u00a0\u00bbdefault\u00a0\u00bb global_colors_info=\u00a0\u00bb{}\u00a0\u00bb][et_pb_column type=\u00a0\u00bb4_4&Prime; _builder_version=\u00a0\u00bb4.16&Prime; _module_preset=\u00a0\u00bbdefault\u00a0\u00bb global_colors_info=\u00a0\u00bb{}\u00a0\u00bb][et_pb_divider _builder_version=\u00a0\u00bb4.16&Prime; _module_preset=\u00a0\u00bbdefault\u00a0\u00bb global_colors_info=\u00a0\u00bb{}\u00a0\u00bb][\/et_pb_divider][\/et_pb_column][\/et_pb_row][\/et_pb_section]<\/p>","protected":false},"excerpt":{"rendered":"<p>Conditions of access to the site Our general conditions apply to all users of or visitors to the site. By accessing or visiting this site, you accept our terms and conditions. If you do not accept them, please leave the site now. Protection of minors: If you are under the legal age to [...]<\/p>","protected":false},"author":1,"featured_media":0,"parent":0,"menu_order":0,"comment_status":"closed","ping_status":"closed","template":"","meta":{"_et_pb_use_builder":"on","_et_pb_old_content":"<!-- wp:divi\/placeholder \/-->","_et_gb_content_width":"","footnotes":""},"class_list":["post-26","page","type-page","status-publish","hentry"],"yoast_head":"<!-- This site is optimized with the Yoast SEO plugin v26.1 - https:\/\/yoast.com\/wordpress\/plugins\/seo\/ -->\n<title>Mentions l\u00e9gales - Cercle Wine Business<\/title>\n<meta name=\"robots\" content=\"index, follow, max-snippet:-1, max-image-preview:large, max-video-preview:-1\" \/>\n<link rel=\"canonical\" href=\"https:\/\/winebusiness.club\/en\/legal-information\/\" \/>\n<meta property=\"og:locale\" content=\"en_GB\" \/>\n<meta property=\"og:type\" content=\"article\" \/>\n<meta property=\"og:title\" content=\"Mentions l\u00e9gales - Cercle Wine Business\" \/>\n<meta property=\"og:description\" content=\"Conditions d\u2019acc\u00e8s au site Nos conditions g\u00e9n\u00e9rales s&#039;appliquent \u00e0 tous les utilisateurs ou visiteurs du site. L&#039;acc\u00e8s ou la visite de ce site vaut acceptation pure et simple de nos conditions g\u00e9n\u00e9rales. Si vous les refusez, merci de bien vouloir quitter le site maintenant. Protection des mineurs : Si vous n&#039;avez pas l&#039;\u00e2ge l\u00e9gal pour [&hellip;]\" \/>\n<meta property=\"og:url\" content=\"https:\/\/winebusiness.club\/en\/legal-information\/\" \/>\n<meta property=\"og:site_name\" content=\"Cercle Wine Business\" \/>\n<meta property=\"article:modified_time\" content=\"2025-10-10T09:10:18+00:00\" \/>\n<meta name=\"twitter:card\" content=\"summary_large_image\" \/>\n<meta name=\"twitter:label1\" content=\"Estimated reading time\" \/>\n\t<meta name=\"twitter:data1\" content=\"5 minutes\" \/>\n<script type=\"application\/ld+json\" class=\"yoast-schema-graph\">{\"@context\":\"https:\/\/schema.org\",\"@graph\":[{\"@type\":\"WebPage\",\"@id\":\"https:\/\/winebusiness.club\/mentions-legales\/\",\"url\":\"https:\/\/winebusiness.club\/mentions-legales\/\",\"name\":\"Mentions l\u00e9gales - Cercle Wine Business\",\"isPartOf\":{\"@id\":\"https:\/\/winebusiness.club\/#website\"},\"datePublished\":\"2020-12-02T15:11:24+00:00\",\"dateModified\":\"2025-10-10T09:10:18+00:00\",\"inLanguage\":\"en-GB\",\"potentialAction\":[{\"@type\":\"ReadAction\",\"target\":[\"https:\/\/winebusiness.club\/mentions-legales\/\"]}]},{\"@type\":\"WebSite\",\"@id\":\"https:\/\/winebusiness.club\/#website\",\"url\":\"https:\/\/winebusiness.club\/\",\"name\":\"Cercle Wine Business\",\"description\":\"D\u00e9couvrez le  Cercle Wine Business\",\"publisher\":{\"@id\":\"https:\/\/winebusiness.club\/#organization\"},\"potentialAction\":[{\"@type\":\"SearchAction\",\"target\":{\"@type\":\"EntryPoint\",\"urlTemplate\":\"https:\/\/winebusiness.club\/?s={search_term_string}\"},\"query-input\":{\"@type\":\"PropertyValueSpecification\",\"valueRequired\":true,\"valueName\":\"search_term_string\"}}],\"inLanguage\":\"en-GB\"},{\"@type\":\"Organization\",\"@id\":\"https:\/\/winebusiness.club\/#organization\",\"name\":\"Cercle WB\",\"url\":\"https:\/\/winebusiness.club\/\",\"logo\":{\"@type\":\"ImageObject\",\"inLanguage\":\"en-GB\",\"@id\":\"https:\/\/winebusiness.club\/#\/schema\/logo\/image\/\",\"url\":\"https:\/\/winebusiness.club\/wp-content\/uploads\/2022\/04\/gold-logo-v2-2.png\",\"contentUrl\":\"https:\/\/winebusiness.club\/wp-content\/uploads\/2022\/04\/gold-logo-v2-2.png\",\"width\":1512,\"height\":1448,\"caption\":\"Cercle WB\"},\"image\":{\"@id\":\"https:\/\/winebusiness.club\/#\/schema\/logo\/image\/\"}}]}<\/script>\n<!-- \/ Yoast SEO plugin. -->","yoast_head_json":{"title":"Mentions l\u00e9gales - Cercle Wine Business","robots":{"index":"index","follow":"follow","max-snippet":"max-snippet:-1","max-image-preview":"max-image-preview:large","max-video-preview":"max-video-preview:-1"},"canonical":"https:\/\/winebusiness.club\/en\/legal-information\/","og_locale":"en_GB","og_type":"article","og_title":"Mentions l\u00e9gales - Cercle Wine Business","og_description":"Conditions d\u2019acc\u00e8s au site Nos conditions g\u00e9n\u00e9rales s'appliquent \u00e0 tous les utilisateurs ou visiteurs du site. L'acc\u00e8s ou la visite de ce site vaut acceptation pure et simple de nos conditions g\u00e9n\u00e9rales. Si vous les refusez, merci de bien vouloir quitter le site maintenant. Protection des mineurs : Si vous n'avez pas l'\u00e2ge l\u00e9gal pour [&hellip;]","og_url":"https:\/\/winebusiness.club\/en\/legal-information\/","og_site_name":"Cercle Wine Business","article_modified_time":"2025-10-10T09:10:18+00:00","twitter_card":"summary_large_image","twitter_misc":{"Estimated reading time":"5 minutes"},"schema":{"@context":"https:\/\/schema.org","@graph":[{"@type":"WebPage","@id":"https:\/\/winebusiness.club\/mentions-legales\/","url":"https:\/\/winebusiness.club\/mentions-legales\/","name":"Mentions l\u00e9gales - Cercle Wine Business","isPartOf":{"@id":"https:\/\/winebusiness.club\/#website"},"datePublished":"2020-12-02T15:11:24+00:00","dateModified":"2025-10-10T09:10:18+00:00","inLanguage":"en-GB","potentialAction":[{"@type":"ReadAction","target":["https:\/\/winebusiness.club\/mentions-legales\/"]}]},{"@type":"WebSite","@id":"https:\/\/winebusiness.club\/#website","url":"https:\/\/winebusiness.club\/","name":"Cercle Wine Business","description":"D\u00e9couvrez le  Cercle Wine Business","publisher":{"@id":"https:\/\/winebusiness.club\/#organization"},"potentialAction":[{"@type":"SearchAction","target":{"@type":"EntryPoint","urlTemplate":"https:\/\/winebusiness.club\/?s={search_term_string}"},"query-input":{"@type":"PropertyValueSpecification","valueRequired":true,"valueName":"search_term_string"}}],"inLanguage":"en-GB"},{"@type":"Organization","@id":"https:\/\/winebusiness.club\/#organization","name":"Cercle WB","url":"https:\/\/winebusiness.club\/","logo":{"@type":"ImageObject","inLanguage":"en-GB","@id":"https:\/\/winebusiness.club\/#\/schema\/logo\/image\/","url":"https:\/\/winebusiness.club\/wp-content\/uploads\/2022\/04\/gold-logo-v2-2.png","contentUrl":"https:\/\/winebusiness.club\/wp-content\/uploads\/2022\/04\/gold-logo-v2-2.png","width":1512,"height":1448,"caption":"Cercle WB"},"image":{"@id":"https:\/\/winebusiness.club\/#\/schema\/logo\/image\/"}}]}},"_links":{"self":[{"href":"https:\/\/winebusiness.club\/en\/wp-json\/wp\/v2\/pages\/26","targetHints":{"allow":["GET"]}}],"collection":[{"href":"https:\/\/winebusiness.club\/en\/wp-json\/wp\/v2\/pages"}],"about":[{"href":"https:\/\/winebusiness.club\/en\/wp-json\/wp\/v2\/types\/page"}],"author":[{"embeddable":true,"href":"https:\/\/winebusiness.club\/en\/wp-json\/wp\/v2\/users\/1"}],"replies":[{"embeddable":true,"href":"https:\/\/winebusiness.club\/en\/wp-json\/wp\/v2\/comments?post=26"}],"version-history":[{"count":17,"href":"https:\/\/winebusiness.club\/en\/wp-json\/wp\/v2\/pages\/26\/revisions"}],"predecessor-version":[{"id":11491,"href":"https:\/\/winebusiness.club\/en\/wp-json\/wp\/v2\/pages\/26\/revisions\/11491"}],"wp:attachment":[{"href":"https:\/\/winebusiness.club\/en\/wp-json\/wp\/v2\/media?parent=26"}],"curies":[{"name":"wp","href":"https:\/\/api.w.org\/{rel}","templated":true}]}}