{"id":1452,"date":"2021-03-10T09:41:38","date_gmt":"2021-03-10T08:41:38","guid":{"rendered":"https:\/\/winebusiness.club\/?page_id=1452"},"modified":"2022-04-15T12:18:30","modified_gmt":"2022-04-15T10:18:30","slug":"international","status":"publish","type":"page","link":"https:\/\/winebusiness.club\/en\/international\/","title":{"rendered":"International"},"content":{"rendered":"<p>[et_pb_section fb_built=\"1\u2033 fullwidth=\"on \" _builder_version=\"4.6.6\u2033 _module_preset=\"default \" global_colors_info=\"{} \"][et_pb_fullwidth_image src= \"https:\/\/winebusiness.club\/wp-content\/uploads\/2020\/12\/AdobeStock_333984826_NB_comp-scaled-e1607502636381.jpg \" alt= \"cercle economy et grands vins \" title_text=\"cercle economy et grands vins \" _builder_version=\"4.6.6\u2033 _module_preset=\"default \" height=\"300px \" filter_saturate=\"0% \" global_colors_info=\"{} \"][\/et_pb_fullwidth_image][\/et_pb_section][et_pb_section fb_built=\"1\u2033 _builder_version=\"4.6.6\u2033 _module_preset=\"default \" global_colors_info=\"{} \"][et_pb_row _builder_version=\"4.6.6\u2033 _module_preset=\"default \" global_colors_info=\"{} \"][et_pb_column type=\"4_4\u2033 _builder_version=\"4.6.6\u2033 _module_preset=\"default \" global_colors_info=\"{} \"][et_pb_text _builder_version=\"4.6.6\u2033 _module_preset=\"default \" header_text_color=\"#ffffff \" header_2_font=\"|700||||||| \" header_2_text_color=\"#ffffff \" header_2_font_size=\"20px \" global_colors_info=\"{} \"]<\/p>\n<h2>TO BECOME A MEMBER<\/h2>\n<p>[\/et_pb_text][et_pb_text _builder_version=\"4.6.6\u2033 _module_preset=\"default \" text_text_color=\"#ffffff \" custom_padding=\"0px||||| \" global_colors_info=\"{} \"]<\/p>\n<p>Joining the circle<sup><span style=\"font-size: xx-small;\">(1)<\/span>\u00a0<\/sup>is reserved exclusively for company directors and self-employed professionals. It is essential to be sponsored and to pay an entry fee (\u20ac750 excluding VAT), then to subscribe to one of the two annual subscription options:<\/p>\n<p>[\/et_pb_text][\/et_pb_column][\/et_pb_row][et_pb_row admin_label=\"Background text\" _builder_version=\"4.6.6\u2033 _module_preset=\"default \" positioning=\"absolute \" position_origin_a=\"top_right \" width=\"100% \" max_width=\"100% \" locked=\"off \" global_colors_info=\"{} \"][et_pb_column type=\"4_4\u2033 _builder_version=\"4.6.6\u2033 _module_preset=\"default \" global_colors_info=\"{} \"][et_pb_text disabled_on=\"off|off|off \" _builder_version=\"4.6.6\u2033 _module_preset=\"default \" text_font=\"Neue Haas Grotesk 75 Bold|900||||||| \" text_text_color=\"#f2f2f2\u2033 text_font_size=\"122px \" text_line_height= \"1em \" text_orientation=\"right \" text_font_size_tablet= \" \" text_font_size_phone=\"60px \" text_font_size_last_edited=\"on|phone \" global_colors_info=\"{}\"]<\/p>\n<p>The Club<br \/> on an international level<\/p>\n<p>[et_pb_text][\/et_pb_column][\/et_pb_row][et_pb_row _builder_version=\"4.6.6\u2033 _module_preset=\"default \" global_colors_info=\"{} \"][et_pb_column type=\"4_4\u2033 _builder_version=\"4.6.6\u2033 _module_preset=\"default \" global_colors_info=\"{} \"][et_pb_code admin_label=\"Arrow\" _builder_version=\"4.6.6\u2033 _module_preset=\"default \" max_width=\"0px \" height=\"102px \" custom_css_before=\"content: \";||position: absolute;||top: calc(100% - 25px);||left: -12px;||height: 20px;||width: 20px;||transform: rotate(45deg);||-webkit-transform: rotate(45deg);||border: solid #2E2E2E;||border-width: 0 2px 2px 0; \" border_width_left=\"2px \" global_colors_info=\"{}\"][\/et_pb_code][et_pb_post_title meta=\"off \" featured_image=\"off \" _builder_version=\"4.6.6\u2033 _module_preset=\"default \" title_font=\"Neue Haas Grotesk 75 Bold|900||||||| \" title_font_size=\"69px \" title_letter_spacing=\"2.07px \" title_font_size_tablet= \" \" title_font_size_phone=\"49px \" title_font_size_last_edited=\"on|phone \" global_colors_info=\"{} \"][\/et_pb_post_title][\/et_pb_column][\/et_pb_row][et_pb_row _builder_version=\"4.6.6\u2033 _module_preset=\"default \" global_colors_info=\"{} \"][et_pb_column type=\"4_4\u2033 _builder_version=\"4.6.6\u2033 _module_preset=\"default \" global_colors_info=\"{} \"][et_pb_text _builder_version=\"4.14.7\u2033 _module_preset=\"default \" custom_padding=\"||0px||| \" hover_enabled=\"0\u2033 global_colors_info=\"{} \" sticky_enabled=\"0\u2033]<\/p>\n<p>Building on its success in Paris since 1991, Cercle WBC is developing its concept in France and abroad.<\/p>\n<p>It currently has a presence in Luxembourg and Geneva, and will soon be expanding to 8 major cities: London, New York, Monaco, Shanghai, Sydney, Moscow, Tokyo, Dubai...<\/p>\n<p>Club events are held in Michelin-starred or gourmet restaurants.<\/p>\n<p>[\/et_pb_text][\/et_pb_column][\/et_pb_row][et_pb_row column_structure=\"1_3,1_3,1_3\u2033 make_equal=\"on \" _builder_version=\"4.9.1\u2033 _module_preset=\"default \" filter_saturate=\"0% \" locked=\"off \" global_colors_info=\"{} \"][et_pb_column type=\"1_3\u2033 _builder_version=\"4.6.6\u2033 _module_preset=\"default \" filter_saturate=\"101% \" filter_sepia=\"1% \" global_colors_info=\"{} \"][et_pb_cta title=\"Luxembourg \" _builder_version=\"4.9.1\u2033 _dynamic_attributes=\"link_option_url \" _module_preset=\"default \" header_font=\"|700||||||| \" header_font_size=\"35px \" background_enable_color=\"off \" background_image=\"https:\/\/winebusiness.club\/wp-content\/uploads\/2021\/03\/8f1623dbfab1d452523ec98da8764d38_Restaurant3-1920-1920-c-100-300\u00d7300.jpg \" height= \"100% \" link_option_url= \"@ET-DC@eyJkeW5hbWljIjp0cnVlLCJjb250ZW50IjoicG9zdF9saW5rX3VybF9wYWdlIiwic2V0dGluZ3MiOnsicG9zdF9pZCI6IjE0NTkifX0=@ \" header_text_shadow_style=\"preset5\u2033 global_colors_info=\"{}\"]<\/p>\n<p>Nicknamed the \"Gibraltar of the North\", Luxembourg is a crossroads at the heart of Europe, and the continent's leading financial centre.<\/p>\n<p>[et_pb_cta][\/et_pb_column][et_pb_column type=\"1_3\u2033 _builder_version=\"4.6.6\u2033 _module_preset=\"default \" global_colors_info=\"{} \"][et_pb_cta title=\"Gen\u00e8ve \" _builder_version=\"4.14.7\u2033 _dynamic_attributes=\"link_option_url \" _module_preset=\"default \" header_font=\"|700||||||| \" header_font_size=\"35px \" background_enable_color=\"off \" background_image=\"https:\/\/winebusiness.club\/wp-content\/uploads\/2021\/03\/Chateauvieux-Geneve-01-300\u00d7225.jpg \" height= \"100% \" link_option_url= \"@ET-DC@eyJkeW5hbWljIjp0cnVlLCJjb250ZW50IjoicG9zdF9saW5rX3VybF9wYWdlIiwic2V0dGluZ3MiOnsicG9zdF9pZCI6IjE0NjQifX0=@ \" hover_enabled= \"0\u2033 header_text_shadow_style=\"preset5\u2033 locked=\"off\" global_colors_info=\"{}\" sticky_enabled=\"0\u2033]<\/p>\n<p>As the world's largest centre for international cooperation, Geneva is also one of the ten most liveable cities in the world.<\/p>\n<p>[\/et_pb_cta][\/et_pb_column][et_pb_column type=\"1_3\u2033 _builder_version=\"4.6.6\u2033 _module_preset=\"default \" global_colors_info=\"{} \"][et_pb_cta title=\"Coming soon \" _builder_version=\"4.9.1\u2033 _dynamic_attributes=\"link_option_url \" _module_preset=\"default \" header_font=\"|700||||||| \" header_font_size=\"35px \" background_color=\"#000000\u2033 background_enable_image=\"off \" height=\"100% \" link_option_url=\"@ET-DC@eyJkeW5hbWljIjp0cnVlLCJjb250ZW50IjoicG9zdF9saW5rX3VybF9wYWdlIiwic2V0dGluZ3MiOnsicG9zdF9pZCI6IjEyNDAifX0=@ \" header_text_shadow_style=\"preset5\u2033 locked=\"off \" global_colors_info=\"{}\"]<\/p>\n<p>London, New York, Monaco, Shanghai, Sydney, Moscow, Tokyo, Dubai...<\/p>\n<p>[\/et_pb_cta][\/et_pb_column][\/et_pb_row][et_pb_row _builder_version=\"4.6.6\u2033 _module_preset=\"default \" global_colors_info=\"{} \"][et_pb_column type=\"4_4\u2033 _builder_version=\"4.6.6\u2033 _module_preset=\"default \" global_colors_info=\"{} \"][et_pb_divider _builder_version=\"4.6.6\u2033 _module_preset=\"default \" global_colors_info=\"{} \"][\/et_pb_divider][et_pb_text _builder_version=\"4.6.6\u2033 _module_preset=\"default \" text_font=\"|||||||| \" global_colors_info=\"{} \"]<\/p>\n<p><span>Evening timetables will be adapted to the health crisis and in line with government restrictions.<\/span><\/p>\n<p>[\/et_pb_text][\/et_pb_column][\/et_pb_row][\/et_pb_section][et_pb_section fb_built=\"1\u2033 fullwidth=\"on \" _builder_version=\"4.6.6\u2033 _module_preset=\"default \" custom_margin=\"50px||50px||false|false \" locked=\"off \" global_colors_info=\"{}\"][et_pb_fullwidth_image src= \"https:\/\/winebusiness.club\/wp-content\/uploads\/2021\/03\/vineyard-428041.jpg \" title_text=\"Vineyard\" _builder_version=\"4.6.6\u2033 _module_preset=\"default \" height=\"340px \" custom_margin=\"||||false|false \" filter_saturate=\"0% \" global_colors_info=\"{}\"][\/et_pb_fullwidth_image][\/et_pb_section]<\/p>","protected":false},"excerpt":{"rendered":"<p>TO BECOME A MEMBERMembership of the Club(1) is reserved exclusively for company directors and self-employed professionals. It is essential to be sponsored and to pay an entrance fee (\u20ac750 excluding VAT), then to subscribe to one of the two annual subscription options:The Club abroadBuilding on its success in Paris since 1991, the Cercle WBC is developing its concept in [...].<\/p>","protected":false},"author":4,"featured_media":0,"parent":0,"menu_order":0,"comment_status":"closed","ping_status":"closed","template":"","meta":{"_et_pb_use_builder":"on","_et_pb_old_content":"","_et_gb_content_width":"","footnotes":""},"class_list":["post-1452","page","type-page","status-publish","hentry"],"yoast_head":"<!-- This site is optimized with the Yoast SEO plugin v26.1 - https:\/\/yoast.com\/wordpress\/plugins\/seo\/ -->\n<title>International - Cercle Wine Business<\/title>\n<meta name=\"robots\" content=\"index, follow, max-snippet:-1, max-image-preview:large, max-video-preview:-1\" \/>\n<link rel=\"canonical\" href=\"https:\/\/winebusiness.club\/en\/international\/\" \/>\n<meta property=\"og:locale\" content=\"en_GB\" \/>\n<meta property=\"og:type\" content=\"article\" \/>\n<meta property=\"og:title\" content=\"International - Cercle Wine Business\" \/>\n<meta property=\"og:description\" content=\"POUR DEVENIR MEMBREL\u2019adh\u00e9sion au cercle(1)\u00a0est exclusivement r\u00e9serv\u00e9e aux dirigeants d&#039;entreprise et professions lib\u00e9rales. Il est indispensable d\u2019\u00eatre parrain\u00e9 et d\u2019acquitter un droit d\u2019entr\u00e9e (750 \u20ac HT), puis de souscrire \u00e0 l\u2019une des deux formules de cotisations annuelles :Le Club \u00e0 l&#039;internationalFort de son succ\u00e8s \u00e0 Paris depuis 1991, le Cercle WBC d\u00e9veloppe son concept en [&hellip;]\" \/>\n<meta property=\"og:url\" content=\"https:\/\/winebusiness.club\/en\/international\/\" \/>\n<meta property=\"og:site_name\" content=\"Cercle Wine Business\" \/>\n<meta property=\"article:modified_time\" content=\"2022-04-15T10:18:30+00:00\" \/>\n<meta name=\"twitter:card\" content=\"summary_large_image\" \/>\n<meta name=\"twitter:label1\" content=\"Estimated reading time\" \/>\n\t<meta name=\"twitter:data1\" content=\"5 minutes\" \/>\n<script type=\"application\/ld+json\" class=\"yoast-schema-graph\">{\"@context\":\"https:\/\/schema.org\",\"@graph\":[{\"@type\":\"WebPage\",\"@id\":\"https:\/\/winebusiness.club\/international\/\",\"url\":\"https:\/\/winebusiness.club\/international\/\",\"name\":\"International - Cercle Wine Business\",\"isPartOf\":{\"@id\":\"https:\/\/winebusiness.club\/#website\"},\"datePublished\":\"2021-03-10T08:41:38+00:00\",\"dateModified\":\"2022-04-15T10:18:30+00:00\",\"inLanguage\":\"en-GB\",\"potentialAction\":[{\"@type\":\"ReadAction\",\"target\":[\"https:\/\/winebusiness.club\/international\/\"]}]},{\"@type\":\"WebSite\",\"@id\":\"https:\/\/winebusiness.club\/#website\",\"url\":\"https:\/\/winebusiness.club\/\",\"name\":\"Cercle Wine Business\",\"description\":\"D\u00e9couvrez le  Cercle Wine Business\",\"publisher\":{\"@id\":\"https:\/\/winebusiness.club\/#organization\"},\"potentialAction\":[{\"@type\":\"SearchAction\",\"target\":{\"@type\":\"EntryPoint\",\"urlTemplate\":\"https:\/\/winebusiness.club\/?s={search_term_string}\"},\"query-input\":{\"@type\":\"PropertyValueSpecification\",\"valueRequired\":true,\"valueName\":\"search_term_string\"}}],\"inLanguage\":\"en-GB\"},{\"@type\":\"Organization\",\"@id\":\"https:\/\/winebusiness.club\/#organization\",\"name\":\"Cercle WB\",\"url\":\"https:\/\/winebusiness.club\/\",\"logo\":{\"@type\":\"ImageObject\",\"inLanguage\":\"en-GB\",\"@id\":\"https:\/\/winebusiness.club\/#\/schema\/logo\/image\/\",\"url\":\"https:\/\/winebusiness.club\/wp-content\/uploads\/2022\/04\/gold-logo-v2-2.png\",\"contentUrl\":\"https:\/\/winebusiness.club\/wp-content\/uploads\/2022\/04\/gold-logo-v2-2.png\",\"width\":1512,\"height\":1448,\"caption\":\"Cercle WB\"},\"image\":{\"@id\":\"https:\/\/winebusiness.club\/#\/schema\/logo\/image\/\"}}]}<\/script>\n<!-- \/ Yoast SEO plugin. -->","yoast_head_json":{"title":"International - Cercle Wine Business","robots":{"index":"index","follow":"follow","max-snippet":"max-snippet:-1","max-image-preview":"max-image-preview:large","max-video-preview":"max-video-preview:-1"},"canonical":"https:\/\/winebusiness.club\/en\/international\/","og_locale":"en_GB","og_type":"article","og_title":"International - Cercle Wine Business","og_description":"POUR DEVENIR MEMBREL\u2019adh\u00e9sion au cercle(1)\u00a0est exclusivement r\u00e9serv\u00e9e aux dirigeants d'entreprise et professions lib\u00e9rales. Il est indispensable d\u2019\u00eatre parrain\u00e9 et d\u2019acquitter un droit d\u2019entr\u00e9e (750 \u20ac HT), puis de souscrire \u00e0 l\u2019une des deux formules de cotisations annuelles :Le Club \u00e0 l'internationalFort de son succ\u00e8s \u00e0 Paris depuis 1991, le Cercle WBC d\u00e9veloppe son concept en [&hellip;]","og_url":"https:\/\/winebusiness.club\/en\/international\/","og_site_name":"Cercle Wine Business","article_modified_time":"2022-04-15T10:18:30+00:00","twitter_card":"summary_large_image","twitter_misc":{"Estimated reading time":"5 minutes"},"schema":{"@context":"https:\/\/schema.org","@graph":[{"@type":"WebPage","@id":"https:\/\/winebusiness.club\/international\/","url":"https:\/\/winebusiness.club\/international\/","name":"International - Cercle Wine Business","isPartOf":{"@id":"https:\/\/winebusiness.club\/#website"},"datePublished":"2021-03-10T08:41:38+00:00","dateModified":"2022-04-15T10:18:30+00:00","inLanguage":"en-GB","potentialAction":[{"@type":"ReadAction","target":["https:\/\/winebusiness.club\/international\/"]}]},{"@type":"WebSite","@id":"https:\/\/winebusiness.club\/#website","url":"https:\/\/winebusiness.club\/","name":"Cercle Wine Business","description":"D\u00e9couvrez le  Cercle Wine Business","publisher":{"@id":"https:\/\/winebusiness.club\/#organization"},"potentialAction":[{"@type":"SearchAction","target":{"@type":"EntryPoint","urlTemplate":"https:\/\/winebusiness.club\/?s={search_term_string}"},"query-input":{"@type":"PropertyValueSpecification","valueRequired":true,"valueName":"search_term_string"}}],"inLanguage":"en-GB"},{"@type":"Organization","@id":"https:\/\/winebusiness.club\/#organization","name":"Cercle WB","url":"https:\/\/winebusiness.club\/","logo":{"@type":"ImageObject","inLanguage":"en-GB","@id":"https:\/\/winebusiness.club\/#\/schema\/logo\/image\/","url":"https:\/\/winebusiness.club\/wp-content\/uploads\/2022\/04\/gold-logo-v2-2.png","contentUrl":"https:\/\/winebusiness.club\/wp-content\/uploads\/2022\/04\/gold-logo-v2-2.png","width":1512,"height":1448,"caption":"Cercle WB"},"image":{"@id":"https:\/\/winebusiness.club\/#\/schema\/logo\/image\/"}}]}},"_links":{"self":[{"href":"https:\/\/winebusiness.club\/en\/wp-json\/wp\/v2\/pages\/1452","targetHints":{"allow":["GET"]}}],"collection":[{"href":"https:\/\/winebusiness.club\/en\/wp-json\/wp\/v2\/pages"}],"about":[{"href":"https:\/\/winebusiness.club\/en\/wp-json\/wp\/v2\/types\/page"}],"author":[{"embeddable":true,"href":"https:\/\/winebusiness.club\/en\/wp-json\/wp\/v2\/users\/4"}],"replies":[{"embeddable":true,"href":"https:\/\/winebusiness.club\/en\/wp-json\/wp\/v2\/comments?post=1452"}],"version-history":[{"count":23,"href":"https:\/\/winebusiness.club\/en\/wp-json\/wp\/v2\/pages\/1452\/revisions"}],"predecessor-version":[{"id":3059,"href":"https:\/\/winebusiness.club\/en\/wp-json\/wp\/v2\/pages\/1452\/revisions\/3059"}],"wp:attachment":[{"href":"https:\/\/winebusiness.club\/en\/wp-json\/wp\/v2\/media?parent=1452"}],"curies":[{"name":"wp","href":"https:\/\/api.w.org\/{rel}","templated":true}]}}