{"id":11770,"date":"2025-12-04T15:48:55","date_gmt":"2025-12-04T14:48:55","guid":{"rendered":"https:\/\/winebusiness.club\/?page_id=11770"},"modified":"2025-12-08T17:58:29","modified_gmt":"2025-12-08T16:58:29","slug":"11770-2","status":"publish","type":"page","link":"https:\/\/winebusiness.club\/en\/11770-2\/","title":{"rendered":"Brussels"},"content":{"rendered":"<p>[et_pb_section fb_built=\"1\u2033 fullwidth=\"on \" _builder_version=\"4.16\u2033 _module_preset=\"default \" global_colors_info=\"{} \"][et_pb_fullwidth_image src=\"https:\/\/winebusiness.club\/wp-content\/uploads\/2020\/12\/AdobeStock_333984826_NB_comp-scaled-e1607502636381.jpg \" alt=\"cercle economy et grands vins\" title_text=\"cercle economy et grands vins\" _builder_version=\"4.16\u2033 _module_preset=\"default \" height=\"300px \" filter_saturate=\"0% \" global_colors_info=\"{} \"][\/et_pb_fullwidth_image][\/et_pb_section][et_pb_section fb_built=\"1\u2033 _builder_version=\"4.16\u2033 _module_preset=\"default \" background_image=\"https:\/\/winebusiness.club\/wp-content\/uploads\/2022\/01\/Only-Circle-in-White.png \" global_colors_info=\"{}\"][et_pb_row admin_label=\"Text in background\" _builder_version=\"4.16\u2033 _module_preset=\"default \" positioning=\"absolute \" position_origin_a=\"top_right \" width=\"100% \" max_width=\"100% \" locked=\"off \" global_colors_info=\"{} \"][et_pb_column type=\"4_4\u2033 _builder_version=\"4.16\u2033 _module_preset=\"default \" global_colors_info=\"{} \"][et_pb_text disabled_on=\"off|off|off \" _builder_version=\"4.16\u2033 _module_preset=\"default \" text_font=\"Neue Haas Grotesk 75 Bold|900||||||| \" text_text_color=\"#f2f2f2\u2033 text_font_size=\"122px \" text_line_height=\"1em \" text_orientation=\"right \" text_font_size_tablet= \" \" text_font_size_phone=\"60px \" text_font_size_last_edited=\"on|phone \" global_colors_info=\"{} \"][\/et_pb_text][\/et_pb_column][\/et_pb_row][et_pb_row _builder_version=\"4.16\u2033 _module_preset=\"default \" global_colors_info=\"{} \"][et_pb_column type=\"4_4\u2033 _builder_version=\"4.16\u2033 _module_preset=\"default \" global_colors_info=\"{} \"][et_pb_code admin_label=\"Arrow\" _builder_version=\"4.16\u2033 _module_preset=\"default \" max_width=\"0px \" height=\"102px \" custom_css_before=\"content: \";||position: absolute;||top: calc(100% - 25px);||left: -12px;||height: 20px;||width: 20px;||transform: rotate(45deg);||-webkit-transform: rotate(45deg);||border: solid #2E2E2E;||border-width: 0 2px 2px 0; \" border_width_left=\"2px \" global_colors_info=\"{}\"][\/et_pb_code][et_pb_post_title meta=\"off \" featured_image=\"off \" _builder_version=\"4.24.0\u2033 _module_preset=\"default \" title_font=\"|900||||||| \" title_font_size=\"69px \" title_letter_spacing=\"2.07px \" title_font_size_tablet= \" \" title_font_size_phone=\"49px \" title_font_size_last_edited=\"on|phone \" global_colors_info=\"{} \"][\/et_pb_post_title][\/et_pb_column][\/et_pb_row][et_pb_row _builder_version=\"4.16\u2033 _module_preset=\"default \" global_colors_info=\"{} \"][et_pb_column type=\"4_4\u2033 _builder_version=\"4.16\u2033 _module_preset=\"default \" global_colors_info=\"{} \"][et_pb_text _builder_version=\"4.27.0\u2033 _module_preset=\"default \" custom_padding=\"|||0px|| \" global_colors_info=\"{} \"]<\/p>\n<p>&nbsp;<\/p>\n<p>&nbsp;<\/p>\n<p>[et_pb_text][\/et_pb_column][\/et_pb_row][et_pb_row _builder_version=\"4.16\u2033 _module_preset=\"default \" global_colors_info=\"{} \"][et_pb_column type=\"4_4\u2033 _builder_version=\"4.16\u2033 _module_preset=\"default \" global_colors_info=\"{} \"][et_pb_text _builder_version=\"4.27.0\u2033 _module_preset=\"default \" custom_padding=\"|||0px|| \" global_colors_info=\"{} \"]<\/p>\n<p><span>Founded in 1991, the Wine Business Circle meets at <strong>Brussels <\/strong>and in\u00a0<strong>14 other towns<\/strong>\u00a0at<strong>\u00a0France<\/strong>\u00a0(Paris, Bordeaux, Lille, Lyon, Marseille, Nantes, Nice, Rennes, Strasbourg, Toulouse and Tours) and at\u00a0<strong>International<\/strong> (Luxembourg, Barcelona and Madrid).<\/span><\/p>\n<p><span>The Wine Business Circle continues\u00a0<strong>3 objectives<\/strong>\u00a0:\u00a0<\/span><\/p>\n<ul>\n<li>Find the<span>\u00a0<\/span><strong>France's best wines and winemakers<span>\u00a0<\/span><\/strong>for dinners prepared by exceptional chefs<\/li>\n<li>Supporting<strong><span>\u00a0<\/span>loyalty,<span>\u00a0<\/span><\/strong>by allowing members to invite guests from outside the Circle to each evening (customers, prospective customers, journalists, VIPs, partners, etc.)<\/li>\n<li><span>Enabling<strong>broaden your network of contacts<\/strong>\u00a0meeting many French and international business leaders<\/span><\/li>\n<\/ul>\n<p><span><\/span><\/p>\n<p><span>Evenings in Brussels take place <\/span>around a<span>\u00a0<\/span><strong>wine tasting dinner.<\/strong><\/p>\n<p><span>Each Circle of Brussels event hosts a<\/span><strong><span>\u00a0<\/span>winegrower<\/strong><span>\u00a0and a\u00a0<\/span><strong>personality<span>\u00a0<\/span><\/strong><em>(Christine Lagarde, Rodolphe Saad\u00e9, Christel Heydemann, Muriel P\u00e9nicaud, Matthieu Pigasse, Yannick Bollor\u00e9, Michel-Edouard Leclerc, Anne Lauvergeon, Natacha Polony, Jean-Marie Messier, Clara Gaymard, Jacques Attali, Laurent Dassault, Jean-Bernard L\u00e9vy, Rachida Dati, Pierre-Andr\u00e9 de Chalendar, Thierry Breton, Maxime Saada, Nicolas de Tavernost, Xavier Bertrand, Gilles P\u00e9lisson, Jean-Paul Agon, Pierre Gattaz, Arnaud de Puyfontaine, Thierry Marx, Fr\u00e9d\u00e9ric Mazzella, Luc Ferry, Geoffroy Roux de B\u00e9zieux, Patrick Pouyann\u00e9...<\/em><em>).<\/em><\/p>\n<p>&nbsp;<\/p>\n<p>[et_pb_text][\/et_pb_column][\/et_pb_row][et_pb_row _builder_version=\"4.16\u2033 _module_preset=\"default \" global_colors_info=\"{} \"][et_pb_column type=\"4_4\u2033 _builder_version=\"4.16\u2033 _module_preset=\"default \" global_colors_info=\"{} \"][et_pb_text _builder_version=\"4.27.0\u2033 _module_preset=\"default \" custom_padding=\"||0px||| \" global_colors_info=\"{} \"]<\/p>\n<p>Planning 2026<\/p>\n<p>[et_pb_text][et_pb_toggle title= \"Thursday 9 April* \" _builder_version=\"4.27.0\u2033 _module_preset=\"default \" hover_enabled=\"0\u2033 global_colors_info=\"{} \" sticky_enabled=\"0\u2033]<\/p>\n<p><strong>19h15<\/strong><span>\u00a0- Champagne welcome<\/span><\/p>\n<p><span><strong>19h30<\/strong> - Cocktail tastings<\/span><\/p>\n<p><span><strong><\/strong><\/span><span>Intervention by <strong>Guests of honour<br \/><\/strong><\/span><\/p>\n<p><strong>21h00<\/strong><span>\u00a0<\/span>- Tasting dinner<br \/>Fine wine tasting dinner<\/p>\n<p><strong>23h15<\/strong>\u00a0- End of the evening<\/p>\n<p>The evening will be hosted by <strong>Alain Marty<\/strong>Founder of Cercle Wine Business<\/p>\n<p>*Date to be confirmed<\/p>\n<p>[\/et_pb_toggle][et_pb_text _builder_version=\"4.27.0\u2033 _module_preset=\"default \" global_colors_info=\"{}\"]<\/p>\n<p>&nbsp;<\/p>\n<p>&nbsp;<\/p>\n<p>[et_pb_text][\/et_pb_column][\/et_pb_row][et_pb_row _builder_version=\"4.27.0\u2033 _module_preset=\"default \" global_colors_info=\"{} \"][et_pb_column type=\"4_4\u2033 _builder_version=\"4.27.0\u2033 _module_preset=\"default \" global_colors_info=\"{} \"][et_pb_toggle title=\"MEMBERSHIP\" _builder_version=\"4.27.0\u2033 _module_preset=\"default \" background_enable_color=\"off \" custom_margin=\"||30px|| \" locked=\"off \" global_colors_info=\"{} \"]<\/p>\n<p><strong>Membership of the Wine Business Circle Brussels<\/strong>* is reserved exclusively for company directors and the self-employed.<\/p>\n<p>To become a member, you need to pay an entrance fee** of \u20ac450 excluding VAT, the annual membership fee of \u20ac490 excluding VAT and the price of the dinner of \u20ac195 excluding VAT\/person.<i><\/i><strong><\/strong><\/p>\n<p><strong>Your membership of the Cercle Wine Business Bruxelles gives you free access to the 10 annual CWB Paris tastings at the H\u00f4tel Le Bristol or the Shangri-La Hotel (6pm - 9pm).<\/strong><\/p>\n<p>For further information, please contact Ping Cai on 07 66 81 50 05.<span>\u00a0<\/span><span>-<span style=\"color: #ffffff;\"><a href=\"mailto:pingcai@winebusiness.club\" title=\"pingcai@winebusiness.club\" style=\"color: #ffffff;\">\u00a0<u>pingcai@winebusiness.club<\/u><\/a><\/span><\/span><\/p>\n<p><i>*2 to 4 evenings a year<br \/><\/i><i><strong>**<\/strong>Entrance fee payable in the first year of membership only.<\/i><\/p>\n<p>[et_pb_toggle][\/et_pb_column][\/et_pb_row][et_pb_row _builder_version=\"4.27.0\u2033 _module_preset=\"default \" global_colors_info=\"{} \"][et_pb_column type=\"4_4\u2033 _builder_version=\"4.27.0\u2033 _module_preset=\"default \" global_colors_info=\"{} \"][et_pb_divider color=\"#000000\u2033 _builder_version=\"4.27.0\u2033 _module_preset=\"default \" global_colors_info=\"{} \"][\/et_pb_divider][\/et_pb_column][\/et_pb_row][et_pb_row _builder_version=\"4.27.0\u2033 _module_preset=\"default \" global_colors_info=\"{} \"][et_pb_column type=\"4_4\u2033 _builder_version=\"4.27.0\u2033 _module_preset=\"default \" global_colors_info=\"{} \"][\/et_pb_column][\/et_pb_row][\/et_pb_section][et_pb_section fb_built=\"1\u2033 fullwidth=\"on \" _builder_version=\"4.16\u2033 _module_preset=\"default \" custom_margin=\"50px||50px||false|false \" locked=\"off \" global_colors_info=\"{}\"][et_pb_fullwidth_image src= \"https:\/\/winebusiness.club\/wp-content\/uploads\/2021\/03\/road-428039-e1614766958808.jpg\" title_text=\"road-428039\u2033 _builder_version=\"4.16\u2033 _module_preset=\"default \" background_enable_image=\"off \" height=\"340px \" custom_margin=\"||||false|false \" filter_saturate=\"0% \" global_colors_info=\"{}\"][\/et_pb_fullwidth_image][\/et_pb_section]<\/p>","protected":false},"excerpt":{"rendered":"<p>&nbsp; &nbsp;Founded in 1991, the Cercle Wine Business meets in Brussels and in 14 other cities in France (Paris, Bordeaux, Lille, Lyon, Marseille, Nantes, Nice, Rennes, Strasbourg, Toulouse and Tours) and abroad (Luxembourg, Barcelona and Madrid). The Cercle Wine Business has 3 objectives: to bring together the best French wines and winegrowers for dinners prepared by exceptional chefs to be a source of inspiration for [...]<\/p>","protected":false},"author":5,"featured_media":0,"parent":0,"menu_order":0,"comment_status":"closed","ping_status":"closed","template":"","meta":{"_et_pb_use_builder":"on","_et_pb_old_content":"","_et_gb_content_width":"","footnotes":""},"class_list":["post-11770","page","type-page","status-publish","hentry"],"yoast_head":"<!-- This site is optimized with the Yoast SEO plugin v26.1 - https:\/\/yoast.com\/wordpress\/plugins\/seo\/ -->\n<title>Bruxelles - Cercle Wine Business<\/title>\n<meta name=\"robots\" content=\"index, follow, max-snippet:-1, max-image-preview:large, max-video-preview:-1\" \/>\n<link rel=\"canonical\" href=\"https:\/\/winebusiness.club\/en\/11770-2\/\" \/>\n<meta property=\"og:locale\" content=\"en_GB\" \/>\n<meta property=\"og:type\" content=\"article\" \/>\n<meta property=\"og:title\" content=\"Bruxelles - Cercle Wine Business\" \/>\n<meta property=\"og:description\" content=\"&nbsp; &nbsp;Fond\u00e9 en 1991, le Cercle Wine Business se r\u00e9unit \u00e0 Bruxelles et dans\u00a014 autres villes\u00a0en\u00a0France\u00a0(Paris, Bordeaux, Lille, Lyon, Marseille, Nantes, Nice, Rennes, Strasbourg, Toulouse et Tours) et \u00e0\u00a0l\u2019international (Luxembourg, Barcelone et Madrid). Le Cercle Wine Business poursuit\u00a03 objectifs\u00a0:\u00a0 Retrouver les\u00a0meilleurs vins et vignerons fran\u00e7ais\u00a0\u00e0 l\u2019occasion de diners r\u00e9alis\u00e9s par des chefs d\u2019exception \u00catre un [&hellip;]\" \/>\n<meta property=\"og:url\" content=\"https:\/\/winebusiness.club\/en\/11770-2\/\" \/>\n<meta property=\"og:site_name\" content=\"Cercle Wine Business\" \/>\n<meta property=\"article:modified_time\" content=\"2025-12-08T16:58:29+00:00\" \/>\n<meta name=\"twitter:card\" content=\"summary_large_image\" \/>\n<meta name=\"twitter:label1\" content=\"Estimated reading time\" \/>\n\t<meta name=\"twitter:data1\" content=\"4 minutes\" \/>\n<script type=\"application\/ld+json\" class=\"yoast-schema-graph\">{\"@context\":\"https:\/\/schema.org\",\"@graph\":[{\"@type\":\"WebPage\",\"@id\":\"https:\/\/winebusiness.club\/11770-2\/\",\"url\":\"https:\/\/winebusiness.club\/11770-2\/\",\"name\":\"Bruxelles - Cercle Wine Business\",\"isPartOf\":{\"@id\":\"https:\/\/winebusiness.club\/#website\"},\"datePublished\":\"2025-12-04T14:48:55+00:00\",\"dateModified\":\"2025-12-08T16:58:29+00:00\",\"inLanguage\":\"en-GB\",\"potentialAction\":[{\"@type\":\"ReadAction\",\"target\":[\"https:\/\/winebusiness.club\/11770-2\/\"]}]},{\"@type\":\"WebSite\",\"@id\":\"https:\/\/winebusiness.club\/#website\",\"url\":\"https:\/\/winebusiness.club\/\",\"name\":\"Cercle Wine Business\",\"description\":\"D\u00e9couvrez le  Cercle Wine Business\",\"publisher\":{\"@id\":\"https:\/\/winebusiness.club\/#organization\"},\"potentialAction\":[{\"@type\":\"SearchAction\",\"target\":{\"@type\":\"EntryPoint\",\"urlTemplate\":\"https:\/\/winebusiness.club\/?s={search_term_string}\"},\"query-input\":{\"@type\":\"PropertyValueSpecification\",\"valueRequired\":true,\"valueName\":\"search_term_string\"}}],\"inLanguage\":\"en-GB\"},{\"@type\":\"Organization\",\"@id\":\"https:\/\/winebusiness.club\/#organization\",\"name\":\"Cercle WB\",\"url\":\"https:\/\/winebusiness.club\/\",\"logo\":{\"@type\":\"ImageObject\",\"inLanguage\":\"en-GB\",\"@id\":\"https:\/\/winebusiness.club\/#\/schema\/logo\/image\/\",\"url\":\"https:\/\/winebusiness.club\/wp-content\/uploads\/2022\/04\/gold-logo-v2-2.png\",\"contentUrl\":\"https:\/\/winebusiness.club\/wp-content\/uploads\/2022\/04\/gold-logo-v2-2.png\",\"width\":1512,\"height\":1448,\"caption\":\"Cercle WB\"},\"image\":{\"@id\":\"https:\/\/winebusiness.club\/#\/schema\/logo\/image\/\"}}]}<\/script>\n<!-- \/ Yoast SEO plugin. -->","yoast_head_json":{"title":"Bruxelles - Cercle Wine Business","robots":{"index":"index","follow":"follow","max-snippet":"max-snippet:-1","max-image-preview":"max-image-preview:large","max-video-preview":"max-video-preview:-1"},"canonical":"https:\/\/winebusiness.club\/en\/11770-2\/","og_locale":"en_GB","og_type":"article","og_title":"Bruxelles - Cercle Wine Business","og_description":"&nbsp; &nbsp;Fond\u00e9 en 1991, le Cercle Wine Business se r\u00e9unit \u00e0 Bruxelles et dans\u00a014 autres villes\u00a0en\u00a0France\u00a0(Paris, Bordeaux, Lille, Lyon, Marseille, Nantes, Nice, Rennes, Strasbourg, Toulouse et Tours) et \u00e0\u00a0l\u2019international (Luxembourg, Barcelone et Madrid). Le Cercle Wine Business poursuit\u00a03 objectifs\u00a0:\u00a0 Retrouver les\u00a0meilleurs vins et vignerons fran\u00e7ais\u00a0\u00e0 l\u2019occasion de diners r\u00e9alis\u00e9s par des chefs d\u2019exception \u00catre un [&hellip;]","og_url":"https:\/\/winebusiness.club\/en\/11770-2\/","og_site_name":"Cercle Wine Business","article_modified_time":"2025-12-08T16:58:29+00:00","twitter_card":"summary_large_image","twitter_misc":{"Estimated reading time":"4 minutes"},"schema":{"@context":"https:\/\/schema.org","@graph":[{"@type":"WebPage","@id":"https:\/\/winebusiness.club\/11770-2\/","url":"https:\/\/winebusiness.club\/11770-2\/","name":"Bruxelles - Cercle Wine Business","isPartOf":{"@id":"https:\/\/winebusiness.club\/#website"},"datePublished":"2025-12-04T14:48:55+00:00","dateModified":"2025-12-08T16:58:29+00:00","inLanguage":"en-GB","potentialAction":[{"@type":"ReadAction","target":["https:\/\/winebusiness.club\/11770-2\/"]}]},{"@type":"WebSite","@id":"https:\/\/winebusiness.club\/#website","url":"https:\/\/winebusiness.club\/","name":"Cercle Wine Business","description":"D\u00e9couvrez le  Cercle Wine Business","publisher":{"@id":"https:\/\/winebusiness.club\/#organization"},"potentialAction":[{"@type":"SearchAction","target":{"@type":"EntryPoint","urlTemplate":"https:\/\/winebusiness.club\/?s={search_term_string}"},"query-input":{"@type":"PropertyValueSpecification","valueRequired":true,"valueName":"search_term_string"}}],"inLanguage":"en-GB"},{"@type":"Organization","@id":"https:\/\/winebusiness.club\/#organization","name":"Cercle WB","url":"https:\/\/winebusiness.club\/","logo":{"@type":"ImageObject","inLanguage":"en-GB","@id":"https:\/\/winebusiness.club\/#\/schema\/logo\/image\/","url":"https:\/\/winebusiness.club\/wp-content\/uploads\/2022\/04\/gold-logo-v2-2.png","contentUrl":"https:\/\/winebusiness.club\/wp-content\/uploads\/2022\/04\/gold-logo-v2-2.png","width":1512,"height":1448,"caption":"Cercle WB"},"image":{"@id":"https:\/\/winebusiness.club\/#\/schema\/logo\/image\/"}}]}},"_links":{"self":[{"href":"https:\/\/winebusiness.club\/en\/wp-json\/wp\/v2\/pages\/11770","targetHints":{"allow":["GET"]}}],"collection":[{"href":"https:\/\/winebusiness.club\/en\/wp-json\/wp\/v2\/pages"}],"about":[{"href":"https:\/\/winebusiness.club\/en\/wp-json\/wp\/v2\/types\/page"}],"author":[{"embeddable":true,"href":"https:\/\/winebusiness.club\/en\/wp-json\/wp\/v2\/users\/5"}],"replies":[{"embeddable":true,"href":"https:\/\/winebusiness.club\/en\/wp-json\/wp\/v2\/comments?post=11770"}],"version-history":[{"count":7,"href":"https:\/\/winebusiness.club\/en\/wp-json\/wp\/v2\/pages\/11770\/revisions"}],"predecessor-version":[{"id":11798,"href":"https:\/\/winebusiness.club\/en\/wp-json\/wp\/v2\/pages\/11770\/revisions\/11798"}],"wp:attachment":[{"href":"https:\/\/winebusiness.club\/en\/wp-json\/wp\/v2\/media?parent=11770"}],"curies":[{"name":"wp","href":"https:\/\/api.w.org\/{rel}","templated":true}]}}